{"id":880,"date":"2023-10-18T07:03:36","date_gmt":"2023-10-18T05:03:36","guid":{"rendered":"https:\/\/kayssoun.com\/?post_type=product&#038;p=880"},"modified":"2026-03-09T01:45:32","modified_gmt":"2026-03-09T00:45:32","slug":"rose-musquee","status":"publish","type":"product","link":"https:\/\/kayssoun.com\/en\/boutique\/parfum\/rose-musquee\/","title":{"rendered":"Musk rose"},"content":{"rendered":"<p>D\u00e9couvrez l\u2019essence captivante de notre Rose Musqu\u00e9e, un parfum venant des terres envo\u00fbtantes de l\u2019Inde.<\/p>\n<p>Cette fragrance est extraite avec un art ancestral par des ma\u00eetres parfumeurs.<br \/>\nCe parfum s\u2019ouvre sur des notes de t\u00eate a\u00e9riennes et p\u00e9tillantes, \u00e9voquant la fra\u00eecheur d\u00e9licate de la rose de Damas.<\/p>\n<p>Au c\u0153ur de la fragrance, des notes de jasmin et de gard\u00e9nia apportent une touche florale luxuriante.<\/p>\n<p>Tandis qu\u2019un fond de musc enveloppant laisse une empreinte douce et apaisante.<\/p>\n<p>La texture de ce parfum est l\u00e9g\u00e8rement huileuse, offrant une sensation de luxe raffin\u00e9 \u00e0 chaque application.<br \/>\nSa couleur, d\u2019un blanc-jaune p\u00e2le rappelant la douceur de la vanille, ajoute une dimension visuelle d\u00e9licate \u00e0 son charme.<\/p>\n<p>Ce parfum inspire une \u00e9l\u00e9gance naturelle, une sensation de puret\u00e9 et de s\u00e9r\u00e9nit\u00e9, comme une promenade dans un jardin fleuri au lever du jour.<\/p>\n<p>Chaque flacon est disponible en deux formats :<\/p>\n<p>3 ml, parfait pour \u00eatre gliss\u00e9 dans une petite poche de jean ou dans un portemonnaie pour l\u2019avoir toujours sur soi.<\/p>\n<p>12 ml pour ceux qui souhaitent en profiter plus longuement.<\/p>\n<p>Rose musqu\u00e9e vous invite \u00e0 plonger dans un univers olfactif sophistiqu\u00e9 et intemporel, envo\u00fbtant les sens et \u00e9veillant la curiosit\u00e9.<\/p>\n<p>En restant dans l\u2019esprit de ce parfum, d\u00e9couvrez le parfum Jasmin d\u2019or\u00a0<a href=\"https:\/\/kayssoun.com\/en\/boutique\/parfum\/jasmin-or\/\">https:\/\/kayssoun.com\/boutique\/parfum\/jasmin-or\/<\/a><\/p>\n<p>Et visitez notre TikTok\u00a0<a href=\"https:\/\/www.tiktok.com\/@kayssoun_parfums?_t=ZN-90T0RMlIE1j&amp;_r=1\">https:\/\/www.tiktok.com\/@kayssoun_parfums?_t=ZN-90T0RMlIE1j&amp;_r=1<\/a><\/p>","protected":false},"excerpt":{"rendered":"<p>D\u00e9couvrez rose musqu\u00e9e, un parfum provenant d\u2019Inde, \u00a0\u00e0 la douceur florale et raffin\u00e9. Ces notes de rose de Damas, de jasmin et de Musk cr\u00e9ent une senteur d\u00e9licate, apaisante et naturellement \u00e9l\u00e9gante.<\/p>","protected":false},"featured_media":2539,"comment_status":"open","ping_status":"closed","template":"","meta":[],"product_brand":[],"product_cat":[19],"product_tag":[30,36,43,44],"class_list":{"0":"post-880","1":"product","2":"type-product","3":"status-publish","4":"has-post-thumbnail","6":"product_cat-parfum","7":"product_tag-flowery","8":"product_tag-frais","9":"product_tag-musk","10":"product_tag-rose","12":"first","13":"instock","14":"sale","15":"featured","16":"shipping-taxable","17":"purchasable","18":"product-type-variable","19":"has-default-attributes"},"aioseo_notices":[],"jetpack_sharing_enabled":true,"_links":{"self":[{"href":"https:\/\/kayssoun.com\/en\/wp-json\/wp\/v2\/product\/880","targetHints":{"allow":["GET"]}}],"collection":[{"href":"https:\/\/kayssoun.com\/en\/wp-json\/wp\/v2\/product"}],"about":[{"href":"https:\/\/kayssoun.com\/en\/wp-json\/wp\/v2\/types\/product"}],"replies":[{"embeddable":true,"href":"https:\/\/kayssoun.com\/en\/wp-json\/wp\/v2\/comments?post=880"}],"wp:featuredmedia":[{"embeddable":true,"href":"https:\/\/kayssoun.com\/en\/wp-json\/wp\/v2\/media\/2539"}],"wp:attachment":[{"href":"https:\/\/kayssoun.com\/en\/wp-json\/wp\/v2\/media?parent=880"}],"wp:term":[{"taxonomy":"product_brand","embeddable":true,"href":"https:\/\/kayssoun.com\/en\/wp-json\/wp\/v2\/product_brand?post=880"},{"taxonomy":"product_cat","embeddable":true,"href":"https:\/\/kayssoun.com\/en\/wp-json\/wp\/v2\/product_cat?post=880"},{"taxonomy":"product_tag","embeddable":true,"href":"https:\/\/kayssoun.com\/en\/wp-json\/wp\/v2\/product_tag?post=880"}],"curies":[{"name":"wp","href":"https:\/\/api.w.org\/{rel}","templated":true}]}}