{"id":879,"date":"2023-10-18T07:03:36","date_gmt":"2023-10-18T05:03:36","guid":{"rendered":"https:\/\/kayssoun.com\/?post_type=product&#038;p=879"},"modified":"2026-03-08T05:28:40","modified_gmt":"2026-03-08T04:28:40","slug":"enigma","status":"publish","type":"product","link":"https:\/\/kayssoun.com\/en\/boutique\/parfum\/enigma\/","title":{"rendered":"Enigma"},"content":{"rendered":"<p>\ud83d\udda4 \u00c9nigma \u2013 L\u2019essence mystique des ann\u00e9es 70<\/p>\n<p>Le parfum \u00c9nigma est une cr\u00e9ation unique, inspir\u00e9e de l\u2019\u00e2me libre et r\u00eaveuse des ann\u00e9es 70.<\/p>\n<p>Il \u00e9voque la douceur du patchouli, la chaleur de l\u2019ambre et la profondeur des essences anciennes.<\/p>\n<p>Fabriqu\u00e9 artisanalement en Inde, selon un savoir-faire ancestral, chaque flacon contient l\u2019empreinte d\u2019une tradition mill\u00e9naire.<\/p>\n<p>D\u00e8s les premi\u00e8res notes, l\u2019opium doux s\u2019impose avec \u00e9l\u00e9gance.<\/p>\n<p>Son ar\u00f4me envo\u00fbtant et l\u00e9g\u00e8rement fum\u00e9 transporte instantan\u00e9ment vers les ambiances feutr\u00e9es des ann\u00e9es hippies.<\/p>\n<p>Une pointe d\u2019\u00e9pices orientales vient illuminer cette ouverture sensuelle et audacieuse.<\/p>\n<p>Le c\u0153ur du parfum r\u00e9v\u00e8le un m\u00e9lange chaleureux d\u2019ambre dor\u00e9 et de patchouli bois\u00e9.<\/p>\n<p>Ces notes s\u2019unissent harmonieusement, cr\u00e9ant une sensation apaisante, \u00e0 la fois profonde et enveloppante.<\/p>\n<p>Elles rappellent les encens pr\u00e9cieux de Pondich\u00e9ry, berceau spirituel du parfum.<\/p>\n<p>En fond, la fragrance s\u2019adoucit sur des accords de musc velout\u00e9 et de vanille subtile.<\/p>\n<p>Cette base sensuelle laisse sur la peau un sillage discret, \u00e9l\u00e9gant et hypnotique.<\/p>\n<p>Chaque respiration d\u00e9voile une nouvelle facette, entre myst\u00e8re, chaleur et s\u00e9r\u00e9nit\u00e9.<\/p>\n<p>\u00c9nigma est plus qu\u2019un parfum : c\u2019est une exp\u00e9rience olfactive, un voyage int\u00e9rieur vers l\u2019Inde spirituelle.<\/p>\n<p>Ses effluves feutr\u00e9es et son \u00e9quilibre parfait en font une fragrance inoubliable.<\/p>\n<p>Un parfum authentique et addictif, signature intemporelle de Kayssoun.<\/p>\n<p>Disponible en flacon de 3ml et 12ml selon votre choix.<\/p>\n<p>Pour rester dans cette ambiance olfactif des ann\u00e9es 70, d\u00e9couvrez le Patchouli Royal\u00a0<a href=\"https:\/\/kayssoun.com\/en\/boutique\/parfum\/royal-patchouli\/\">https:\/\/kayssoun.com\/boutique\/parfum\/royal-patchouli\/<\/a><\/p>\n<p>&nbsp;<\/p>\n<p>Visitez notre TikTok Kayssoun\u00a0<a href=\"https:\/\/www.tiktok.com\/@kayssoun_parfums?_t=ZN-90T0RMlIE1j&amp;_r=1\">https:\/\/www.tiktok.com\/@kayssoun_parfums?_t=ZN-90T0RMlIE1j&amp;_r=1<\/a><\/p>\n<p>&nbsp;<\/p>","protected":false},"excerpt":{"rendered":"<p>Le parfum \u00c9nigma m\u00eale l\u2019opium doux, le patchouli et l\u2019ambre dans une cr\u00e9ation artisanale indienne. Un sillage chaud, mystique et envo\u00fbtant.<\/p>","protected":false},"featured_media":2516,"comment_status":"open","ping_status":"closed","template":"","meta":[],"product_brand":[],"product_cat":[19],"product_tag":[34,242,31],"class_list":{"0":"post-879","1":"product","2":"type-product","3":"status-publish","4":"has-post-thumbnail","6":"product_cat-parfum","7":"product_tag-ambre","8":"product_tag-opium","9":"product_tag-patchouli","11":"first","12":"instock","13":"sale","14":"shipping-taxable","15":"purchasable","16":"product-type-variable","17":"has-default-attributes"},"aioseo_notices":[],"jetpack_sharing_enabled":true,"_links":{"self":[{"href":"https:\/\/kayssoun.com\/en\/wp-json\/wp\/v2\/product\/879","targetHints":{"allow":["GET"]}}],"collection":[{"href":"https:\/\/kayssoun.com\/en\/wp-json\/wp\/v2\/product"}],"about":[{"href":"https:\/\/kayssoun.com\/en\/wp-json\/wp\/v2\/types\/product"}],"replies":[{"embeddable":true,"href":"https:\/\/kayssoun.com\/en\/wp-json\/wp\/v2\/comments?post=879"}],"wp:featuredmedia":[{"embeddable":true,"href":"https:\/\/kayssoun.com\/en\/wp-json\/wp\/v2\/media\/2516"}],"wp:attachment":[{"href":"https:\/\/kayssoun.com\/en\/wp-json\/wp\/v2\/media?parent=879"}],"wp:term":[{"taxonomy":"product_brand","embeddable":true,"href":"https:\/\/kayssoun.com\/en\/wp-json\/wp\/v2\/product_brand?post=879"},{"taxonomy":"product_cat","embeddable":true,"href":"https:\/\/kayssoun.com\/en\/wp-json\/wp\/v2\/product_cat?post=879"},{"taxonomy":"product_tag","embeddable":true,"href":"https:\/\/kayssoun.com\/en\/wp-json\/wp\/v2\/product_tag?post=879"}],"curies":[{"name":"wp","href":"https:\/\/api.w.org\/{rel}","templated":true}]}}