{"id":876,"date":"2023-10-18T07:03:35","date_gmt":"2023-10-18T05:03:35","guid":{"rendered":"https:\/\/kayssoun.com\/?post_type=product&#038;p=876"},"modified":"2026-04-04T09:45:05","modified_gmt":"2026-04-04T07:45:05","slug":"douceur-ambre","status":"publish","type":"product","link":"https:\/\/kayssoun.com\/en\/boutique\/parfum\/douceur-ambre\/","title":{"rendered":"Sweet amber"},"content":{"rendered":"<p><span style=\"font-size: 14.4px;\">Le parfum Douceur de l\u2019Ambre \u2013 L\u2019\u00e9l\u00e9gance apaisante de l\u2019Inde.<\/span><\/p>\n<p>Plongez au c\u0153ur de l\u2019Inde avec Douceur de l\u2019Ambre.<\/p>\n<p>Un parfum naturel et artisanal, n\u00e9 du savoir-faire ancestral des ma\u00eetres parfumeurs indiens.<\/p>\n<p>Distill\u00e9 avec soin selon des m\u00e9thodes traditionnelles, il r\u00e9v\u00e8le toute la richesse d\u2019un ambre chaud et subtil, envelopp\u00e9 de musc blanc et de notes solaires aux reflets dor\u00e9s.<\/p>\n<p>Chaque goutte est une invitation au voyage, un souffle venu du Haryana, o\u00f9 les essences s\u2019unissent sous la chaleur du soleil pour cr\u00e9er un \u00e9lixir \u00e0 la fois raffin\u00e9 et apaisant (les caract\u00e9ristiques principales de l\u2019ambre)<br \/>\nSa texture huileuse glisse sur la peau comme une caresse, laissant derri\u00e8re elle un sillage doux, intime et persistant.<\/p>\n<p>Le musc Douceur de l\u2019Ambre capture l\u2019\u00e2me de l\u2019\u00e9l\u00e9gance discr\u00e8te.<\/p>\n<p>Une fragrance qui parle \u00e0 ceux qui pr\u00e9f\u00e8rent la subtilit\u00e9 \u00e0 l\u2019exub\u00e9rance, la profondeur \u00e0 la l\u00e9g\u00e8ret\u00e9.<\/p>\n<p>Un bijou olfactif intemporel, \u00e0 porter comme un secret pr\u00e9cieux, pour soi, ou pour sublimer chaque instant.<\/p>\n<p>Le parfum douceur de l\u2019ambre est disponible en flacon de 3ml et 12ml<\/p>\n<p>&nbsp;<\/p>\n<p>Dans l\u2019esprit de ce somptueux parfum, d\u00e9couvrez \u00e9galement le musc blanc Perle\u00a0<a href=\"https:\/\/kayssoun.com\/en\/boutique\/parfum\/perle\/\">https:\/\/kayssoun.com\/boutique\/parfum\/perle\/<\/a><\/p>\n<p>&nbsp;<\/p>\n<p>Visitez notre page TikTok que nous utilisons pour partager de belles photos de nos parfums\u00a0<a href=\"https:\/\/www.tiktok.com\/@kayssoun_parfums?_t=ZN-90T0RMlIE1j&amp;_r=1\">https:\/\/www.tiktok.com\/@kayssoun_parfums?_t=ZN-90T0RMlIE1j&amp;_r=1<\/a><\/p>","protected":false},"excerpt":{"rendered":"<p>Parfum indien artisanal d\u2019ambre et de musc blanc. \u00c9l\u00e9gant, discret et apaisant, Douceur de l\u2019ambre \u00e9voque la chaleur et la s\u00e9r\u00e9nit\u00e9 de l\u2019Inde.<\/p>","protected":false},"featured_media":3037,"comment_status":"open","ping_status":"closed","template":"","meta":[],"product_brand":[],"product_cat":[19],"product_tag":[34,39],"class_list":{"0":"post-876","1":"product","2":"type-product","3":"status-publish","4":"has-post-thumbnail","6":"product_cat-parfum","7":"product_tag-ambre","8":"product_tag-discret","10":"first","11":"instock","12":"sale","13":"featured","14":"shipping-taxable","15":"purchasable","16":"product-type-variable","17":"has-default-attributes"},"aioseo_notices":[],"jetpack_sharing_enabled":true,"_links":{"self":[{"href":"https:\/\/kayssoun.com\/en\/wp-json\/wp\/v2\/product\/876","targetHints":{"allow":["GET"]}}],"collection":[{"href":"https:\/\/kayssoun.com\/en\/wp-json\/wp\/v2\/product"}],"about":[{"href":"https:\/\/kayssoun.com\/en\/wp-json\/wp\/v2\/types\/product"}],"replies":[{"embeddable":true,"href":"https:\/\/kayssoun.com\/en\/wp-json\/wp\/v2\/comments?post=876"}],"wp:featuredmedia":[{"embeddable":true,"href":"https:\/\/kayssoun.com\/en\/wp-json\/wp\/v2\/media\/3037"}],"wp:attachment":[{"href":"https:\/\/kayssoun.com\/en\/wp-json\/wp\/v2\/media?parent=876"}],"wp:term":[{"taxonomy":"product_brand","embeddable":true,"href":"https:\/\/kayssoun.com\/en\/wp-json\/wp\/v2\/product_brand?post=876"},{"taxonomy":"product_cat","embeddable":true,"href":"https:\/\/kayssoun.com\/en\/wp-json\/wp\/v2\/product_cat?post=876"},{"taxonomy":"product_tag","embeddable":true,"href":"https:\/\/kayssoun.com\/en\/wp-json\/wp\/v2\/product_tag?post=876"}],"curies":[{"name":"wp","href":"https:\/\/api.w.org\/{rel}","templated":true}]}}