{"id":874,"date":"2023-10-18T07:03:36","date_gmt":"2023-10-18T05:03:36","guid":{"rendered":"https:\/\/kayssoun.com\/?post_type=product&#038;p=874"},"modified":"2026-04-04T09:34:14","modified_gmt":"2026-04-04T07:34:14","slug":"vanilla","status":"publish","type":"product","link":"https:\/\/kayssoun.com\/en\/boutique\/parfum\/vanilla\/","title":{"rendered":"Vanilla"},"content":{"rendered":"<p>Vanilla de Kayssoun<\/p>\n<p>Succombez \u00e0 la douceur enveloppante du vanilla, un parfum chaleureux et apaisant, distill\u00e9 avec soin par des ma\u00eetres parfumeurs. Cette fragrance met \u00e0 l\u2019honneur la puret\u00e9 de la vanille naturelle, reconnue pour son ar\u00f4me d\u00e9licat, sucr\u00e9 et r\u00e9confortant.<\/p>\n<p>En notes de t\u00eate : une ouverture douce et lumineuse de fleur d\u2019oranger et de poivre rose, apportant une touche fra\u00eeche et subtilement \u00e9pic\u00e9e.<\/p>\n<p>Puis en notes de c\u0153ur : la vanille d\u00e9voile toute sa rondeur, m\u00eal\u00e9e \u00e0 des nuances cr\u00e9meuses d\u2019amande et de f\u00e8ve tonka pour un c\u0153ur gourmand et soyeux.<\/p>\n<p>Et enfin en notes de fond : un sillage doux et velout\u00e9 de bois de cachemire, de musc et d\u2019une pointe de miel, qui prolonge la chaleur de la vanille sur la peau.<\/p>\n<p>Cette huile parfum\u00e9e \u00e9voque la tendresse, la sensualit\u00e9 et le bien-\u00eatre. Elle se porte comme une caresse, laissant un voile discret et addictif, parfait pour toutes les saisons.<\/p>\n<p>Disponible en flacons 3 ml et 12 ml selon votre choix.<\/p>\n<p>Vanilla de Kayssoun est une ode \u00e0 la simplicit\u00e9 \u00e9l\u00e9gante et au charme naturel.<\/p>\n<p>Dans cette ambiance d\u2019effluves sucr\u00e9es, d\u00e9couvrez musc Mekka Royal\u00a0<a href=\"https:\/\/kayssoun.com\/en\/boutique\/parfum\/mekka-royal\/\">https:\/\/kayssoun.com\/boutique\/parfum\/mekka-royal\/<\/a><\/p>\n<p>&nbsp;<\/p>\n<p>Visitez notre page TikTok\u00a0<a href=\"https:\/\/www.tiktok.com\/@kayssoun_parfums?_t=ZN-90T0RMlIE1j&amp;_r=1\">https:\/\/www.tiktok.com\/@kayssoun_parfums?_t=ZN-90T0RMlIE1j&amp;_r=1<\/a><\/p>","protected":false},"excerpt":{"rendered":"<p><span style=\"font-size: 14.4px;\">Vanilla a de majestueuses effluves sucr\u00e9es, vanill\u00e9es, <\/span><span style=\"font-size: 14.4px;\">chaudes et apaisantes pour le corps et l\u2019esprit. Sa texture huileuse rappelle son origines ancestrales indiennes. <\/span><span style=\"font-size: 14.4px;\">Un parfum populaire dans le monde entier et associer \u00e0 de nombreux tr\u00e9sors olfactifs.<\/span><\/p>","protected":false},"featured_media":3036,"comment_status":"open","ping_status":"closed","template":"","meta":[],"product_brand":[],"product_cat":[19],"product_tag":[35,33,42],"class_list":{"0":"post-874","1":"product","2":"type-product","3":"status-publish","4":"has-post-thumbnail","6":"product_cat-parfum","7":"product_tag-doux","8":"product_tag-sucre","9":"product_tag-vanille","11":"first","12":"instock","13":"sale","14":"shipping-taxable","15":"purchasable","16":"product-type-variable","17":"has-default-attributes"},"aioseo_notices":[],"jetpack_sharing_enabled":true,"_links":{"self":[{"href":"https:\/\/kayssoun.com\/en\/wp-json\/wp\/v2\/product\/874","targetHints":{"allow":["GET"]}}],"collection":[{"href":"https:\/\/kayssoun.com\/en\/wp-json\/wp\/v2\/product"}],"about":[{"href":"https:\/\/kayssoun.com\/en\/wp-json\/wp\/v2\/types\/product"}],"replies":[{"embeddable":true,"href":"https:\/\/kayssoun.com\/en\/wp-json\/wp\/v2\/comments?post=874"}],"wp:featuredmedia":[{"embeddable":true,"href":"https:\/\/kayssoun.com\/en\/wp-json\/wp\/v2\/media\/3036"}],"wp:attachment":[{"href":"https:\/\/kayssoun.com\/en\/wp-json\/wp\/v2\/media?parent=874"}],"wp:term":[{"taxonomy":"product_brand","embeddable":true,"href":"https:\/\/kayssoun.com\/en\/wp-json\/wp\/v2\/product_brand?post=874"},{"taxonomy":"product_cat","embeddable":true,"href":"https:\/\/kayssoun.com\/en\/wp-json\/wp\/v2\/product_cat?post=874"},{"taxonomy":"product_tag","embeddable":true,"href":"https:\/\/kayssoun.com\/en\/wp-json\/wp\/v2\/product_tag?post=874"}],"curies":[{"name":"wp","href":"https:\/\/api.w.org\/{rel}","templated":true}]}}