{"id":873,"date":"2023-10-18T07:03:36","date_gmt":"2023-10-18T05:03:36","guid":{"rendered":"https:\/\/kayssoun.com\/?post_type=product&#038;p=873"},"modified":"2026-03-20T13:24:45","modified_gmt":"2026-03-20T12:24:45","slug":"patchouli-mystique","status":"publish","type":"product","link":"https:\/\/kayssoun.com\/en\/boutique\/parfum\/patchouli-mystique\/","title":{"rendered":"Mystical Patchouli"},"content":{"rendered":"<p>\ud83c\udf3f <span style=\"font-size: 14.4px;\">Patchouli Mystique \u2013 Parfum Signature<\/span><\/p>\n<p>Le Patchouli Mystique est une cr\u00e9ation olfactive audacieuse et raffin\u00e9e, un hommage au patchouli noble revisit\u00e9 avec \u00e9l\u00e9gance.<\/p>\n<p>Ce parfum incarne la profondeur myst\u00e9rieuse du patchouli \u00e9lev\u00e9 au rang d\u2019art, avec une touche subtile de myst\u00e8re.<\/p>\n<p>Ses notes de t\u00eate : ouverture vive et l\u00e9g\u00e8rement verte, m\u00eal\u00e9e d\u2019une pointe aromatique de bergamote ou de menthe douce, pour r\u00e9veiller les sens avec l\u00e9g\u00e8ret\u00e9.<\/p>\n<p>Puis ses notes de c\u0153ur : le patchouli s\u2019impose majestueusement, d\u00e9voilant ses facettes bois\u00e9es, terreuses et r\u00e9sineuses, enrichies de nuances herbac\u00e9es ou min\u00e9rales.<\/p>\n<p>Et enfin se notes de fond : l\u2019essence se fond dans un sillage chaleureux de musc doux, ambre chaud, et une l\u00e9g\u00e8re touche cacao ou chocolat noir en arri\u00e8re-plan, pour une profondeur sensuelle et durable.<\/p>\n<p>Ce parfum r\u00e9v\u00e8le une tenue longue dur\u00e9e et un sillage mod\u00e9r\u00e9, laissant derri\u00e8re lui une aura enveloppante sans exc\u00e8s.<\/p>\n<p>Sa texture est con\u00e7ue pour une application fluide, profonde, valorisant la chaleur de la peau.<\/p>\n<p>La teinte de l\u2019huile est orange, presque ambr\u00e9e, pour \u00e9voquer le caract\u00e8re intense de la fragrance.<\/p>\n<p>Originaire d\u2019Inde, \u00e9labor\u00e9 selon l\u2019art traditionnel de la parfumerie orientale, Patchouli Mystique parle de noblesse, d\u2019authenticit\u00e9 et de passion.<\/p>\n<p>Ce parfum est une rencontre subtile entre l\u2019ombre et la lumi\u00e8re, entre bois exotiques et douceur chaleureuse.<\/p>\n<p>Il s\u00e9duira les amateurs de fragrances bois\u00e9es, myst\u00e9rieuses, qui recherchent une signature forte et \u00e9l\u00e9gante.<\/p>\n<p>Disponible en flacons de 3 ml ou de 12 ml, il invite \u00e0 un voyage olfactif riche, exigeant et profond\u00e9ment sensuel.<\/p>\n<p>Dans cette ambiance olfactive, d\u00e9couvrez le Patchouli Jaipur\u00a0<a href=\"https:\/\/kayssoun.com\/en\/boutique\/parfum\/oud\/patchouli-jaipur\/\">https:\/\/kayssoun.com\/boutique\/parfum\/oud\/patchouli-jaipur\/<\/a><\/p>\n<p>D\u00e9couvrez et soutenez notre TikTok naissant\u00a0<a href=\"https:\/\/www.tiktok.com\/@kayssoun_parfums?_t=ZN-90T0RMlIE1j&amp;_r=1\">https:\/\/www.tiktok.com\/@kayssoun_parfums?_t=ZN-90T0RMlIE1j&amp;_r=1<\/a><\/p>","protected":false},"excerpt":{"rendered":"<p>Le parfum Patchouli Mystique d\u00e9voile un patchouli noble, sophistiqu\u00e9 et profond, enrichi de notes bois\u00e9es, ambr\u00e9es et l\u00e9g\u00e8rement sucr\u00e9es. Un musc myst\u00e9rieux et sensuel.<\/p>","protected":false},"featured_media":2512,"comment_status":"open","ping_status":"closed","template":"","meta":[],"product_brand":[],"product_cat":[19],"product_tag":[241,30,32],"class_list":{"0":"post-873","1":"product","2":"type-product","3":"status-publish","4":"has-post-thumbnail","6":"product_cat-parfum","7":"product_tag-encens","8":"product_tag-flowery","9":"product_tag-terreux","11":"first","12":"instock","13":"sale","14":"featured","15":"shipping-taxable","16":"purchasable","17":"product-type-variable","18":"has-default-attributes"},"aioseo_notices":[],"jetpack_sharing_enabled":true,"_links":{"self":[{"href":"https:\/\/kayssoun.com\/en\/wp-json\/wp\/v2\/product\/873","targetHints":{"allow":["GET"]}}],"collection":[{"href":"https:\/\/kayssoun.com\/en\/wp-json\/wp\/v2\/product"}],"about":[{"href":"https:\/\/kayssoun.com\/en\/wp-json\/wp\/v2\/types\/product"}],"replies":[{"embeddable":true,"href":"https:\/\/kayssoun.com\/en\/wp-json\/wp\/v2\/comments?post=873"}],"wp:featuredmedia":[{"embeddable":true,"href":"https:\/\/kayssoun.com\/en\/wp-json\/wp\/v2\/media\/2512"}],"wp:attachment":[{"href":"https:\/\/kayssoun.com\/en\/wp-json\/wp\/v2\/media?parent=873"}],"wp:term":[{"taxonomy":"product_brand","embeddable":true,"href":"https:\/\/kayssoun.com\/en\/wp-json\/wp\/v2\/product_brand?post=873"},{"taxonomy":"product_cat","embeddable":true,"href":"https:\/\/kayssoun.com\/en\/wp-json\/wp\/v2\/product_cat?post=873"},{"taxonomy":"product_tag","embeddable":true,"href":"https:\/\/kayssoun.com\/en\/wp-json\/wp\/v2\/product_tag?post=873"}],"curies":[{"name":"wp","href":"https:\/\/api.w.org\/{rel}","templated":true}]}}