{"id":872,"date":"2023-10-18T07:03:36","date_gmt":"2023-10-18T05:03:36","guid":{"rendered":"https:\/\/kayssoun.com\/?post_type=product&#038;p=872"},"modified":"2026-02-01T01:52:37","modified_gmt":"2026-02-01T00:52:37","slug":"rose-noire","status":"publish","type":"product","link":"https:\/\/kayssoun.com\/en\/boutique\/parfum\/rose-noire\/","title":{"rendered":"Black Rose"},"content":{"rendered":"<p>Rose Noire is an olfactory delight.<br \/>\nThe freshness of its slightly lemony top note transports us to summer days, when we button our shirts after a shower to start the day in a joyful atmosphere, imbued with the floral fragrance of rose.<br \/>\nIts heart note is more rounded and harmonious, while its base note leaves a pleasant and soft memorable imprint.<\/p>","protected":false},"excerpt":{"rendered":"<p>Rose noire est un d\u00e9lice olfactif qui \u00e9voque l&#8217;\u00e9t\u00e9 avec sa note de t\u00eate citronn\u00e9e, une harmonie florale et une empreinte m\u00e9morable en note de fond.<\/p>","protected":false},"featured_media":934,"comment_status":"open","ping_status":"closed","template":"","meta":[],"product_brand":[],"product_cat":[19],"product_tag":[35,30,44],"class_list":{"0":"post-872","1":"product","2":"type-product","3":"status-publish","4":"has-post-thumbnail","6":"product_cat-parfum","7":"product_tag-doux","8":"product_tag-flowery","9":"product_tag-rose","11":"first","12":"instock","13":"sale","14":"shipping-taxable","15":"purchasable","16":"product-type-variable","17":"has-default-attributes"},"aioseo_notices":[],"jetpack_sharing_enabled":true,"_links":{"self":[{"href":"https:\/\/kayssoun.com\/en\/wp-json\/wp\/v2\/product\/872","targetHints":{"allow":["GET"]}}],"collection":[{"href":"https:\/\/kayssoun.com\/en\/wp-json\/wp\/v2\/product"}],"about":[{"href":"https:\/\/kayssoun.com\/en\/wp-json\/wp\/v2\/types\/product"}],"replies":[{"embeddable":true,"href":"https:\/\/kayssoun.com\/en\/wp-json\/wp\/v2\/comments?post=872"}],"wp:featuredmedia":[{"embeddable":true,"href":"https:\/\/kayssoun.com\/en\/wp-json\/wp\/v2\/media\/934"}],"wp:attachment":[{"href":"https:\/\/kayssoun.com\/en\/wp-json\/wp\/v2\/media?parent=872"}],"wp:term":[{"taxonomy":"product_brand","embeddable":true,"href":"https:\/\/kayssoun.com\/en\/wp-json\/wp\/v2\/product_brand?post=872"},{"taxonomy":"product_cat","embeddable":true,"href":"https:\/\/kayssoun.com\/en\/wp-json\/wp\/v2\/product_cat?post=872"},{"taxonomy":"product_tag","embeddable":true,"href":"https:\/\/kayssoun.com\/en\/wp-json\/wp\/v2\/product_tag?post=872"}],"curies":[{"name":"wp","href":"https:\/\/api.w.org\/{rel}","templated":true}]}}