{"id":869,"date":"2023-10-18T07:03:36","date_gmt":"2023-10-18T05:03:36","guid":{"rendered":"https:\/\/kayssoun.com\/?post_type=product&#038;p=869"},"modified":"2026-04-24T14:19:16","modified_gmt":"2026-04-24T12:19:16","slug":"musc-noir-royal","status":"publish","type":"product","link":"https:\/\/kayssoun.com\/en\/boutique\/parfum\/musc-noir-royal\/","title":{"rendered":"Royal Black Musk"},"content":{"rendered":"<p>Musc Noir Royal \u2013 Kayssoun<\/p>\n<p>D\u00e9couvrez l\u2019essence du raffinement absolu avec le Musc Noir Royal.<\/p>\n<p>Une cr\u00e9ation d\u2019exception fa\u00e7onn\u00e9e en Inde par des ma\u00eetres parfumeurs. V\u00e9ritable bijou olfactif, ce parfum noble s\u00e9duit par la profondeur de son sillage, \u00e0 la fois mystique, sensuel et enveloppant.<\/p>\n<p>Les premi\u00e8res notes s\u2019ouvrent sur une caresse d\u00e9licatement bois\u00e9e et l\u00e9g\u00e8rement fum\u00e9e, \u00e9voquant l\u2019encens et la terre humide apr\u00e8s la pluie. Une entr\u00e9e noble, subtilement verte et min\u00e9rale, qui pr\u00e9pare l\u2019\u00e2me \u00e0 une exp\u00e9rience rare.<\/p>\n<p>Au c\u0153ur du parfum, un musc noir intense se m\u00eale \u00e0 des accords de bois pr\u00e9cieux et de r\u00e9sines, offrant une texture velout\u00e9e et hypnotique. Le parfum se fait plus profond, presque charnel, comme un voile de soie sombre glissant sur la peau.<\/p>\n<p>En fond, le sillage se prolonge avec des nuances chaudes et ambr\u00e9es, enrichies d\u2019un souffle animal et bois\u00e9. C\u2019est une signature royale : majestueuse, \u00e9quilibr\u00e9e, et d\u2019une tenue remarquable.<\/p>\n<p>Chaque goutte de Musc Noir Royal incarne la puissance tranquille et l\u2019\u00e9l\u00e9gance intemporelle. C\u2019est une fragrance de caract\u00e8re, pens\u00e9e pour celles et ceux qui recherchent un parfum unique, magn\u00e9tique, et infiniment distingu\u00e9.<\/p>\n<p>Disponible en flacons 3 ml et 12 ml, il s\u2019impose comme une pi\u00e8ce ma\u00eetresse de la collection Kayssoun \u2014 un parfum qui ne se porte pas simplement : il se vit.<\/p>\n<p>D\u00e9couvrez \u00e9galement le Musk noir de kastouri, une version pure et raffin\u00e9e du musc traditionnel\u00a0<a href=\"https:\/\/kayssoun.com\/en\/boutique\/parfum\/kastouri-noir\/\">https:\/\/kayssoun.com\/boutique\/parfum\/kastouri-noir\/<\/a><\/p>\n<p>&nbsp;<\/p>\n<p>Visitez notre m\u00e9dia TikTok et d\u00e9couvrez nos belles photos et vid\u00e9os\u00a0<a href=\"https:\/\/www.tiktok.com\/@kayssoun_parfums?_t=ZN-90T0RMlIE1j&amp;_r=1\">https:\/\/www.tiktok.com\/@kayssoun_parfums?_t=ZN-90T0RMlIE1j&amp;_r=1<\/a><\/p>","protected":false},"excerpt":{"rendered":"<p>Un parfum populaire, noble et intense m\u00ealant des notes de musc, encens et ambre. Une fragrance profonde et majestueuse, symbole d\u2019\u00e9l\u00e9gance et de myst\u00e8re.<\/p>","protected":false},"featured_media":2447,"comment_status":"open","ping_status":"closed","template":"","meta":[],"product_brand":[],"product_cat":[19],"product_tag":[241,50,238,32],"class_list":{"0":"post-869","1":"product","2":"type-product","3":"status-publish","4":"has-post-thumbnail","6":"product_cat-parfum","7":"product_tag-encens","8":"product_tag-mousse","9":"product_tag-riche","10":"product_tag-terreux","12":"first","13":"instock","14":"sale","15":"shipping-taxable","16":"purchasable","17":"product-type-variable"},"aioseo_notices":[],"jetpack_sharing_enabled":true,"_links":{"self":[{"href":"https:\/\/kayssoun.com\/en\/wp-json\/wp\/v2\/product\/869","targetHints":{"allow":["GET"]}}],"collection":[{"href":"https:\/\/kayssoun.com\/en\/wp-json\/wp\/v2\/product"}],"about":[{"href":"https:\/\/kayssoun.com\/en\/wp-json\/wp\/v2\/types\/product"}],"replies":[{"embeddable":true,"href":"https:\/\/kayssoun.com\/en\/wp-json\/wp\/v2\/comments?post=869"}],"wp:featuredmedia":[{"embeddable":true,"href":"https:\/\/kayssoun.com\/en\/wp-json\/wp\/v2\/media\/2447"}],"wp:attachment":[{"href":"https:\/\/kayssoun.com\/en\/wp-json\/wp\/v2\/media?parent=869"}],"wp:term":[{"taxonomy":"product_brand","embeddable":true,"href":"https:\/\/kayssoun.com\/en\/wp-json\/wp\/v2\/product_brand?post=869"},{"taxonomy":"product_cat","embeddable":true,"href":"https:\/\/kayssoun.com\/en\/wp-json\/wp\/v2\/product_cat?post=869"},{"taxonomy":"product_tag","embeddable":true,"href":"https:\/\/kayssoun.com\/en\/wp-json\/wp\/v2\/product_tag?post=869"}],"curies":[{"name":"wp","href":"https:\/\/api.w.org\/{rel}","templated":true}]}}