{"id":868,"date":"2023-10-18T07:03:36","date_gmt":"2023-10-18T05:03:36","guid":{"rendered":"https:\/\/kayssoun.com\/?post_type=product&#038;p=868"},"modified":"2026-03-20T13:24:45","modified_gmt":"2026-03-20T12:24:45","slug":"paradis","status":"publish","type":"product","link":"https:\/\/kayssoun.com\/en\/boutique\/parfum\/paradis\/","title":{"rendered":"Paradise"},"content":{"rendered":"<p>D\u00e9couvrez l&#8217;essence captivante de Paradis, un parfum unique qui \u00e9voque le myst\u00e8re et l&#8217;\u00e9l\u00e9gance intemporelle.<br \/>\nParadis est un parfum exquis est une symphonie olfactive qui vous transporte vers un monde de sophistication et d&#8217;\u00e9motions.<br \/>\nIts captivating citrus notes envelop you in a veil of softness and sensuality.<br \/>\nThe first notes reveal a lively and sparkling freshness, evoking the purity of a sunny dawn.<br \/>\nThen, the heart of the perfume reveals delicate accords of melon, mango, clementine which evoke inner beauty and femininity.<br \/>\nFinally, the deep and captivating base notes leave a lasting imprint, leaving an unforgettable trail wherever you go.<br \/>\nParadis incarne la confiance en soi et la gr\u00e2ce, parfait pour toutes les occasions sp\u00e9ciales o\u00f9 vous voulez vous d\u00e9marquer.<\/p>\n<p>visitez notre compte TikTok :\u00a0<a href=\"https:\/\/www.tiktok.com\/@kayssoun_parfums?_t=ZN-90T0RMlIE1j&amp;_r=1\">https:\/\/www.tiktok.com\/@kayssoun_parfums?_t=ZN-90T0RMlIE1j&amp;_r=1<\/a><\/p>\n<p>Dans la meme ambiance, d\u00e9couvrez notre musc rose musqu\u00e9e \u00a0<a href=\"https:\/\/kayssoun.com\/en\/boutique\/parfum\/rose-musquee\/\">https:\/\/kayssoun.com\/boutique\/parfum\/rose-musquee\/<\/a><\/p>","protected":false},"excerpt":{"rendered":"<p>Paradis est un parfum envo\u00fbtant qui allie fra\u00eecheur et sophistication pour un sillage inoubliable. Un parfum mixte tr\u00e8s populaire.<\/p>","protected":false},"featured_media":929,"comment_status":"open","ping_status":"closed","template":"","meta":[],"product_brand":[],"product_cat":[19],"product_tag":[35,36,29],"class_list":{"0":"post-868","1":"product","2":"type-product","3":"status-publish","4":"has-post-thumbnail","6":"product_cat-parfum","7":"product_tag-doux","8":"product_tag-frais","9":"product_tag-fruity","11":"first","12":"instock","13":"sale","14":"featured","15":"shipping-taxable","16":"purchasable","17":"product-type-variable","18":"has-default-attributes"},"aioseo_notices":[],"jetpack_sharing_enabled":true,"_links":{"self":[{"href":"https:\/\/kayssoun.com\/en\/wp-json\/wp\/v2\/product\/868","targetHints":{"allow":["GET"]}}],"collection":[{"href":"https:\/\/kayssoun.com\/en\/wp-json\/wp\/v2\/product"}],"about":[{"href":"https:\/\/kayssoun.com\/en\/wp-json\/wp\/v2\/types\/product"}],"replies":[{"embeddable":true,"href":"https:\/\/kayssoun.com\/en\/wp-json\/wp\/v2\/comments?post=868"}],"wp:featuredmedia":[{"embeddable":true,"href":"https:\/\/kayssoun.com\/en\/wp-json\/wp\/v2\/media\/929"}],"wp:attachment":[{"href":"https:\/\/kayssoun.com\/en\/wp-json\/wp\/v2\/media?parent=868"}],"wp:term":[{"taxonomy":"product_brand","embeddable":true,"href":"https:\/\/kayssoun.com\/en\/wp-json\/wp\/v2\/product_brand?post=868"},{"taxonomy":"product_cat","embeddable":true,"href":"https:\/\/kayssoun.com\/en\/wp-json\/wp\/v2\/product_cat?post=868"},{"taxonomy":"product_tag","embeddable":true,"href":"https:\/\/kayssoun.com\/en\/wp-json\/wp\/v2\/product_tag?post=868"}],"curies":[{"name":"wp","href":"https:\/\/api.w.org\/{rel}","templated":true}]}}