{"id":866,"date":"2023-10-18T07:03:36","date_gmt":"2023-10-18T05:03:36","guid":{"rendered":"https:\/\/kayssoun.com\/?post_type=product&#038;p=866"},"modified":"2026-04-04T09:55:54","modified_gmt":"2026-04-04T07:55:54","slug":"majmoua-96","status":"publish","type":"product","link":"https:\/\/kayssoun.com\/en\/boutique\/parfum\/majmoua-96\/","title":{"rendered":"Majmoua 96 Original"},"content":{"rendered":"<p>Majmoua 96 Original \u2013 Kayssoun<\/p>\n<p>Chef-d\u2019\u0153uvre intemporel de la parfumerie indienne.<\/p>\n<p>Le parfum Majmoua 96 est une composition d\u2019une rare complexit\u00e9, symbole d\u2019harmonie et de s\u00e9r\u00e9nit\u00e9.<br \/>\nCr\u00e9\u00e9 par un ma\u00eetre parfumeur, ce parfum mythique unit subtilement la fra\u00eecheur des fleurs \u00e0 la profondeur des bois sacr\u00e9s.<\/p>\n<p>En notes de t\u00eate : une ouverture fra\u00eeche et v\u00e9g\u00e9tale, o\u00f9 se m\u00ealent des touches vertes, florales et l\u00e9g\u00e8rement sucr\u00e9es, \u00e9voquant les jardins indiens apr\u00e8s la pluie.<\/p>\n<p>Puis en notes de c\u0153ur : un c\u0153ur riche et \u00e9quilibr\u00e9, domin\u00e9 par des accords terreux, de racines et de mousse, adoucis par des nuances florales apaisantes.<\/p>\n<p>Et enfin en note de fond : une base chaude et bois\u00e9e, soutenue par le musc, le v\u00e9tiver et le bois de santal, qui laissent sur la peau un sillage calme, spirituel et enveloppant.<\/p>\n<p>Majmua 96 est une fragrance m\u00e9ditative et \u00e9quilibr\u00e9e, parfaite pour ceux qui recherchent une senteur naturelle, profonde et apaisante.<br \/>\nV\u00e9ritable hommage \u00e0 la tradition indienne du attar, il incarne la puret\u00e9, la paix int\u00e9rieure et l\u2019\u00e9l\u00e9gance simple.<\/p>\n<p>Disponible en flacons 3 ml et 12 ml, ce parfum est l\u2019un des tr\u00e9sors olfactifs les plus appr\u00e9ci\u00e9s de la maison Kayssoun.<\/p>\n<p>Dans le m\u00eame esprit, d\u00e9couvrez le v\u00e9tiver imp\u00e9rial\u00a0<a href=\"https:\/\/kayssoun.com\/en\/boutique\/parfum\/vetiver-imperial\/\">https:\/\/kayssoun.com\/boutique\/parfum\/vetiver-imperial\/<\/a><\/p>\n<p>&nbsp;<\/p>\n<p>Visitez notre m\u00e9dia TikTok\u00a0<a href=\"https:\/\/www.tiktok.com\/@kayssoun_parfums?_t=ZN-90T0RMlIE1j&amp;_r=1\">https:\/\/www.tiktok.com\/@kayssoun_parfums?_t=ZN-90T0RMlIE1j&amp;_r=1<\/a><\/p>","protected":false},"excerpt":{"rendered":"<p>Majmoua 96 Original est un parfum indien embl\u00e9matique m\u00ealant \u00a0des effluves de fleurs, de bois pr\u00e9cieux et de musc. Le parfum Majmou\u2019a 96 Original offre une senteur spirituelle, apaisante et \u00e9quilibr\u00e9e, symbole d\u2019harmonie, id\u00e9ale pour la m\u00e9ditation ou les adorations.<\/p>","protected":false},"featured_media":3038,"comment_status":"open","ping_status":"closed","template":"","meta":[],"product_brand":[],"product_cat":[19],"product_tag":[28,43,238,45],"class_list":{"0":"post-866","1":"product","2":"type-product","3":"status-publish","4":"has-post-thumbnail","6":"product_cat-parfum","7":"product_tag-woody","8":"product_tag-musk","9":"product_tag-riche","10":"product_tag-santal","12":"first","13":"instock","14":"sale","15":"featured","16":"shipping-taxable","17":"purchasable","18":"product-type-variable","19":"has-default-attributes"},"aioseo_notices":[],"jetpack_sharing_enabled":true,"_links":{"self":[{"href":"https:\/\/kayssoun.com\/en\/wp-json\/wp\/v2\/product\/866","targetHints":{"allow":["GET"]}}],"collection":[{"href":"https:\/\/kayssoun.com\/en\/wp-json\/wp\/v2\/product"}],"about":[{"href":"https:\/\/kayssoun.com\/en\/wp-json\/wp\/v2\/types\/product"}],"replies":[{"embeddable":true,"href":"https:\/\/kayssoun.com\/en\/wp-json\/wp\/v2\/comments?post=866"}],"wp:featuredmedia":[{"embeddable":true,"href":"https:\/\/kayssoun.com\/en\/wp-json\/wp\/v2\/media\/3038"}],"wp:attachment":[{"href":"https:\/\/kayssoun.com\/en\/wp-json\/wp\/v2\/media?parent=866"}],"wp:term":[{"taxonomy":"product_brand","embeddable":true,"href":"https:\/\/kayssoun.com\/en\/wp-json\/wp\/v2\/product_brand?post=866"},{"taxonomy":"product_cat","embeddable":true,"href":"https:\/\/kayssoun.com\/en\/wp-json\/wp\/v2\/product_cat?post=866"},{"taxonomy":"product_tag","embeddable":true,"href":"https:\/\/kayssoun.com\/en\/wp-json\/wp\/v2\/product_tag?post=866"}],"curies":[{"name":"wp","href":"https:\/\/api.w.org\/{rel}","templated":true}]}}