{"id":865,"date":"2023-10-18T07:03:35","date_gmt":"2023-10-18T05:03:35","guid":{"rendered":"https:\/\/kayssoun.com\/?post_type=product&#038;p=865"},"modified":"2025-12-04T00:42:17","modified_gmt":"2025-12-03T23:42:17","slug":"parfum-velours","status":"publish","type":"product","link":"https:\/\/kayssoun.com\/en\/boutique\/parfum\/parfum-velours\/","title":{"rendered":"Velvet"},"content":{"rendered":"<p>Le parfum Velours, est frais et dynamique, inspir\u00e9 des traditions parfum\u00e9es de l\u2019Inde.<br \/>\nIssu d\u2019une distillation naturelle, il r\u00e9v\u00e8le une composition raffin\u00e9e.<\/p>\n<p>Ses effluves se composent de notes poudr\u00e9es de camphre floral, de muguet, de lilas et de tulipe.<\/p>\n<p>Ces accords d\u00e9licats \u00e9voquent la douceur fruit\u00e9e de la mangue, pr\u00e9sente en note de fond pour une touche exotique et envo\u00fbtante.<\/p>\n<p>Ce parfum Velours festif et jeune s\u00e9duit par sa discr\u00e9tion \u00e9l\u00e9gante.<\/p>\n<p>Sa texture l\u00e9g\u00e8rement huileuse, sa tenue moyenne et son sillage mod\u00e9r\u00e9 en font une fragrance \u00e9quilibr\u00e9e.<\/p>\n<p><span style=\"font-size: 14.4px;\">Id\u00e9ale pour celles et ceux qui aiment c\u00e9l\u00e9brer la vie avec authenticit\u00e9 et l\u00e9g\u00e8ret\u00e9.<\/span><\/p>\n<p>Fabriqu\u00e9 avec soin, le parfum Velours incarne le savoir-faire ancestral de la parfumerie indienne, respectueux de la nature.<\/p>\n<p>Disponible en flacon de 3ml ou 12ml selon vos envies.<\/p>\n<p>Pour prolonger l\u2019exp\u00e9rience des parfums indiens naturels, laissez-vous s\u00e9duire par le Royal patchouli <a href=\"https:\/\/kayssoun.com\/en\/boutique\/parfum\/royal-patchouli\/\">https:\/\/kayssoun.com\/boutique\/parfum\/royal-patchouli\/<\/a><\/p>\n<p>Visitez notre TikTok\u00a0<a href=\"https:\/\/www.tiktok.com\/@kayssoun_parfums?_t=ZN-90T0RMlIE1j&amp;_r=1\">https:\/\/www.tiktok.com\/@kayssoun_parfums?_t=ZN-90T0RMlIE1j&amp;_r=1<\/a><\/p>\n<p>&nbsp;<\/p>","protected":false},"excerpt":{"rendered":"<p>Parfum Velours, une fragrance indienne naturelle, \u00a0alliant la fra\u00eecheur florale et douceur fruit\u00e9e pour une touche l\u00e9g\u00e8re et raffin\u00e9e.<\/p>","protected":false},"featured_media":937,"comment_status":"open","ping_status":"closed","template":"","meta":[],"product_brand":[],"product_cat":[19],"product_tag":[37,35,30,36,29],"class_list":{"0":"post-865","1":"product","2":"type-product","3":"status-publish","4":"has-post-thumbnail","6":"product_cat-parfum","7":"product_tag-camphre","8":"product_tag-doux","9":"product_tag-flowery","10":"product_tag-frais","11":"product_tag-fruity","13":"first","14":"instock","15":"sale","16":"shipping-taxable","17":"purchasable","18":"product-type-variable","19":"has-default-attributes"},"aioseo_notices":[],"jetpack_sharing_enabled":true,"_links":{"self":[{"href":"https:\/\/kayssoun.com\/en\/wp-json\/wp\/v2\/product\/865","targetHints":{"allow":["GET"]}}],"collection":[{"href":"https:\/\/kayssoun.com\/en\/wp-json\/wp\/v2\/product"}],"about":[{"href":"https:\/\/kayssoun.com\/en\/wp-json\/wp\/v2\/types\/product"}],"replies":[{"embeddable":true,"href":"https:\/\/kayssoun.com\/en\/wp-json\/wp\/v2\/comments?post=865"}],"wp:featuredmedia":[{"embeddable":true,"href":"https:\/\/kayssoun.com\/en\/wp-json\/wp\/v2\/media\/937"}],"wp:attachment":[{"href":"https:\/\/kayssoun.com\/en\/wp-json\/wp\/v2\/media?parent=865"}],"wp:term":[{"taxonomy":"product_brand","embeddable":true,"href":"https:\/\/kayssoun.com\/en\/wp-json\/wp\/v2\/product_brand?post=865"},{"taxonomy":"product_cat","embeddable":true,"href":"https:\/\/kayssoun.com\/en\/wp-json\/wp\/v2\/product_cat?post=865"},{"taxonomy":"product_tag","embeddable":true,"href":"https:\/\/kayssoun.com\/en\/wp-json\/wp\/v2\/product_tag?post=865"}],"curies":[{"name":"wp","href":"https:\/\/api.w.org\/{rel}","templated":true}]}}