{"id":864,"date":"2023-10-18T07:03:35","date_gmt":"2023-10-18T05:03:35","guid":{"rendered":"https:\/\/kayssoun.com\/?post_type=product&#038;p=864"},"modified":"2026-04-13T15:05:57","modified_gmt":"2026-04-13T13:05:57","slug":"parfum-frais-kalissa","status":"publish","type":"product","link":"https:\/\/kayssoun.com\/en\/boutique\/parfum\/parfum-frais-kalissa\/","title":{"rendered":"Kalissa"},"content":{"rendered":"<p><span style=\"font-size: 14.4px;\">Parfum frais Kalissa, une symphonie floral, bois\u00e9e et musqu\u00e9e, \u00e0 la texture huileuse et longue tenue.<\/span><\/p>\n<p>Un parfum frais \u00e9l\u00e9gant et raffin\u00e9 qui est un compagnon id\u00e9al pour toutes les occasions, embellissant chaque moment de la journ\u00e9e.<\/p>\n<p>Originaire d\u2019Inde,le parfum Kalissa est le fruit d\u2019un ma\u00eetre parfumeur, r\u00e9alis\u00e9 par distillation, r\u00e9v\u00e9lant toute la subtilit\u00e9 d\u2019un v\u00e9ritable nez. Son sillage mod\u00e9r\u00e9 et son raffinement en font un parfum frais parfait pour l\u2019\u00e9t\u00e9, mais \u00e9galement pour toutes les saisons et tous les \u00e2ges.<\/p>\n<p>Le musc Kalissa, c\u2019est l\u2019incarnation d\u2019une \u00e9l\u00e9gance intemporelle, une invitation \u00e0 la sophistication au quotidien.<\/p>\n<p>Kalissa \u2013 \u00c9l\u00e9gance et Raffinement en Flacon<\/p>\n<p>Disponible en flacon de 3ml ou 12ml selon votre choix.<\/p>\n<p>Parmi les nouveaut\u00e9s, nous vous sugg\u00e9rons\u00a0<a href=\"https:\/\/kayssoun.com\/en\/boutique\/parfum\/eden\/\">https:\/\/kayssoun.com\/boutique\/parfum\/eden\/<\/a><\/p>\n<p>D\u00e9couvrez notre TikTok et les nombreuses photos que nous postons\u00a0<a href=\"https:\/\/www.tiktok.com\/@kayssoun_parfums?_t=ZN-90T0RMlIE1j&amp;_r=1\">https:\/\/www.tiktok.com\/@kayssoun_parfums?_t=ZN-90T0RMlIE1j&amp;_r=1<\/a><\/p>","protected":false},"excerpt":{"rendered":"<p>Parfum frais Kalissa, une symphonie floral, bois\u00e9e et musqu\u00e9e. \u00c9l\u00e9gant et raffin\u00e9, id\u00e9al en toute saison<\/p>","protected":false},"featured_media":3054,"comment_status":"open","ping_status":"closed","template":"","meta":[],"product_brand":[],"product_cat":[19],"product_tag":[28,36],"class_list":{"0":"post-864","1":"product","2":"type-product","3":"status-publish","4":"has-post-thumbnail","6":"product_cat-parfum","7":"product_tag-woody","8":"product_tag-frais","10":"first","11":"instock","12":"sale","13":"shipping-taxable","14":"purchasable","15":"product-type-variable","16":"has-default-attributes"},"aioseo_notices":[],"jetpack_sharing_enabled":true,"_links":{"self":[{"href":"https:\/\/kayssoun.com\/en\/wp-json\/wp\/v2\/product\/864","targetHints":{"allow":["GET"]}}],"collection":[{"href":"https:\/\/kayssoun.com\/en\/wp-json\/wp\/v2\/product"}],"about":[{"href":"https:\/\/kayssoun.com\/en\/wp-json\/wp\/v2\/types\/product"}],"replies":[{"embeddable":true,"href":"https:\/\/kayssoun.com\/en\/wp-json\/wp\/v2\/comments?post=864"}],"wp:featuredmedia":[{"embeddable":true,"href":"https:\/\/kayssoun.com\/en\/wp-json\/wp\/v2\/media\/3054"}],"wp:attachment":[{"href":"https:\/\/kayssoun.com\/en\/wp-json\/wp\/v2\/media?parent=864"}],"wp:term":[{"taxonomy":"product_brand","embeddable":true,"href":"https:\/\/kayssoun.com\/en\/wp-json\/wp\/v2\/product_brand?post=864"},{"taxonomy":"product_cat","embeddable":true,"href":"https:\/\/kayssoun.com\/en\/wp-json\/wp\/v2\/product_cat?post=864"},{"taxonomy":"product_tag","embeddable":true,"href":"https:\/\/kayssoun.com\/en\/wp-json\/wp\/v2\/product_tag?post=864"}],"curies":[{"name":"wp","href":"https:\/\/api.w.org\/{rel}","templated":true}]}}