{"id":863,"date":"2023-10-18T07:03:35","date_gmt":"2023-10-18T05:03:35","guid":{"rendered":"https:\/\/kayssoun.com\/?post_type=product&#038;p=863"},"modified":"2026-01-11T13:50:20","modified_gmt":"2026-01-11T12:50:20","slug":"jasmin-or","status":"publish","type":"product","link":"https:\/\/kayssoun.com\/en\/boutique\/parfum\/jasmin-or\/","title":{"rendered":"Golden Jasmine"},"content":{"rendered":"<p>\ud83c\udf3c <span style=\"font-size: 14.4px;\">Jasmin d\u2019Or \u2013 Voyage floral au c\u0153ur de l\u2019Inde<\/span><\/p>\n<p>Le parfum Jasmin d\u2019Or est une exp\u00e9rience olfactive envo\u00fbtante et lumineuse.<\/p>\n<p>Il \u00e9voque les rives parfum\u00e9es de B\u00e9nar\u00e8s, o\u00f9 les fleurs s\u2019\u00e9panouissent sous le soleil dor\u00e9 du Gange.<\/p>\n<p>Son caract\u00e8re noble et sensuel fait de lui une fragrance irr\u00e9sistible.<\/p>\n<p>D\u00e8s les premi\u00e8res notes, la fleur de jasmin r\u00e9v\u00e8le son \u00e9clat naturel, doux et \u00e9clatant.<\/p>\n<p>Elle se m\u00eale \u00e0 la tulipe fra\u00eeche, d\u00e9licate et printani\u00e8re, pour offrir une ouverture l\u00e9g\u00e8re et florale.<\/p>\n<p>Une pointe d\u2019agrumes vient subtilement \u00e9veiller les sens, ajoutant une fra\u00eecheur p\u00e9tillante et raffin\u00e9e.<\/p>\n<p>En c\u0153ur, le parfum s\u2019enrichit d\u2019accords mielleux et solaires, rappelant la chaleur d\u2019une apr\u00e8s-midi dor\u00e9e.<\/p>\n<p>Des nuances de fleur d\u2019oranger et de ylang-ylang apportent une rondeur voluptueuse et f\u00e9minine.<\/p>\n<p>L\u2019ensemble devient plus profond, sensuel et enivrant sans jamais \u00eatre ent\u00eatant.<\/p>\n<p>Sa note de fond s\u2019ach\u00e8ve sur un mariage \u00e9l\u00e9gant d\u2019ambre doux, de musc blanc et de bois cr\u00e9meux.<\/p>\n<p>Ces notes laissent une trace chaleureuse, apaisante et d\u00e9licatement sucr\u00e9e sur la peau.<\/p>\n<p>Sa texture huileuse sublime chaque note et assure une tenue remarquable tout au long de la journ\u00e9e.<\/p>\n<p>Son sillage est raffin\u00e9, \u00e9quilibr\u00e9 et persistant, une caresse dor\u00e9e qui enveloppe et rassure.<\/p>\n<p>Un parfum addictif, authentique et lumineux, v\u00e9ritable coup de c\u0153ur de Kayssoun.<\/p>\n<p>Disponible en flacon de 3ml et 12ml selon votre choix.<\/p>\n<p>dans le m\u00eame esprit floral, d\u00e9couvrez le parfum \u00c9nigma\u00a0<a href=\"https:\/\/kayssoun.com\/en\/boutique\/parfum\/enigma\/\">https:\/\/kayssoun.com\/boutique\/parfum\/enigma\/<\/a><\/p>\n<p>Visitez notre TikTok kayssoun\u00a0<a href=\"https:\/\/www.tiktok.com\/@kayssoun_parfums?_t=ZN-90T0RMlIE1j&amp;_r=1\">https:\/\/www.tiktok.com\/@kayssoun_parfums?_t=ZN-90T0RMlIE1j&amp;_r=1<\/a><\/p>","protected":false},"excerpt":{"rendered":"<p>Le parfum Jasmin d\u2019or s\u00e9duit par ses notes florales sucr\u00e9es de jasmin et de tulipe, relev\u00e9es de musc. Un parfum dor\u00e9, Doux et envo\u00fbtant.<\/p>","protected":false},"featured_media":2514,"comment_status":"open","ping_status":"closed","template":"","meta":[],"product_brand":[],"product_cat":[19],"product_tag":[35,30],"class_list":{"0":"post-863","1":"product","2":"type-product","3":"status-publish","4":"has-post-thumbnail","6":"product_cat-parfum","7":"product_tag-doux","8":"product_tag-flowery","10":"first","11":"instock","12":"sale","13":"featured","14":"shipping-taxable","15":"purchasable","16":"product-type-variable","17":"has-default-attributes"},"aioseo_notices":[],"jetpack_sharing_enabled":true,"_links":{"self":[{"href":"https:\/\/kayssoun.com\/en\/wp-json\/wp\/v2\/product\/863","targetHints":{"allow":["GET"]}}],"collection":[{"href":"https:\/\/kayssoun.com\/en\/wp-json\/wp\/v2\/product"}],"about":[{"href":"https:\/\/kayssoun.com\/en\/wp-json\/wp\/v2\/types\/product"}],"replies":[{"embeddable":true,"href":"https:\/\/kayssoun.com\/en\/wp-json\/wp\/v2\/comments?post=863"}],"wp:featuredmedia":[{"embeddable":true,"href":"https:\/\/kayssoun.com\/en\/wp-json\/wp\/v2\/media\/2514"}],"wp:attachment":[{"href":"https:\/\/kayssoun.com\/en\/wp-json\/wp\/v2\/media?parent=863"}],"wp:term":[{"taxonomy":"product_brand","embeddable":true,"href":"https:\/\/kayssoun.com\/en\/wp-json\/wp\/v2\/product_brand?post=863"},{"taxonomy":"product_cat","embeddable":true,"href":"https:\/\/kayssoun.com\/en\/wp-json\/wp\/v2\/product_cat?post=863"},{"taxonomy":"product_tag","embeddable":true,"href":"https:\/\/kayssoun.com\/en\/wp-json\/wp\/v2\/product_tag?post=863"}],"curies":[{"name":"wp","href":"https:\/\/api.w.org\/{rel}","templated":true}]}}