{"id":2945,"date":"2026-03-03T12:00:38","date_gmt":"2026-03-03T11:00:38","guid":{"rendered":"https:\/\/kayssoun.com\/?post_type=product&#038;p=2945"},"modified":"2026-04-08T16:00:08","modified_gmt":"2026-04-08T14:00:08","slug":"sana","status":"publish","type":"product","link":"https:\/\/kayssoun.com\/en\/boutique\/parfum\/sana\/","title":{"rendered":"Sana"},"content":{"rendered":"<p class=\"p1\"><span class=\"s1\">Sana \u2013 Parfum \u00e9l\u00e9gant, frais et lumineux<\/span><\/p>\n<p class=\"p1\"><span class=\"s1\">Sana est une cr\u00e9ation olfactive raffin\u00e9e qui incarne l\u2019\u00e9quilibre parfait entre fra\u00eecheur, \u00e9l\u00e9gance et intensit\u00e9.<\/span><\/p>\n<p class=\"p1\"><span class=\"s1\"> Con\u00e7u avec le savoir-faire d\u2019un ma\u00eetre parfumeur indien, ce parfum est \u00e9labor\u00e9 selon un proc\u00e9d\u00e9 traditionnel de distillation, garantissant une qualit\u00e9 d\u2019extraction exceptionnelle et une richesse aromatique authentique.<\/span><\/p>\n<p class=\"p1\"><span class=\"s1\">D\u00e8s les premi\u00e8res effluves, Sana r\u00e9v\u00e8le une sensation de propret\u00e9 et de fra\u00eecheur imm\u00e9diatement perceptible.<br \/>\nSa composition met en avant une rose d\u00e9licate, subtilement travaill\u00e9e, qui apporte une dimension florale \u00e9l\u00e9gante et intemporelle. Cette ouverture, l\u00e9g\u00e8re et a\u00e9rienne, \u00e9voque une sensation de linge propre, de puret\u00e9 et de s\u00e9r\u00e9nit\u00e9.<\/span><\/p>\n<p class=\"p1\"><span class=\"s1\">Notes olfactives :<\/span><\/p>\n<p class=\"p3\"><span class=\"s1\"> \u2022 Notes de t\u00eate : Rose fra\u00eeche et lumineuse<\/span><\/p>\n<p class=\"p3\"><span class=\"s1\"> \u2022 Notes de c\u0153ur : Musc blanc doux et enveloppant<\/span><\/p>\n<p class=\"p3\"><span class=\"s1\"> \u2022 Notes de fond : Bois d\u2019agar (oud) sucr\u00e9, floral et l\u00e9ger<\/span><\/p>\n<p class=\"p3\"><span class=\"s1\">Le musc blanc en c\u0153ur apporte une sensation soyeuse, presque cotonneuse, qui adoucit la composition tout en renfor\u00e7ant son c\u00f4t\u00e9 propre et r\u00e9confortant. En fond, le bois d\u2019agar (oud) vient structurer le parfum avec une touche bois\u00e9e subtilement sucr\u00e9e, sans jamais alourdir l\u2019ensemble. Il reste l\u00e9ger, floral, et parfaitement \u00e9quilibr\u00e9, apportant une profondeur \u00e9l\u00e9gante et persistante.<\/span><\/p>\n<p class=\"p3\"><span class=\"s1\">Sana est un parfum \u00e0 la fois doux et puissant. Sa douceur r\u00e9side dans son musc et sa rose d\u00e9licate, tandis que sa puissance se r\u00e9v\u00e8le dans sa tenue remarquable et son sillage affirm\u00e9. D\u2019apr\u00e8s les nombreux retours d\u2019utilisateurs, Sana offre une tenue exceptionnelle pouvant atteindre jusqu\u2019\u00e0 12 heures, ce qui en fait un parfum fiable et durable tout au long de la journ\u00e9e.<\/span><\/p>\n<p class=\"p3\"><span class=\"s1\">Pr\u00e9sent\u00e9 en flacon de 3ml ou 12ml, il est id\u00e9al pour une utilisation quotidienne, pour les d\u00e9placements ou pour d\u00e9couvrir une signature olfactive unique sans compromis sur la qualit\u00e9. Son format pratique permet de l\u2019emporter partout avec soi, tout en conservant toute la richesse de sa composition.<\/span><\/p>\n<p class=\"p1\"><span class=\"s1\">Sana s\u2019adresse aux amateurs de parfums \u00e9l\u00e9gants, propres et sophistiqu\u00e9s, recherchant une fragrance qui allie tradition et modernit\u00e9. Il convient parfaitement \u00e0 ceux qui souhaitent laisser derri\u00e8re eux une impression de fra\u00eecheur ma\u00eetris\u00e9e et de raffinement discret, tout en b\u00e9n\u00e9ficiant d\u2019un parfum intense et durable.<\/span><\/p>\n<p>Dans la m\u00eame qualit\u00e9 avec une exp\u00e9rience olfactive diff\u00e9rente, d\u00e9couvrez le musc noir Royal <a href=\"https:\/\/kayssoun.com\/en\/boutique\/parfum\/musc-noir-royal\/\">https:\/\/kayssoun.com\/boutique\/parfum\/musc-noir-royal\/<\/a><\/p>\n<p>Pensez \u00e0 visiter notre TikTok, nous comptons sur votre soutient\u00a0<a href=\"https:\/\/www.tiktok.com\/@kayssoun_parfums?_t=ZN-90T0RMlIE1j&amp;_r=1\">https:\/\/www.tiktok.com\/@kayssoun_parfums?_t=ZN-90T0RMlIE1j&amp;_r=1<\/a><\/p>","protected":false},"excerpt":{"rendered":"<p>Sana r\u00e9v\u00e8le la force de la fra\u00eecheur d\u2019un musc hors du commun qui marque les esprits et capture l\u2019attention. Ses accords sont frais, dynamiques et envo\u00fbtants<\/p>","protected":false},"featured_media":3015,"comment_status":"open","ping_status":"closed","template":"","meta":[],"product_brand":[],"product_cat":[19],"product_tag":[28,36,263,264,44],"class_list":{"0":"post-2945","1":"product","2":"type-product","3":"status-publish","4":"has-post-thumbnail","6":"product_cat-parfum","7":"product_tag-woody","8":"product_tag-frais","9":"product_tag-muske","10":"product_tag-poudreux","11":"product_tag-rose","13":"first","14":"instock","15":"sale","16":"featured","17":"shipping-taxable","18":"purchasable","19":"product-type-variable","20":"has-default-attributes"},"aioseo_notices":[],"jetpack_sharing_enabled":true,"_links":{"self":[{"href":"https:\/\/kayssoun.com\/en\/wp-json\/wp\/v2\/product\/2945","targetHints":{"allow":["GET"]}}],"collection":[{"href":"https:\/\/kayssoun.com\/en\/wp-json\/wp\/v2\/product"}],"about":[{"href":"https:\/\/kayssoun.com\/en\/wp-json\/wp\/v2\/types\/product"}],"replies":[{"embeddable":true,"href":"https:\/\/kayssoun.com\/en\/wp-json\/wp\/v2\/comments?post=2945"}],"wp:featuredmedia":[{"embeddable":true,"href":"https:\/\/kayssoun.com\/en\/wp-json\/wp\/v2\/media\/3015"}],"wp:attachment":[{"href":"https:\/\/kayssoun.com\/en\/wp-json\/wp\/v2\/media?parent=2945"}],"wp:term":[{"taxonomy":"product_brand","embeddable":true,"href":"https:\/\/kayssoun.com\/en\/wp-json\/wp\/v2\/product_brand?post=2945"},{"taxonomy":"product_cat","embeddable":true,"href":"https:\/\/kayssoun.com\/en\/wp-json\/wp\/v2\/product_cat?post=2945"},{"taxonomy":"product_tag","embeddable":true,"href":"https:\/\/kayssoun.com\/en\/wp-json\/wp\/v2\/product_tag?post=2945"}],"curies":[{"name":"wp","href":"https:\/\/api.w.org\/{rel}","templated":true}]}}