{"id":2883,"date":"2026-02-03T15:44:09","date_gmt":"2026-02-03T14:44:09","guid":{"rendered":"https:\/\/kayssoun.com\/?post_type=product&#038;p=2883"},"modified":"2026-04-03T16:06:58","modified_gmt":"2026-04-03T14:06:58","slug":"kouky-wood","status":"publish","type":"product","link":"https:\/\/kayssoun.com\/en\/boutique\/parfum\/oud\/kouky-wood\/","title":{"rendered":"Kouky Wood"},"content":{"rendered":"<p>Kouky Wood est issu de la tradition orientale la plus noble, ce parfum KAYSSOUN est une v\u00e9ritable invitation au calme et \u00e0 l\u2019\u00e9l\u00e9gance. Con\u00e7u \u00e0 partir d\u2019agarwood (oud) pr\u00e9cieux, d\u2019ambre naturel, patchouli, de caphour etc\u2026 \u00a0il r\u00e9v\u00e8le une composition bois\u00e9e et ambr\u00e9e d\u2019une grande profondeur.<\/p>\n<p>D\u00e8s les premi\u00e8res notes, le parfum enveloppe la peau d\u2019une chaleur rassurante. Le bois d\u2019agar, mati\u00e8re rare et mythique, apporte une dimension spirituelle et apaisante, tandis que l\u2019ambre diffuse une sensation de confort presque m\u00e9ditative. Le patchouli vient structurer l\u2019ensemble avec une touche bois\u00e9e, l\u00e9g\u00e8rement terreuse, qui prolonge le plaisir olfactif.<\/p>\n<p>Sa texture huileuse permet une diffusion progressive et \u00e9l\u00e9gante.<br \/>\nSa couleur fonc\u00e9e, entre bordeaux et marron profond, t\u00e9moigne de la richesse naturelle de ses mati\u00e8res premi\u00e8res.<\/p>\n<p>Ce parfum n\u2019est pas simplement port\u00e9 : il se vit, il accompagne, il rassure.<\/p>\n<p>Distill\u00e9 selon un savoir-faire traditionnel, ce concentr\u00e9 est naturel, sans alcool, et offre une exp\u00e9rience olfactive pure, intime et durable.<\/p>\n<p>&nbsp;<\/p>\n<p><strong>Disponible en flacon de 3ml et 12ml selon votre choix.<\/strong><\/p>\n<p><strong>Dans le m\u00eame genre de parfum, d\u00e9couvrez Wood Saphir\u00a0<a href=\"https:\/\/kayssoun.com\/en\/boutique\/parfum\/oud\/sapphire-wood\/\">https:\/\/kayssoun.com\/boutique\/parfum\/oud\/sapphire-wood\/<\/a><\/strong><\/p>\n<p><strong>\u00a0<\/strong><\/p>\n<p><strong>Visitez notre TikTok et voyez nos vid\u00e9os\u00a0<a href=\"https:\/\/www.tiktok.com\/@kayssoun_parfums?_t=ZN-90T0RMlIE1j&amp;_r=1\">https:\/\/www.tiktok.com\/@kayssoun_parfums?_t=ZN-90T0RMlIE1j&amp;_r=1<\/a><\/strong><\/p>","protected":false},"excerpt":{"rendered":"<p>Kouky Wood est une frangrance bois\u00e9e, ambr\u00e9e, apaisante et \u00e9l\u00e9gante, au sillage ma\u00eetris\u00e9 et harmonieux. Ses effluves cr\u00e9ent une ambiance propice \u00e0 la m\u00e9ditation.<\/p>","protected":false},"featured_media":2888,"comment_status":"open","ping_status":"closed","template":"","meta":[],"product_brand":[],"product_cat":[54,19],"product_tag":[28,52,45],"class_list":{"0":"post-2883","1":"product","2":"type-product","3":"status-publish","4":"has-post-thumbnail","6":"product_cat-oud","7":"product_cat-parfum","8":"product_tag-woody","9":"product_tag-cuir","10":"product_tag-santal","12":"first","13":"instock","14":"sale","15":"shipping-taxable","16":"purchasable","17":"product-type-variable","18":"has-default-attributes"},"aioseo_notices":[],"jetpack_sharing_enabled":true,"_links":{"self":[{"href":"https:\/\/kayssoun.com\/en\/wp-json\/wp\/v2\/product\/2883","targetHints":{"allow":["GET"]}}],"collection":[{"href":"https:\/\/kayssoun.com\/en\/wp-json\/wp\/v2\/product"}],"about":[{"href":"https:\/\/kayssoun.com\/en\/wp-json\/wp\/v2\/types\/product"}],"replies":[{"embeddable":true,"href":"https:\/\/kayssoun.com\/en\/wp-json\/wp\/v2\/comments?post=2883"}],"wp:featuredmedia":[{"embeddable":true,"href":"https:\/\/kayssoun.com\/en\/wp-json\/wp\/v2\/media\/2888"}],"wp:attachment":[{"href":"https:\/\/kayssoun.com\/en\/wp-json\/wp\/v2\/media?parent=2883"}],"wp:term":[{"taxonomy":"product_brand","embeddable":true,"href":"https:\/\/kayssoun.com\/en\/wp-json\/wp\/v2\/product_brand?post=2883"},{"taxonomy":"product_cat","embeddable":true,"href":"https:\/\/kayssoun.com\/en\/wp-json\/wp\/v2\/product_cat?post=2883"},{"taxonomy":"product_tag","embeddable":true,"href":"https:\/\/kayssoun.com\/en\/wp-json\/wp\/v2\/product_tag?post=2883"}],"curies":[{"name":"wp","href":"https:\/\/api.w.org\/{rel}","templated":true}]}}