{"id":2828,"date":"2026-01-03T19:21:06","date_gmt":"2026-01-03T18:21:06","guid":{"rendered":"https:\/\/kayssoun.com\/?post_type=product&#038;p=2828"},"modified":"2026-01-03T20:27:40","modified_gmt":"2026-01-03T19:27:40","slug":"selection-2026","status":"publish","type":"product","link":"https:\/\/kayssoun.com\/en\/boutique\/parfum\/oud\/selection-2026\/","title":{"rendered":"S\u00e9lection 2026"},"content":{"rendered":"<p>Plongez dans l\u2019univers du parfum sous toutes ses formes avec notre S\u00e9lection 2026.<\/p>\n<p>Une s\u00e9lection raffin\u00e9e de quatre senteurs embl\u00e9matiques de la maison Kayssoun.<\/p>\n<p>\ud83d\udc9b l\u2019ambre indienne \u2013 (5gr) \u00a0Une fragrance chaude, enveloppante qui \u00e9voque la douceur d\u2019un instant de s\u00e9r\u00e9nit\u00e9.<\/p>\n<p>\ud83e\udd0d Musc Kays \u2013 (3ml) Un parfum harmonieux et pur, symbole d\u2019\u00e9l\u00e9gance et de fra\u00eecheur, parfait pour une ambiance subtilement parfum\u00e9e tout au long de la journ\u00e9e.<\/p>\n<p>\u2728 C\u00f4ne d\u2019encens Rose \u2013 Une note fra\u00eeche et d\u00e9licate, aux effluves ros\u00e9es et l\u00e9g\u00e8rement poudr\u00e9s, qui apporte une touche de charme et de s\u00e9r\u00e9nit\u00e9.<\/p>\n<p>\ud83d\udc9b Bois d\u2019agar naturel \u2014 (2.20gr) Des effluves mill\u00e9naires aux notes bois\u00e9es, id\u00e9ales pour cr\u00e9er un moment propice \u00e0 la m\u00e9ditation.<\/p>\n<p>Pr\u00e9sent\u00e9 dans un joli flacon en verre, coiff\u00e9s d\u2019un bouchon dor\u00e9, musc Kays est un concentr\u00e9 de parfums \u00e0 la fois \u00e9l\u00e9gants et pratique<\/p>\n<p>Pr\u00e9sent\u00e9 dans un sachet herm\u00e9tique, l\u2019ambre indienne pr\u00e9servera longuement sa fra\u00eecheur et distillera son parfum d\u00e9licatement \u00e0 chaque sortie.<\/p>\n<p>Les encens que sont le bois d\u2019agar naturel et le c\u00f4ne de rose sont d\u00e9licatement envelopp\u00e9s dans un sachet individuel.<\/p>\n<p>Le Coffret S\u00e9lection 2026 est l\u2019alliance de parfums sous diff\u00e9rentes formes, liquide et solide, id\u00e9al pour d\u00e9couvrir les diff\u00e9rentes manifestions des effluves et leur utilisations.<\/p>\n<p>\ud83c\udf81 Id\u00e9al \u00e0 offrir ou \u00e0 s\u2019offrir, pour un moment de pur plaisir olfactif sign\u00e9 Kayssoun.<\/p>\n<p>Dans le m\u00eame esprit, d\u00e9couvrez le pack d\u00e9couverte\u00a0<a href=\"https:\/\/kayssoun.com\/en\/boutique\/parfum\/pack-decouverte\/\">https:\/\/kayssoun.com\/boutique\/parfum\/pack-decouverte\/<\/a><\/p>\n<p>Visitez notre m\u00e9dia TikTok\u00a0<a href=\"https:\/\/www.tiktok.com\/@kayssoun_parfums?_t=ZN-90T0RMlIE1j&amp;_r=1\">https:\/\/www.tiktok.com\/@kayssoun_parfums?_t=ZN-90T0RMlIE1j&amp;_r=1<\/a><\/p>","protected":false},"excerpt":{"rendered":"<p>D\u00e9couvrez la S\u00e9lection 2026 par kayssoun, un musc kays, un morceau d\u2019ambre, un morceau de bois d\u2019agar et un encens g\u00e9ant \u00e0 la rose. Id\u00e9al pour d\u00e9couvrir les diff\u00e9rentes formes de parfums.<\/p>","protected":false},"featured_media":2829,"comment_status":"open","ping_status":"closed","template":"","meta":[],"product_brand":[],"product_cat":[248,20,54,19],"product_tag":[],"class_list":{"0":"post-2828","1":"product","2":"type-product","3":"status-publish","4":"has-post-thumbnail","6":"product_cat-ambre","7":"product_cat-encens","8":"product_cat-oud","9":"product_cat-parfum","11":"first","12":"instock","13":"sale","14":"virtual","15":"purchasable","16":"product-type-simple"},"aioseo_notices":[],"jetpack_sharing_enabled":true,"_links":{"self":[{"href":"https:\/\/kayssoun.com\/en\/wp-json\/wp\/v2\/product\/2828","targetHints":{"allow":["GET"]}}],"collection":[{"href":"https:\/\/kayssoun.com\/en\/wp-json\/wp\/v2\/product"}],"about":[{"href":"https:\/\/kayssoun.com\/en\/wp-json\/wp\/v2\/types\/product"}],"replies":[{"embeddable":true,"href":"https:\/\/kayssoun.com\/en\/wp-json\/wp\/v2\/comments?post=2828"}],"wp:featuredmedia":[{"embeddable":true,"href":"https:\/\/kayssoun.com\/en\/wp-json\/wp\/v2\/media\/2829"}],"wp:attachment":[{"href":"https:\/\/kayssoun.com\/en\/wp-json\/wp\/v2\/media?parent=2828"}],"wp:term":[{"taxonomy":"product_brand","embeddable":true,"href":"https:\/\/kayssoun.com\/en\/wp-json\/wp\/v2\/product_brand?post=2828"},{"taxonomy":"product_cat","embeddable":true,"href":"https:\/\/kayssoun.com\/en\/wp-json\/wp\/v2\/product_cat?post=2828"},{"taxonomy":"product_tag","embeddable":true,"href":"https:\/\/kayssoun.com\/en\/wp-json\/wp\/v2\/product_tag?post=2828"}],"curies":[{"name":"wp","href":"https:\/\/api.w.org\/{rel}","templated":true}]}}