{"id":2752,"date":"2025-12-10T19:16:11","date_gmt":"2025-12-10T18:16:11","guid":{"rendered":"https:\/\/kayssoun.com\/?post_type=product&#038;p=2752"},"modified":"2026-04-20T23:55:34","modified_gmt":"2026-04-20T21:55:34","slug":"ambre-karachi","status":"publish","type":"product","link":"https:\/\/kayssoun.com\/en\/boutique\/ambre\/ambre-karachi\/","title":{"rendered":"Ambre Karachi"},"content":{"rendered":"<p><strong>Ambre Karachi est somptueux , aux effluves ambr\u00e9es caram\u00e9lis\u00e9es et de musc noir.<\/strong><\/p>\n<p><strong>Elle tire son nom de la r\u00e9gion d&#8217;o\u00f9 elle provient. <\/strong><\/p>\n<p><strong>Use mainly to perfume cupboards or house by putting a few pieces in an open container.<\/strong><\/p>\n<p><strong>A scent of India<\/strong><\/p>\n<p><strong>Vendu par 5gr ou 20gr selon votre choix\u00a0<\/strong><\/p>","protected":false},"excerpt":{"rendered":"<p>L&#8217;Ambre Karachi est id\u00e9al pour parfumer de ses effluves d\u00e9licates la maison, ou une pi\u00e8ce. Son parfum est apaisant et propice \u00e0 la m\u00e9ditation.<\/p>","protected":false},"featured_media":2754,"comment_status":"open","ping_status":"closed","template":"","meta":[],"product_brand":[],"product_cat":[248],"product_tag":[34],"class_list":{"0":"post-2752","1":"product","2":"type-product","3":"status-publish","4":"has-post-thumbnail","6":"product_cat-ambre","7":"product_tag-ambre","9":"first","10":"instock","11":"shipping-taxable","12":"purchasable","13":"product-type-variable","14":"has-default-attributes"},"aioseo_notices":[],"jetpack_sharing_enabled":true,"_links":{"self":[{"href":"https:\/\/kayssoun.com\/en\/wp-json\/wp\/v2\/product\/2752","targetHints":{"allow":["GET"]}}],"collection":[{"href":"https:\/\/kayssoun.com\/en\/wp-json\/wp\/v2\/product"}],"about":[{"href":"https:\/\/kayssoun.com\/en\/wp-json\/wp\/v2\/types\/product"}],"replies":[{"embeddable":true,"href":"https:\/\/kayssoun.com\/en\/wp-json\/wp\/v2\/comments?post=2752"}],"wp:featuredmedia":[{"embeddable":true,"href":"https:\/\/kayssoun.com\/en\/wp-json\/wp\/v2\/media\/2754"}],"wp:attachment":[{"href":"https:\/\/kayssoun.com\/en\/wp-json\/wp\/v2\/media?parent=2752"}],"wp:term":[{"taxonomy":"product_brand","embeddable":true,"href":"https:\/\/kayssoun.com\/en\/wp-json\/wp\/v2\/product_brand?post=2752"},{"taxonomy":"product_cat","embeddable":true,"href":"https:\/\/kayssoun.com\/en\/wp-json\/wp\/v2\/product_cat?post=2752"},{"taxonomy":"product_tag","embeddable":true,"href":"https:\/\/kayssoun.com\/en\/wp-json\/wp\/v2\/product_tag?post=2752"}],"curies":[{"name":"wp","href":"https:\/\/api.w.org\/{rel}","templated":true}]}}