{"id":2614,"date":"2025-10-29T17:47:27","date_gmt":"2025-10-29T16:47:27","guid":{"rendered":"https:\/\/kayssoun.com\/?post_type=product&#038;p=2614"},"modified":"2026-02-01T01:52:37","modified_gmt":"2026-02-01T00:52:37","slug":"patchouli-noir-2","status":"publish","type":"product","link":"https:\/\/kayssoun.com\/en\/boutique\/parfum\/oud\/patchouli-noir-2\/","title":{"rendered":"Larmes Dor\u00e9es"},"content":{"rendered":"<p>Larmes Dor\u00e9es est un parfum 100% naturel, fa\u00e7onn\u00e9 avec passion et savoir-faire pour les amateurs d\u2019essences nobles et authentiques. V\u00e9ritable chef-d\u2019\u0153uvre olfactif, il d\u00e9voile une composition \u00e0 la fois riche, harmonieuse et \u00e9l\u00e9gante, o\u00f9 chaque note s\u2019exprime avec justesse et intensit\u00e9.<\/p>\n<p>D\u00e8s les premi\u00e8res effluves, la rose de Damas s\u2019impose avec sa beaut\u00e9 envo\u00fbtante. Fra\u00eeche et velout\u00e9e, elle d\u00e9ploie son \u00e9clat floral et noble, capturant l\u2019\u00e2me du parfum. Son ouverture lumineuse est une invitation \u00e0 un voyage sensoriel d\u2019une rare finesse.<\/p>\n<p>Le c\u0153ur s\u2019ouvre ensuite sur une alliance somptueuse de patchouli et de vanille. Le patchouli, profond et bois\u00e9, apporte une dimension terreuse et envo\u00fbtante, tandis que la vanille, douce et cr\u00e9meuse, vient adoucir l\u2019ensemble avec une sensualit\u00e9 exquise. Ce mariage cr\u00e9e une harmonie parfaite entre puissance et douceur, intensit\u00e9 et r\u00e9confort.<\/p>\n<p>Enfin, les notes de fond r\u00e9v\u00e8lent la majest\u00e9 de l\u2019ambre et du bois d\u2019agar du Cambodge (oud). L\u2019ambre diffuse une chaleur orientale, enveloppante et myst\u00e9rieuse, tandis que l\u2019oud, rare et pr\u00e9cieux, apporte une profondeur bois\u00e9e d\u2019une intensit\u00e9 presque spirituelle. Cette base somptueuse conf\u00e8re \u00e0 \u00ab Larmes Dor\u00e9es \u00bb une tenue exceptionnelle et un sillage large et noble qui laisse une empreinte inoubliable.<\/p>\n<p><span style=\"font-size: 14.4px;\">Larmes Dor\u00e9es est un parfum de caract\u00e8re \u2014 complexe mais parfaitement \u00e9quilibr\u00e9, raffin\u00e9 mais puissant, moderne tout en respectant la tradition de la parfumerie orientale. Il s\u2019adresse \u00e0 ceux qui recherchent une fragrance unique, marqu\u00e9e par la noblesse des mati\u00e8res premi\u00e8res et l\u2019excellence de l\u2019artisanat.<\/span><\/p>\n<p>Larmes Dor\u00e9es, l\u2019\u00e9l\u00e9gance absolue, l\u2019empreinte du raffinement.<\/p>\n<p><span style=\"font-size: 14.4px;\">Dans cet esprit, nous proposons \u00e9galement le Patchouli Royal <\/span><a style=\"font-size: 14.4px;\" href=\"https:\/\/kayssoun.com\/en\/boutique\/parfum\/royal-patchouli\/\">https:\/\/kayssoun.com\/boutique\/parfum\/royal-patchouli\/<\/a><span style=\"font-size: 14.4px;\">\u00a0que vous pouvez d\u00e9couvrir pour enrichir votre collection<\/span><\/p>\n<p>Visitez notre TikTok\u00a0<a href=\"https:\/\/www.tiktok.com\/@kayssoun_parfums?_t=ZN-90T0RMlIE1j&amp;_r=1\">https:\/\/www.tiktok.com\/@kayssoun_parfums?_t=ZN-90T0RMlIE1j&amp;_r=1<\/a><\/p>","protected":false},"excerpt":{"rendered":"<p>Larmes Dor\u00e9es est un parfum noble et envo\u00fbtant o\u00fb la rose de Damas illumine les premi\u00e8res notes, suivi d\u2019un c\u0153ur chaleureux de patchouli et vanille, avant de s\u2019ancrer dans un fond majestueux d\u2019ombre et de bois d\u2019Agar du Cambodge. Complexe, harmonieux et \u00e9l\u00e9gant, l\u2019arme dor\u00e9e, s\u00e9duit par sa tenue exceptionnelle et son sillage intense.<\/p>","protected":false},"featured_media":2617,"comment_status":"open","ping_status":"closed","template":"","meta":[],"product_brand":[],"product_cat":[54,19],"product_tag":[28,35,241,30,285,31,32],"class_list":{"0":"post-2614","1":"product","2":"type-product","3":"status-publish","4":"has-post-thumbnail","6":"product_cat-oud","7":"product_cat-parfum","8":"product_tag-woody","9":"product_tag-doux","10":"product_tag-encens","11":"product_tag-flowery","12":"product_tag-musquee","13":"product_tag-patchouli","14":"product_tag-terreux","16":"first","17":"instock","18":"sale","19":"shipping-taxable","20":"purchasable","21":"product-type-variable","22":"has-default-attributes"},"aioseo_notices":[],"jetpack_sharing_enabled":true,"_links":{"self":[{"href":"https:\/\/kayssoun.com\/en\/wp-json\/wp\/v2\/product\/2614","targetHints":{"allow":["GET"]}}],"collection":[{"href":"https:\/\/kayssoun.com\/en\/wp-json\/wp\/v2\/product"}],"about":[{"href":"https:\/\/kayssoun.com\/en\/wp-json\/wp\/v2\/types\/product"}],"replies":[{"embeddable":true,"href":"https:\/\/kayssoun.com\/en\/wp-json\/wp\/v2\/comments?post=2614"}],"wp:featuredmedia":[{"embeddable":true,"href":"https:\/\/kayssoun.com\/en\/wp-json\/wp\/v2\/media\/2617"}],"wp:attachment":[{"href":"https:\/\/kayssoun.com\/en\/wp-json\/wp\/v2\/media?parent=2614"}],"wp:term":[{"taxonomy":"product_brand","embeddable":true,"href":"https:\/\/kayssoun.com\/en\/wp-json\/wp\/v2\/product_brand?post=2614"},{"taxonomy":"product_cat","embeddable":true,"href":"https:\/\/kayssoun.com\/en\/wp-json\/wp\/v2\/product_cat?post=2614"},{"taxonomy":"product_tag","embeddable":true,"href":"https:\/\/kayssoun.com\/en\/wp-json\/wp\/v2\/product_tag?post=2614"}],"curies":[{"name":"wp","href":"https:\/\/api.w.org\/{rel}","templated":true}]}}