{"id":2604,"date":"2025-10-29T00:11:00","date_gmt":"2025-10-28T23:11:00","guid":{"rendered":"https:\/\/kayssoun.com\/?post_type=product&#038;p=2604"},"modified":"2026-03-06T16:02:39","modified_gmt":"2026-03-06T15:02:39","slug":"patchouli-noir","status":"publish","type":"product","link":"https:\/\/kayssoun.com\/en\/boutique\/parfum\/oud\/patchouli-noir\/","title":{"rendered":"Patchouli Noir"},"content":{"rendered":"<p>Le Patchouli Noir est un parfum noble et envo\u00fbtant, inspir\u00e9 des traditions indiennes les plus authentiques. Son essence profonde associe la terre chaude du patchouli \u00e0 la sensualit\u00e9 myst\u00e9rieuse du musc noir, cr\u00e9ant une fragrance d\u2019une richesse incomparable. Chaque goutte r\u00e9v\u00e8le un caract\u00e8re intense, musqu\u00e9 et captivant, qui s\u00e9duit par sa puissance et sa long\u00e9vit\u00e9 exceptionnelle.<\/p>\n<p>Ce parfum indien au patchouli et musc noir d\u00e9voile une texture huileuse et concentr\u00e9e, typique des attars traditionnels.<br \/>\nSon huile de couleur brune refl\u00e8te la puret\u00e9 des mati\u00e8res premi\u00e8res et la qualit\u00e9 artisanale de sa distillation.<\/p>\n<p>En appliquant quelques gouttes, on d\u00e9couvre un parfum chaleureux, aux notes terreuses, ambr\u00e9es et sensuelles, qui se fond harmonieusement sur la peau.<\/p>\n<p>Le patchouli, c\u00e9l\u00e8bre pour son ar\u00f4me terreux et humide rappelant la terre apr\u00e8s la pluie, apporte une profondeur naturelle et raffin\u00e9e. Le musc noir, quant \u00e0 lui, ajoute une touche suave, sombre et enveloppante, conf\u00e9rant au parfum une signature olfactive unique et durable. Ensemble, ces deux ingr\u00e9dients offrent un \u00e9quilibre parfait entre puissance et \u00e9l\u00e9gance.<\/p>\n<p>Le Patchouli Noir poss\u00e8de un sillage large et une tenue tr\u00e8s longue, id\u00e9al pour celles et ceux qui recherchent un parfum distinctif et persistant. Sa richesse olfactive \u00e9volue lentement au fil des heures, r\u00e9v\u00e9lant des nuances sensuelles et m\u00e9ditatives, dignes des plus grands attars indiens.<\/p>\n<p>Chez KAYSSOUN, nous proposons le Patchouli Noir en flacon de 3 ml et 12 ml, soigneusement pr\u00e9par\u00e9 pour pr\u00e9server toute la force et la puret\u00e9 de son essence. Chaque flacon contient un parfum authentique, sans alcool, concentr\u00e9 \u00e0 100 %, qui incarne la beaut\u00e9 du parfum indien dans toute sa splendeur.<\/p>\n<p>Offrez-vous le Patchouli Noir, un parfum rare et spirituel, symbole d\u2019\u00e9l\u00e9gance, de myst\u00e8re et de sensualit\u00e9 intemporelle.<\/p>\n<p>&nbsp;<\/p>\n<p>Dans cet esprit, nous proposons \u00e9galement le Patchouli Royal <a href=\"https:\/\/kayssoun.com\/en\/boutique\/parfum\/royal-patchouli\/\">https:\/\/kayssoun.com\/boutique\/parfum\/royal-patchouli\/<\/a>\u00a0que vous pouvez d\u00e9couvrir pour enrichir votre collection<\/p>\n<p>Visitez notre TikTok\u00a0<a href=\"https:\/\/www.tiktok.com\/@kayssoun_parfums?_t=ZN-90T0RMlIE1j&amp;_r=1\">https:\/\/www.tiktok.com\/@kayssoun_parfums?_t=ZN-90T0RMlIE1j&amp;_r=1<\/a><\/p>","protected":false},"excerpt":{"rendered":"<p>le Patchouli Noir est une fragrance indienne profonde et sensuelle, m\u00ealant le patchouli aux notes terreuses et le musc noir aux notes suaves et profondes. Son huile brune \u00e0 la texture huileuse offre un parfum intense, tenace au sillage ample et enveloppant.Il incarne l\u2019\u00e9l\u00e9gance et la puissance des parfums authentiques.<\/p>","protected":false},"featured_media":2607,"comment_status":"open","ping_status":"closed","template":"","meta":[],"product_brand":[],"product_cat":[54,19],"product_tag":[28,35,241,30,285,31,32],"class_list":{"0":"post-2604","1":"product","2":"type-product","3":"status-publish","4":"has-post-thumbnail","6":"product_cat-oud","7":"product_cat-parfum","8":"product_tag-woody","9":"product_tag-doux","10":"product_tag-encens","11":"product_tag-flowery","12":"product_tag-musquee","13":"product_tag-patchouli","14":"product_tag-terreux","16":"first","17":"instock","18":"sale","19":"shipping-taxable","20":"purchasable","21":"product-type-variable","22":"has-default-attributes"},"aioseo_notices":[],"jetpack_sharing_enabled":true,"_links":{"self":[{"href":"https:\/\/kayssoun.com\/en\/wp-json\/wp\/v2\/product\/2604","targetHints":{"allow":["GET"]}}],"collection":[{"href":"https:\/\/kayssoun.com\/en\/wp-json\/wp\/v2\/product"}],"about":[{"href":"https:\/\/kayssoun.com\/en\/wp-json\/wp\/v2\/types\/product"}],"replies":[{"embeddable":true,"href":"https:\/\/kayssoun.com\/en\/wp-json\/wp\/v2\/comments?post=2604"}],"wp:featuredmedia":[{"embeddable":true,"href":"https:\/\/kayssoun.com\/en\/wp-json\/wp\/v2\/media\/2607"}],"wp:attachment":[{"href":"https:\/\/kayssoun.com\/en\/wp-json\/wp\/v2\/media?parent=2604"}],"wp:term":[{"taxonomy":"product_brand","embeddable":true,"href":"https:\/\/kayssoun.com\/en\/wp-json\/wp\/v2\/product_brand?post=2604"},{"taxonomy":"product_cat","embeddable":true,"href":"https:\/\/kayssoun.com\/en\/wp-json\/wp\/v2\/product_cat?post=2604"},{"taxonomy":"product_tag","embeddable":true,"href":"https:\/\/kayssoun.com\/en\/wp-json\/wp\/v2\/product_tag?post=2604"}],"curies":[{"name":"wp","href":"https:\/\/api.w.org\/{rel}","templated":true}]}}