{"id":2587,"date":"2025-10-26T17:13:59","date_gmt":"2025-10-26T16:13:59","guid":{"rendered":"https:\/\/kayssoun.com\/?post_type=product&#038;p=2587"},"modified":"2026-03-13T02:33:02","modified_gmt":"2026-03-13T01:33:02","slug":"smoky-wood","status":"publish","type":"product","link":"https:\/\/kayssoun.com\/en\/boutique\/parfum\/oud\/smoky-wood\/","title":{"rendered":"Smoky Wood"},"content":{"rendered":"<p>SMOKY WOOD est une huile naturelle fa\u00e7onn\u00e9e avec un savoir-faire artisanal ancestral.<\/p>\n<p>Chaque goutte t\u00e9moigne de la tradition mill\u00e9naire indienne dans la distillation du bois d\u2019agar.<\/p>\n<p>Cette cr\u00e9ation authentique c\u00e9l\u00e8bre la puret\u00e9 et la noblesse des mati\u00e8res premi\u00e8res naturelles.<\/p>\n<p>Son essence provient du bois pr\u00e9cieux d\u2019agar, r\u00e9colt\u00e9 avec soin et respect de la nature.<\/p>\n<p>Sa texture est huileuse, presque cr\u00e9meuse, glissant doucement sur la peau.<\/p>\n<p>Sa couleur brune, travers\u00e9e de reflets verts, \u00e9voque la richesse de la for\u00eat profonde.<\/p>\n<p>SMOKY WOOD offre un parfum bois\u00e9 aux nuances d\u00e9licatement fum\u00e9es, d\u2019o\u00f9 il tire son nom.<\/p>\n<p>Des notes de cuir naturel viennent renforcer son caract\u00e8re noble et raffin\u00e9.<\/p>\n<p>Son sillage est moyen, mais sa tenue est longue et persistante, fid\u00e8le \u00e0 l\u2019art du parfum indien.<\/p>\n<p>Ce parfum d\u00e9gage une harmonie subtile, sans exc\u00e8s ni lourdeur.<\/p>\n<p>Son \u00e9quilibre parfait le rend aussi agr\u00e9able qu\u2019envo\u00fbtant.<\/p>\n<p>Il s\u00e9duit les connaisseurs de oud comme les amateurs en qu\u00eate d\u2019une senteur bois\u00e9e apaisante.<\/p>\n<p>SMOKY WOOD incarne la chaleur, la tradition et la profondeur du bois d\u2019agar indien.<\/p>\n<p>C\u2019est une huile rare, travaill\u00e9e \u00e0 la main, qui r\u00e9v\u00e8le l\u2019\u00e2me v\u00e9ritable du parfum naturel.<\/p>\n<p>Disponible en flacon de 3ml ou 12ml selon votre choix.<\/p>\n<p>Dans le m\u00eame esprit de parfum propice \u00e0 la m\u00e9ditation, d\u00e9couvrez Wood M\u00e9dina\u00a0<a href=\"https:\/\/kayssoun.com\/en\/boutique\/parfum\/wood-medina\/\">https:\/\/kayssoun.com\/boutique\/parfum\/wood-medina\/<\/a><\/p>\n<p>Visitez notre TikTok nous y postons r\u00e9guli\u00e8rement des vid\u00e9os\u00a0<a href=\"https:\/\/www.tiktok.com\/@kayssoun_parfums?_t=ZN-90T0RMlIE1j&amp;_r=1\">https:\/\/www.tiktok.com\/@kayssoun_parfums?_t=ZN-90T0RMlIE1j&amp;_r=1<\/a><\/p>","protected":false},"excerpt":{"rendered":"<p>Smoky Wood est une fragrance naturelle de bois d\u2019agar indien, artisanale et noble. Son parfum offrent des notes fum\u00e9es, cuir\u00e9es et \u00e9quilibr\u00e9es, au sillage raffin\u00e9.<\/p>","protected":false},"featured_media":2591,"comment_status":"open","ping_status":"closed","template":"","meta":[],"product_brand":[],"product_cat":[54,19],"product_tag":[28,52,269],"class_list":{"0":"post-2587","1":"product","2":"type-product","3":"status-publish","4":"has-post-thumbnail","6":"product_cat-oud","7":"product_cat-parfum","8":"product_tag-woody","9":"product_tag-cuir","10":"product_tag-fume","12":"first","13":"instock","14":"shipping-taxable","15":"purchasable","16":"product-type-variable","17":"has-default-attributes"},"aioseo_notices":[],"jetpack_sharing_enabled":true,"_links":{"self":[{"href":"https:\/\/kayssoun.com\/en\/wp-json\/wp\/v2\/product\/2587","targetHints":{"allow":["GET"]}}],"collection":[{"href":"https:\/\/kayssoun.com\/en\/wp-json\/wp\/v2\/product"}],"about":[{"href":"https:\/\/kayssoun.com\/en\/wp-json\/wp\/v2\/types\/product"}],"replies":[{"embeddable":true,"href":"https:\/\/kayssoun.com\/en\/wp-json\/wp\/v2\/comments?post=2587"}],"wp:featuredmedia":[{"embeddable":true,"href":"https:\/\/kayssoun.com\/en\/wp-json\/wp\/v2\/media\/2591"}],"wp:attachment":[{"href":"https:\/\/kayssoun.com\/en\/wp-json\/wp\/v2\/media?parent=2587"}],"wp:term":[{"taxonomy":"product_brand","embeddable":true,"href":"https:\/\/kayssoun.com\/en\/wp-json\/wp\/v2\/product_brand?post=2587"},{"taxonomy":"product_cat","embeddable":true,"href":"https:\/\/kayssoun.com\/en\/wp-json\/wp\/v2\/product_cat?post=2587"},{"taxonomy":"product_tag","embeddable":true,"href":"https:\/\/kayssoun.com\/en\/wp-json\/wp\/v2\/product_tag?post=2587"}],"curies":[{"name":"wp","href":"https:\/\/api.w.org\/{rel}","templated":true}]}}