{"id":233,"date":"2023-10-02T08:11:16","date_gmt":"2023-10-02T06:11:16","guid":{"rendered":"https:\/\/kayssoun.com\/?post_type=product&#038;p=233"},"modified":"2026-03-14T18:59:56","modified_gmt":"2026-03-14T17:59:56","slug":"royal-patchouli","status":"publish","type":"product","link":"https:\/\/kayssoun.com\/en\/boutique\/parfum\/royal-patchouli\/","title":{"rendered":"Royal Patchouli"},"content":{"rendered":"<p>Plongez dans l&#8217;opulence du Patchouli Royal. C\u2019est une exp\u00e9rience de parfum unique, qui \u00e9voque la chaleur profonde de la terre apr\u00e8s la pluie.<\/p>\n<p>Ainsi, ce parfum unique transporte vos sens vers un univers d\u2019\u00e9motions naturelles.<\/p>\n<p>Popularis\u00e9e pendant l\u2019\u00e8re r\u00e9volutionnaire des ann\u00e9es 70, ce parfum fut ramen\u00e9 par les hippies. Ils \u00e9taient fascin\u00e9s par les senteurs d\u00e9couvertes lors de leur voyage en Inde, en qu\u00eate de sensations mystiques.<\/p>\n<p>Par la suite ce parfum s\u2019est ensuite r\u00e9pandu avec l\u2019ambre pendant plus d\u2019une d\u00e9cennie sur le continent europ\u00e9en.<\/p>\n<p><span style=\"font-size: 14.4px;\">Il fut au coeurs de nombreuses cr\u00e9ations olfactives exceptionnelles.<\/span><\/p>\n<p>Notre Patchouli Royal incarne la quintessence de la puret\u00e9 et de la puissance. Une seule goutte suffit pour vous envelopper d&#8217;un parfum envo\u00fbtant et vous transporter vers des horizons inexplor\u00e9s.<\/p>\n<p>Ses notes terreuses nous relient \u00e0 la nature champ\u00eatre. Elles \u00e9voquent \u00a0les chemins de terre traversant les for\u00eats, la mousse des arbres et l\u2019humidit\u00e9 des foug\u00e8res qui tapissent le sol forestier.<\/p>\n<p>De plus, sa tenue exceptionnelle vous assure une pr\u00e9sence subtile tout au long de la journ\u00e9e.<\/p>\n<p>En outre, son sillage vaste et \u00e9l\u00e9gant captera l&#8217;attention de ceux qui croiseront votre chemin.<\/p>\n<p>Le patchouli Royal s\u00e9duit aussi bien les amateurs de senteurs bois\u00e9es et exotiques que ceux en qu\u00eate de nostalgiques des ann\u00e9es 70.<\/p>\n<p>En effet, il ravira \u00e9galement les passionn\u00e9s de parfums authentiques et intemporels.<\/p>\n<p>Il convient de souligner que ce parfum poss\u00e8de une personnalit\u00e9 affirm\u00e9e, se d\u00e9ployant avec \u00e9l\u00e9gance et une pr\u00e9sence marqu\u00e9e.<\/p>\n<p>Enfin, d\u00e9couvrez l&#8217;\u00e9l\u00e9gance intemporelle du Patchouli Royal.<\/p>\n<p>C\u2019est une exp\u00e9rience sensorielle qui traverse les \u00e9poques et qui deviendra rapidement votre signature olfactive.<\/p>\n<p>Nous le proposons en flacon de 3ml ou de 12ml<\/p>\n<p>D\u00e9couvrez \u00e9galement notre patchouli Jaipur, une autre interpr\u00e9tation raffin\u00e9e du patchouli\u00a0<a href=\"https:\/\/kayssoun.com\/en\/boutique\/parfum\/oud\/patchouli-jaipur\/\">https:\/\/kayssoun.com\/boutique\/parfum\/oud\/patchouli-jaipur\/<\/a><\/p>\n<p>Visitez notre r\u00e9seau TikTok, nous y postons r\u00e9guli\u00e8rement des photos et vid\u00e9os\u00a0<a href=\"https:\/\/www.tiktok.com\/@kayssoun_parfums?_t=ZN-90RnbRrnaxK&amp;_r=1\">https:\/\/www.tiktok.com\/@kayssoun_parfums?_t=ZN-90RnbRrnaxK&amp;_r=1<\/a><\/p>","protected":false},"excerpt":{"rendered":"<p>Le Royal Patchouli est un parfum noble et intense, \u00e9voquent la chaleur de la terre, avec une long\u00e9vit\u00e9 remarquable et un sillage envo\u00fbtant.<\/p>","protected":false},"featured_media":2455,"comment_status":"open","ping_status":"closed","template":"","meta":[],"product_brand":[],"product_cat":[19],"product_tag":[31,32],"class_list":{"0":"post-233","1":"product","2":"type-product","3":"status-publish","4":"has-post-thumbnail","6":"product_cat-parfum","7":"product_tag-patchouli","8":"product_tag-terreux","10":"first","11":"instock","12":"sale","13":"featured","14":"shipping-taxable","15":"purchasable","16":"product-type-variable","17":"has-default-attributes"},"aioseo_notices":[],"jetpack_sharing_enabled":true,"_links":{"self":[{"href":"https:\/\/kayssoun.com\/en\/wp-json\/wp\/v2\/product\/233","targetHints":{"allow":["GET"]}}],"collection":[{"href":"https:\/\/kayssoun.com\/en\/wp-json\/wp\/v2\/product"}],"about":[{"href":"https:\/\/kayssoun.com\/en\/wp-json\/wp\/v2\/types\/product"}],"replies":[{"embeddable":true,"href":"https:\/\/kayssoun.com\/en\/wp-json\/wp\/v2\/comments?post=233"}],"wp:featuredmedia":[{"embeddable":true,"href":"https:\/\/kayssoun.com\/en\/wp-json\/wp\/v2\/media\/2455"}],"wp:attachment":[{"href":"https:\/\/kayssoun.com\/en\/wp-json\/wp\/v2\/media?parent=233"}],"wp:term":[{"taxonomy":"product_brand","embeddable":true,"href":"https:\/\/kayssoun.com\/en\/wp-json\/wp\/v2\/product_brand?post=233"},{"taxonomy":"product_cat","embeddable":true,"href":"https:\/\/kayssoun.com\/en\/wp-json\/wp\/v2\/product_cat?post=233"},{"taxonomy":"product_tag","embeddable":true,"href":"https:\/\/kayssoun.com\/en\/wp-json\/wp\/v2\/product_tag?post=233"}],"curies":[{"name":"wp","href":"https:\/\/api.w.org\/{rel}","templated":true}]}}