{"id":2273,"date":"2025-07-14T16:04:59","date_gmt":"2025-07-14T14:04:59","guid":{"rendered":"https:\/\/kayssoun.com\/?post_type=product&#038;p=2273"},"modified":"2026-04-01T01:50:07","modified_gmt":"2026-03-31T23:50:07","slug":"trilogie-patchouli","status":"publish","type":"product","link":"https:\/\/kayssoun.com\/en\/boutique\/parfum\/trilogie-patchouli\/","title":{"rendered":"La Trilogie Patchouli"},"content":{"rendered":"<p>La trilogie Patchouli est la r\u00e9union de 3 Patchoulis tr\u00e8s appr\u00e9ci\u00e9s pour leur senteurs.<\/p>\n<p><strong>Patchouli Royal: <\/strong>un patchouli authentique, brute et puissant, \u00e9voquant les ann\u00e9es 70. C\u2019est une v\u00e9ritable r\u00e9f\u00e9rence pour les Parfumeurs. Il offre une senteur plus prononc\u00e9e et un caract\u00e8re moins poli, tout en restant profond\u00e9ment fid\u00e8le \u00e0 l\u2019esprit originel du patchouli.<\/p>\n<p><b>Patchouli Jaipur:<\/b> ce patchouli originaire de l\u2019Inde, r\u00e9v\u00e8le une facette plus douce et harmonieuse. Avec ses notes subtilement chocolat\u00e9es, rappelant un chocolat noir d\u00e9licat, il offre une exp\u00e9rience olfactive \u00e0 la fois chaleureuse et raffin\u00e9e. Un parfum qui marie la tradition indienne \u00e0 une touche gourmande, pour un sillage d\u2019une grande douceur.<\/p>\n<p class=\"p1\"><span class=\"s1\"><b>Patchouli Mystique:<\/b> <\/span><span class=\"s2\">le patchouli le plus raffin\u00e9 des trois, ce patchouli se distingue par sa l\u00e9g\u00e8ret\u00e9 et son sillage \u00e9l\u00e9gant. Moins terreux et lourd que les deux autres, il offre une pr\u00e9sence subtile et sophistiqu\u00e9e, un peu comme une cr\u00e9ation d\u2019un c\u00e9l\u00e8bre parfumeur fran\u00e7ais que l\u2019on trouve dans les parfumerie en spray. Il a une tr\u00e8s bonne tenue et s\u00e9duit par son \u00e9l\u00e9gance discr\u00e8te, tout en touchant ceux qui recherchent une version plus contemporaine et raffin\u00e9e du patchouli.<\/span><\/p>\n<p>3 bottles of 3ml<\/p>\n<p>Nous vous invitons \u00e0 d\u00e9couvrir \u00e9galement le parfum \u00c9b\u00e8ne qui est tout aussi captivant\u00a0<a href=\"https:\/\/kayssoun.com\/en\/boutique\/parfum\/ebene\/\">https:\/\/kayssoun.com\/boutique\/parfum\/ebene\/<\/a><\/p>\n<p>Visitez notre TikTok\u00a0<a href=\"https:\/\/www.tiktok.com\/@kayssoun_parfums?_t=ZN-90S10FbY2ba&amp;_r=1\">https:\/\/www.tiktok.com\/@kayssoun_parfums?_t=ZN-90S10FbY2ba&amp;_r=1<\/a><\/p>\n<p>&nbsp;<\/p>","protected":false},"excerpt":{"rendered":"<p><b>Un coffret exclusif de trois patchoulis uniques: le royal, le Jaipur et le Mystique. Une exp\u00e9rience olfactive compl\u00e8te sign\u00e9e Kayssoun<\/b><\/p>","protected":false},"featured_media":2276,"comment_status":"open","ping_status":"closed","template":"","meta":[],"product_brand":[],"product_cat":[19],"product_tag":[],"class_list":{"0":"post-2273","1":"product","2":"type-product","3":"status-publish","4":"has-post-thumbnail","6":"product_cat-parfum","8":"first","9":"instock","10":"sale","11":"virtual","12":"purchasable","13":"product-type-simple"},"aioseo_notices":[],"jetpack_sharing_enabled":true,"_links":{"self":[{"href":"https:\/\/kayssoun.com\/en\/wp-json\/wp\/v2\/product\/2273","targetHints":{"allow":["GET"]}}],"collection":[{"href":"https:\/\/kayssoun.com\/en\/wp-json\/wp\/v2\/product"}],"about":[{"href":"https:\/\/kayssoun.com\/en\/wp-json\/wp\/v2\/types\/product"}],"replies":[{"embeddable":true,"href":"https:\/\/kayssoun.com\/en\/wp-json\/wp\/v2\/comments?post=2273"}],"wp:featuredmedia":[{"embeddable":true,"href":"https:\/\/kayssoun.com\/en\/wp-json\/wp\/v2\/media\/2276"}],"wp:attachment":[{"href":"https:\/\/kayssoun.com\/en\/wp-json\/wp\/v2\/media?parent=2273"}],"wp:term":[{"taxonomy":"product_brand","embeddable":true,"href":"https:\/\/kayssoun.com\/en\/wp-json\/wp\/v2\/product_brand?post=2273"},{"taxonomy":"product_cat","embeddable":true,"href":"https:\/\/kayssoun.com\/en\/wp-json\/wp\/v2\/product_cat?post=2273"},{"taxonomy":"product_tag","embeddable":true,"href":"https:\/\/kayssoun.com\/en\/wp-json\/wp\/v2\/product_tag?post=2273"}],"curies":[{"name":"wp","href":"https:\/\/api.w.org\/{rel}","templated":true}]}}