{"id":2178,"date":"2025-02-27T13:15:43","date_gmt":"2025-02-27T12:15:43","guid":{"rendered":"https:\/\/kayssoun.com\/?post_type=product&#038;p=2178"},"modified":"2025-11-11T01:49:26","modified_gmt":"2025-11-11T00:49:26","slug":"encens-dasa","status":"publish","type":"product","link":"https:\/\/kayssoun.com\/en\/boutique\/encens\/encens-dasa\/","title":{"rendered":"Encens DASA"},"content":{"rendered":"<p>Encens DASA provenant de Calcutta en Inde, un parfum \u00e9pic\u00e9 et r\u00e9sineux, ressemblant au benjoin , rappelant le parfum dans les march\u00e9s d&#8217;\u00e9pices bord\u00e9 de temples\u2026<\/p>\n<p>Sa texture sableuse produit beaucoup de fum\u00e9e parfum\u00e9, tr\u00e8s peu suffit pour embaum\u00e9 une maison enti\u00e8re.<\/p>\n<p>Un parfum tr\u00e8s populaire en Inde.<\/p>\n<p>Ideal for a moment conducive to meditation.<\/p>\n<p>Quantit\u00e9 limit\u00e9e!<\/p>\n<p>Sold by 10gr<\/p>\n<p>Voud aimez l\u2019encens, alors d\u00e9couvrez l\u2019encens Oud Neige\u00a0<a href=\"https:\/\/kayssoun.com\/en\/boutique\/parfum\/oud\/encens-neige\/\">https:\/\/kayssoun.com\/boutique\/parfum\/oud\/encens-neige\/<\/a><\/p>\n<p>Visitez notre TikTok\u00a0<a href=\"https:\/\/www.tiktok.com\/@kayssoun_parfums?_t=ZN-90T0RMlIE1j&amp;_r=1\">https:\/\/www.tiktok.com\/@kayssoun_parfums?_t=ZN-90T0RMlIE1j&amp;_r=1<\/a><\/p>","protected":false},"excerpt":{"rendered":"<p>L\u2019encens DASA est une encens traditionnel indien fait de mani\u00e8re artisanale.<br \/>\nTres peu suffit pour parfumer la pi\u00e8ce.<\/p>","protected":false},"featured_media":2179,"comment_status":"open","ping_status":"closed","template":"","meta":[],"product_brand":[],"product_cat":[20],"product_tag":[284,37,38,283],"class_list":{"0":"post-2178","1":"product","2":"type-product","3":"status-publish","4":"has-post-thumbnail","6":"product_cat-encens","7":"product_tag-benjoin","8":"product_tag-camphre","9":"product_tag-epice","10":"product_tag-resine","12":"first","13":"instock","14":"shipping-taxable","15":"purchasable","16":"product-type-simple"},"aioseo_notices":[],"jetpack_sharing_enabled":true,"_links":{"self":[{"href":"https:\/\/kayssoun.com\/en\/wp-json\/wp\/v2\/product\/2178","targetHints":{"allow":["GET"]}}],"collection":[{"href":"https:\/\/kayssoun.com\/en\/wp-json\/wp\/v2\/product"}],"about":[{"href":"https:\/\/kayssoun.com\/en\/wp-json\/wp\/v2\/types\/product"}],"replies":[{"embeddable":true,"href":"https:\/\/kayssoun.com\/en\/wp-json\/wp\/v2\/comments?post=2178"}],"wp:featuredmedia":[{"embeddable":true,"href":"https:\/\/kayssoun.com\/en\/wp-json\/wp\/v2\/media\/2179"}],"wp:attachment":[{"href":"https:\/\/kayssoun.com\/en\/wp-json\/wp\/v2\/media?parent=2178"}],"wp:term":[{"taxonomy":"product_brand","embeddable":true,"href":"https:\/\/kayssoun.com\/en\/wp-json\/wp\/v2\/product_brand?post=2178"},{"taxonomy":"product_cat","embeddable":true,"href":"https:\/\/kayssoun.com\/en\/wp-json\/wp\/v2\/product_cat?post=2178"},{"taxonomy":"product_tag","embeddable":true,"href":"https:\/\/kayssoun.com\/en\/wp-json\/wp\/v2\/product_tag?post=2178"}],"curies":[{"name":"wp","href":"https:\/\/api.w.org\/{rel}","templated":true}]}}