{"id":2175,"date":"2025-02-27T12:47:53","date_gmt":"2025-02-27T11:47:53","guid":{"rendered":"https:\/\/kayssoun.com\/?post_type=product&#038;p=2175"},"modified":"2026-01-16T20:47:09","modified_gmt":"2026-01-16T19:47:09","slug":"encens-neige","status":"publish","type":"product","link":"https:\/\/kayssoun.com\/en\/boutique\/parfum\/oud\/encens-neige\/","title":{"rendered":"Encens NEIGE 20g"},"content":{"rendered":"<p>L\u2019Encens Neige compos\u00e9 de copeaux de Oud naturel tremp\u00e9 dans des huiles distill\u00e9es fleuris .<\/p>\n<p>Ses effluves sont harmonieuses, bois\u00e9es avec des notes de fleurs d&#8217;\u00e9t\u00e9, roses, lilac, jasmin etc \u2026<\/p>\n<p>A very pleasant scent that will brighten up your home for a long time.<\/p>\n<p>Id\u00e9al pour un moment propice a la m\u00e9ditation .<\/p>\n<p>Vendu par 20gr<\/p>\n<p>Dans le m\u00eame esprit, d\u00e9couvrez l\u2019encens Foulky\u00a0<a href=\"https:\/\/kayssoun.com\/en\/boutique\/parfum\/oud\/encens-foulky\/\">https:\/\/kayssoun.com\/boutique\/parfum\/oud\/encens-foulky\/<\/a><\/p>\n<p>Visitez notre m\u00e9dia TikTok\u00a0<a href=\"https:\/\/www.tiktok.com\/@kayssoun_parfums?_t=ZN-90T0RMlIE1j&amp;_r=1\">https:\/\/www.tiktok.com\/@kayssoun_parfums?_t=ZN-90T0RMlIE1j&amp;_r=1<\/a><\/p>","protected":false},"excerpt":{"rendered":"<p>L\u2019encens Neige est \u00a0fleuri, aux notes de lilac, jasmin, fleurs blanches, et de bois d\u2019agar , ce qui donne une profondeur et un \u00e9clat \u00e0 son parfum. Il est tr\u00e8s populaire et tr\u00e8s appr\u00e9ci\u00e9.<\/p>","protected":false},"featured_media":2549,"comment_status":"open","ping_status":"closed","template":"","meta":[],"product_brand":[],"product_cat":[20,54],"product_tag":[28,30,36,279,280,44,42],"class_list":{"0":"post-2175","1":"product","2":"type-product","3":"status-publish","4":"has-post-thumbnail","6":"product_cat-encens","7":"product_cat-oud","8":"product_tag-woody","9":"product_tag-flowery","10":"product_tag-frais","11":"product_tag-jasmin","12":"product_tag-lilac","13":"product_tag-rose","14":"product_tag-vanille","16":"first","17":"instock","18":"shipping-taxable","19":"purchasable","20":"product-type-simple"},"aioseo_notices":[],"jetpack_sharing_enabled":true,"_links":{"self":[{"href":"https:\/\/kayssoun.com\/en\/wp-json\/wp\/v2\/product\/2175","targetHints":{"allow":["GET"]}}],"collection":[{"href":"https:\/\/kayssoun.com\/en\/wp-json\/wp\/v2\/product"}],"about":[{"href":"https:\/\/kayssoun.com\/en\/wp-json\/wp\/v2\/types\/product"}],"replies":[{"embeddable":true,"href":"https:\/\/kayssoun.com\/en\/wp-json\/wp\/v2\/comments?post=2175"}],"wp:featuredmedia":[{"embeddable":true,"href":"https:\/\/kayssoun.com\/en\/wp-json\/wp\/v2\/media\/2549"}],"wp:attachment":[{"href":"https:\/\/kayssoun.com\/en\/wp-json\/wp\/v2\/media?parent=2175"}],"wp:term":[{"taxonomy":"product_brand","embeddable":true,"href":"https:\/\/kayssoun.com\/en\/wp-json\/wp\/v2\/product_brand?post=2175"},{"taxonomy":"product_cat","embeddable":true,"href":"https:\/\/kayssoun.com\/en\/wp-json\/wp\/v2\/product_cat?post=2175"},{"taxonomy":"product_tag","embeddable":true,"href":"https:\/\/kayssoun.com\/en\/wp-json\/wp\/v2\/product_tag?post=2175"}],"curies":[{"name":"wp","href":"https:\/\/api.w.org\/{rel}","templated":true}]}}