{"id":2138,"date":"2025-01-16T13:18:32","date_gmt":"2025-01-16T12:18:32","guid":{"rendered":"https:\/\/kayssoun.com\/?post_type=product&#038;p=2138"},"modified":"2026-03-14T18:59:56","modified_gmt":"2026-03-14T17:59:56","slug":"jardin-deden","status":"publish","type":"product","link":"https:\/\/kayssoun.com\/en\/boutique\/parfum\/jardin-deden\/","title":{"rendered":"Jardin d\u2019\u00c9den"},"content":{"rendered":"<p>Jardin d&#8217;\u00c9den est un parfum d\u2019origine indienne, autrefois nomm\u00e9 \u00ab Janna alFirdaws \u00bb, il est c\u00e9l\u00e9br\u00e9 dans le monde entier pour sa fra\u00eecheur incomparable.<\/p>\n<p>Ses notes d\u2019agrumes, avec le citron p\u00e9tillant et les fleurs blanches d\u00e9licates, cr\u00e9ent une harmonie olfactive parfaitement \u00e9quilibr\u00e9e.<\/p>\n<p><span style=\"font-size: 14.4px;\">Con\u00e7u par un ma\u00eetre parfumeur, ce v\u00e9ritable chef d&#8217;\u0153uvre s\u2019invite id\u00e9alement dans les moments festifs, apportant une sensation de bien-\u00eatre, notamment apr\u00e8s une douche rafra\u00eechissante et une tenue \u00e9l\u00e9gante.<\/span><\/p>\n<p><span style=\"font-size: 14.4px;\">Son sillage, d\u2019intensit\u00e9 moyenne, se d\u00e9ploie et s\u2019amplifie sous la chaleur du soleil, tandis que sa couleur, d\u2019un vert subtil m\u00eal\u00e9 \u00e0 une teinte dor\u00e9e, \u00e9voque la nature luxuriante.<\/span><\/p>\n<p>Sa texture, l\u00e9g\u00e8rement huileuse, est le fruit d\u2019un processus de distillation minutieux.<\/p>\n<p>Le parfum jardin d\u2019\u00c9den promet une aventure sensorielle inoubliable.<\/p>\n<p>Disponible en flacon de 3ml ou 12 selon votre choix<\/p>\n<p>Pour prolonger cette exp\u00e9rience olfactive, laissez vous s\u00e9duire par le parfum Printemps\u00a0<a href=\"https:\/\/kayssoun.com\/en\/boutique\/parfum\/printemps\/\">https:\/\/kayssoun.com\/boutique\/parfum\/printemps\/<\/a><\/p>\n<p>&nbsp;<\/p>\n<p>D\u00e9couvrez notre page TikTok <a href=\"https:\/\/www.tiktok.com\/@kayssoun_parfums?_t=ZN-90S3fwhNQ50&amp;_r=1\">https:\/\/www.tiktok.com\/@kayssoun_parfums?_t=ZN-90S3fwhNQ50&amp;_r=1<\/a><\/p>\n<p>&nbsp;<\/p>","protected":false},"excerpt":{"rendered":"<p>Jardin d\u2019\u00e9den : un parfum raffin\u00e9 aux notes d\u2019agrumes et de fleurs fra\u00eeches et p\u00e9tillantes , parfait pour toutes les occasions et toutes les saisons.<\/p>","protected":false},"featured_media":2419,"comment_status":"open","ping_status":"closed","template":"","meta":[],"product_brand":[],"product_cat":[19],"product_tag":[255,244,278,33],"class_list":{"0":"post-2138","1":"product","2":"type-product","3":"status-publish","4":"has-post-thumbnail","6":"product_cat-parfum","7":"product_tag-agrumes","8":"product_tag-citron","9":"product_tag-fleurs","10":"product_tag-sucre","12":"first","13":"instock","14":"sale","15":"shipping-taxable","16":"purchasable","17":"product-type-variable","18":"has-default-attributes"},"aioseo_notices":[],"jetpack_sharing_enabled":true,"_links":{"self":[{"href":"https:\/\/kayssoun.com\/en\/wp-json\/wp\/v2\/product\/2138","targetHints":{"allow":["GET"]}}],"collection":[{"href":"https:\/\/kayssoun.com\/en\/wp-json\/wp\/v2\/product"}],"about":[{"href":"https:\/\/kayssoun.com\/en\/wp-json\/wp\/v2\/types\/product"}],"replies":[{"embeddable":true,"href":"https:\/\/kayssoun.com\/en\/wp-json\/wp\/v2\/comments?post=2138"}],"wp:featuredmedia":[{"embeddable":true,"href":"https:\/\/kayssoun.com\/en\/wp-json\/wp\/v2\/media\/2419"}],"wp:attachment":[{"href":"https:\/\/kayssoun.com\/en\/wp-json\/wp\/v2\/media?parent=2138"}],"wp:term":[{"taxonomy":"product_brand","embeddable":true,"href":"https:\/\/kayssoun.com\/en\/wp-json\/wp\/v2\/product_brand?post=2138"},{"taxonomy":"product_cat","embeddable":true,"href":"https:\/\/kayssoun.com\/en\/wp-json\/wp\/v2\/product_cat?post=2138"},{"taxonomy":"product_tag","embeddable":true,"href":"https:\/\/kayssoun.com\/en\/wp-json\/wp\/v2\/product_tag?post=2138"}],"curies":[{"name":"wp","href":"https:\/\/api.w.org\/{rel}","templated":true}]}}