{"id":2135,"date":"2025-01-16T12:54:55","date_gmt":"2025-01-16T11:54:55","guid":{"rendered":"https:\/\/kayssoun.com\/?post_type=product&#038;p=2135"},"modified":"2026-03-09T01:45:33","modified_gmt":"2026-03-09T00:45:33","slug":"sinai","status":"publish","type":"product","link":"https:\/\/kayssoun.com\/en\/boutique\/parfum\/sinai\/","title":{"rendered":"Sina\u00ef"},"content":{"rendered":"<p>Sina\u00ef est un parfum somptueux, qui marie des notes iod\u00e9es et marines \u00e0 des touches de fleurs blanches d\u00e9licates et d&#8217;encens r\u00e9sineux et chaleureux.<\/p>\n<p>Ce parfum d\u2019une tenue longue et d\u2019une texture l\u00e9g\u00e8rement huileuse, se d\u00e9voile dans une couleur dor\u00e9e, \u00e9voquant la lumi\u00e8re du soleil.<\/p>\n<p>Son sillage, d\u2019intensit\u00e9 moyenne, \u00e9volue au fil du temps, offrant une exp\u00e9rience olfactive unique et vivante.<\/p>\n<p>Originaire d\u2019Inde, Sina\u00ef s\u00e9duit par son harmonie entre ses notes iod\u00e9es et celles \u00e9pic\u00e9es d\u2019encens r\u00e9sineux. Il rappel les senteurs des souks d\u2019\u00c9gypte.<\/p>\n<p>Disponible en flacon de 3ml ou 12ml selon votre choix.<\/p>\n<p>D\u00e9couvrez \u00e9galement le parfum \u00c9nigma afin de poursuivre ce voyage olfactif\u00a0<a href=\"https:\/\/kayssoun.com\/en\/boutique\/parfum\/enigma\/\">https:\/\/kayssoun.com\/boutique\/parfum\/enigma\/<\/a><\/p>\n<p>&nbsp;<\/p>\n<p>Sur notre page TikTok nous postons r\u00e9guli\u00e8rement des photos et offres\u00a0<a href=\"https:\/\/www.tiktok.com\/@kayssoun_parfums?_t=ZN-90S5L6Y2MFC&amp;_r=1\">https:\/\/www.tiktok.com\/@kayssoun_parfums?_t=ZN-90S5L6Y2MFC&amp;_r=1<\/a><\/p>","protected":false},"excerpt":{"rendered":"<p>Sina\u00ef est un parfum parmi nos plus anciens et populaires que nous proposons, il se met en toutes saisons et occasions, un parfum dynamique.<\/p>","protected":false},"featured_media":2476,"comment_status":"open","ping_status":"closed","template":"","meta":[],"product_brand":[],"product_cat":[19],"product_tag":[244,241,282,281,31],"class_list":{"0":"post-2135","1":"product","2":"type-product","3":"status-publish","4":"has-post-thumbnail","6":"product_cat-parfum","7":"product_tag-citron","8":"product_tag-encens","9":"product_tag-fleurs-blanches","10":"product_tag-marin","11":"product_tag-patchouli","13":"first","14":"instock","15":"sale","16":"shipping-taxable","17":"purchasable","18":"product-type-variable","19":"has-default-attributes"},"aioseo_notices":[],"jetpack_sharing_enabled":true,"_links":{"self":[{"href":"https:\/\/kayssoun.com\/en\/wp-json\/wp\/v2\/product\/2135","targetHints":{"allow":["GET"]}}],"collection":[{"href":"https:\/\/kayssoun.com\/en\/wp-json\/wp\/v2\/product"}],"about":[{"href":"https:\/\/kayssoun.com\/en\/wp-json\/wp\/v2\/types\/product"}],"replies":[{"embeddable":true,"href":"https:\/\/kayssoun.com\/en\/wp-json\/wp\/v2\/comments?post=2135"}],"wp:featuredmedia":[{"embeddable":true,"href":"https:\/\/kayssoun.com\/en\/wp-json\/wp\/v2\/media\/2476"}],"wp:attachment":[{"href":"https:\/\/kayssoun.com\/en\/wp-json\/wp\/v2\/media?parent=2135"}],"wp:term":[{"taxonomy":"product_brand","embeddable":true,"href":"https:\/\/kayssoun.com\/en\/wp-json\/wp\/v2\/product_brand?post=2135"},{"taxonomy":"product_cat","embeddable":true,"href":"https:\/\/kayssoun.com\/en\/wp-json\/wp\/v2\/product_cat?post=2135"},{"taxonomy":"product_tag","embeddable":true,"href":"https:\/\/kayssoun.com\/en\/wp-json\/wp\/v2\/product_tag?post=2135"}],"curies":[{"name":"wp","href":"https:\/\/api.w.org\/{rel}","templated":true}]}}