{"id":2015,"date":"2024-09-07T16:46:57","date_gmt":"2024-09-07T14:46:57","guid":{"rendered":"https:\/\/kayssoun.com\/?post_type=product&#038;p=2015"},"modified":"2026-02-01T01:52:36","modified_gmt":"2026-02-01T00:52:36","slug":"lysa","status":"publish","type":"product","link":"https:\/\/kayssoun.com\/en\/boutique\/parfum\/lysa\/","title":{"rendered":"Lysa"},"content":{"rendered":"<p>Lysa \u2013 L\u2019essence dor\u00e9e de l\u2019Inde<\/p>\n<p>Lysa est un parfum d\u2019origine indienne, fa\u00e7onn\u00e9 avec soin selon un savoir-faire artisanal ancestral. Chaque flacon renferme l\u2019\u00e2me d\u2019un h\u00e9ritage olfactif raffin\u00e9, o\u00f9 les plantes, fleurs et essences naturelles sont distill\u00e9es avec une pr\u00e9cision h\u00e9rit\u00e9e des ma\u00eetres parfumeurs d\u2019Orient.<\/p>\n<p>Sa teinte dor\u00e9e, lumineuse et chaleureuse, \u00e9voque le soleil levant sur les champs de fleurs d\u2019Inde, tandis que sa texture soyeuse caresse la peau avec une d\u00e9licatesse presque sensuelle. Quelques gouttes suffisent pour r\u00e9v\u00e9ler toute sa profondeur.<\/p>\n<p>D\u00e8s les premi\u00e8res notes, Lysa s\u00e9duit par un souffle frais et \u00e9clatant d\u2019agrumes, rapidement adouci par les effluves de roses blanches. Son c\u0153ur floral s\u2019\u00e9panouit en une harmonie subtile entre puret\u00e9 et vivacit\u00e9, offrant une sensation de l\u00e9g\u00e8ret\u00e9 et de bien-\u00eatre.<\/p>\n<p>Le sillage, \u00e0 la fois doux et p\u00e9tillant, laisse une empreinte d\u00e9licate mais persistante, rappelant la joie simple des instants lumineux. Lysa se porte comme un bijou invisible, r\u00e9v\u00e9lant au fil des heures une chaleur dor\u00e9e, lumineuse et rassurante.<\/p>\n<p>Con\u00e7u en petite s\u00e9rie, chaque flacon est rempli \u00e0 la main, garantissant une authenticit\u00e9 rare et une qualit\u00e9 irr\u00e9prochable.<\/p>\n<p>Un parfum naturel, frais et vibrant, id\u00e9al pour les journ\u00e9es d\u2019\u00e9t\u00e9 ou les esprits libres qui aiment la simplicit\u00e9 \u00e9l\u00e9gante.<\/p>\n<p class=\"p1\"><span class=\"s1\">Disponible en flacon de 3ml ou 12ml selon votre choix.<\/span><\/p>\n<p>Pour continuez dans le sillage de cette exp\u00e9rience olfactive, d\u00e9couvrez le parfum Mekka Royal\u00a0<a href=\"https:\/\/kayssoun.com\/en\/boutique\/parfum\/mekka-royal\/\">https:\/\/kayssoun.com\/boutique\/parfum\/mekka-royal\/<\/a><\/p>\n<p>visitez notre r\u00e9seau TikTok,, nous y postons de belles photos r\u00e9guli\u00e8rement\u00a0<a href=\"https:\/\/www.tiktok.com\/@kayssoun_parfums?_t=ZN-90T0RMlIE1j&amp;_r=1\">https:\/\/www.tiktok.com\/@kayssoun_parfums?_t=ZN-90T0RMlIE1j&amp;_r=1<\/a><\/p>","protected":false},"excerpt":{"rendered":"<p>Lysa, parfum artisanal d\u2019Inde aux notes fra\u00eeches de rose et d\u2019agrumes. Dor\u00e9, p\u00e9tillant et \u00e9l\u00e9gant, il laisse un sillage doux et lumineux.<\/p>","protected":false},"featured_media":2424,"comment_status":"open","ping_status":"closed","template":"","meta":[],"product_brand":[],"product_cat":[19],"product_tag":[255,244,44],"class_list":{"0":"post-2015","1":"product","2":"type-product","3":"status-publish","4":"has-post-thumbnail","6":"product_cat-parfum","7":"product_tag-agrumes","8":"product_tag-citron","9":"product_tag-rose","11":"first","12":"instock","13":"sale","14":"featured","15":"shipping-taxable","16":"purchasable","17":"product-type-variable","18":"has-default-attributes"},"aioseo_notices":[],"jetpack_sharing_enabled":true,"_links":{"self":[{"href":"https:\/\/kayssoun.com\/en\/wp-json\/wp\/v2\/product\/2015","targetHints":{"allow":["GET"]}}],"collection":[{"href":"https:\/\/kayssoun.com\/en\/wp-json\/wp\/v2\/product"}],"about":[{"href":"https:\/\/kayssoun.com\/en\/wp-json\/wp\/v2\/types\/product"}],"replies":[{"embeddable":true,"href":"https:\/\/kayssoun.com\/en\/wp-json\/wp\/v2\/comments?post=2015"}],"wp:featuredmedia":[{"embeddable":true,"href":"https:\/\/kayssoun.com\/en\/wp-json\/wp\/v2\/media\/2424"}],"wp:attachment":[{"href":"https:\/\/kayssoun.com\/en\/wp-json\/wp\/v2\/media?parent=2015"}],"wp:term":[{"taxonomy":"product_brand","embeddable":true,"href":"https:\/\/kayssoun.com\/en\/wp-json\/wp\/v2\/product_brand?post=2015"},{"taxonomy":"product_cat","embeddable":true,"href":"https:\/\/kayssoun.com\/en\/wp-json\/wp\/v2\/product_cat?post=2015"},{"taxonomy":"product_tag","embeddable":true,"href":"https:\/\/kayssoun.com\/en\/wp-json\/wp\/v2\/product_tag?post=2015"}],"curies":[{"name":"wp","href":"https:\/\/api.w.org\/{rel}","templated":true}]}}