{"id":1968,"date":"2024-06-01T15:18:38","date_gmt":"2024-06-01T13:18:38","guid":{"rendered":"https:\/\/kayssoun.com\/?post_type=product&#038;p=1968"},"modified":"2026-02-01T01:52:36","modified_gmt":"2026-02-01T00:52:36","slug":"boukiban","status":"publish","type":"product","link":"https:\/\/kayssoun.com\/en\/boutique\/parfum\/boukiban\/","title":{"rendered":"Boukiban"},"content":{"rendered":"<p>Boukiban est un parfum traditionnel indien.<\/p>\n<p>Boukiban est la cr\u00e9ation d\u2019un ma\u00eetre parfumeur indien.<br \/>\nIl a pour le mariage de sa fille, innov\u00e9 en m\u00e9langeant des huiles florales afin d\u2019aboutir \u00e0 un parfum aux effluves de printemps, tout en \u00e9tant tr\u00e8s p\u00e9tillant, telle une danse de notes dans une union harmonieuse.<\/p>\n<p>Cette cr\u00e9ations est connu dans la ville de Delhi et ses alentours.<\/p>\n<p>Le parfum Boukiban est principalement utilis\u00e9 lors des f\u00eates familiales.<\/p>\n<p>Ce musc est tr\u00e8s appr\u00e9ci\u00e9 de tous, que ce soit les hommes en habit traditionnel ou costumes , ou que ce soit les femmes et les enfants de tout \u00e2ge.<\/p>\n<p>Le parfum Boukiban est un synonyme de la joie, la bonne humeur et la f\u00eate.<\/p>\n<p>Ses notes de roses rouges, de fleurs naissantes aux effluves citroniques rappel l\u2019arriv\u00e9e du printemps et l\u2019\u00e9closion des bourgeons, les fleurs colorant les champs\u2026<\/p>\n<p>Son parfum est tr\u00e8s aim\u00e9 de la population autochtones.<\/p>\n<p>Un parfum dynamique et petillant mis lors de moments festifs.<\/p>\n<p>Sa texture est huileuse car il est issus de distillation, et sa couleur est dor\u00e9e rappelant ses origines nobles.<\/p>\n<p>Quant \u00e0 sa tenue elle est longue mais \u00e9tant un parfum suscitant le d\u00e9sir, on ne cesse de ce parfumer avec toute la journ\u00e9e !<\/p>\n<p>Son sillage est mod\u00e9r\u00e9 mais il s\u2019intensifie sous la chaleur du soleil en \u00e9t\u00e9, emplissant l\u2019atmosph\u00e8re de ses effluves.<\/p>\n<p>Flacon de 3ml<\/p>\n<p>Nous vous conseillons \u00e9galement parfum rose musqu\u00e9e qui est dans le m\u00eame esprit\u00a0<a href=\"https:\/\/kayssoun.com\/en\/boutique\/parfum\/rose-musquee\/\">https:\/\/kayssoun.com\/boutique\/parfum\/rose-musquee\/<\/a><\/p>\n<p>Nous mettons \u00e9galement r\u00e9guli\u00e8rement des offres sur tick-tock\u00a0<a href=\"https:\/\/www.tiktok.com\/@kayssoun_parfums?_t=ZN-90R9496DhKw&amp;_r=1\">https:\/\/www.tiktok.com\/@kayssoun_parfums?_t=ZN-90R9496DhKw&amp;_r=1<\/a><\/p>","protected":false},"excerpt":{"rendered":"<p>Boukiban, parfum populaire en Inde, capture les effluves florales et la fra\u00eecheur de la plante, \u00e9voquant la joie et les c\u00e9l\u00e9brations indiennes.<\/p>\n<p>&nbsp;<\/p>\n<p>&nbsp;<\/p>","protected":false},"featured_media":2433,"comment_status":"open","ping_status":"closed","template":"","meta":[],"product_brand":[],"product_cat":[19],"product_tag":[255,244,44],"class_list":{"0":"post-1968","1":"product","2":"type-product","3":"status-publish","4":"has-post-thumbnail","6":"product_cat-parfum","7":"product_tag-agrumes","8":"product_tag-citron","9":"product_tag-rose","11":"first","12":"instock","13":"sale","14":"featured","15":"shipping-taxable","16":"purchasable","17":"product-type-variable","18":"has-default-attributes"},"aioseo_notices":[],"jetpack_sharing_enabled":true,"_links":{"self":[{"href":"https:\/\/kayssoun.com\/en\/wp-json\/wp\/v2\/product\/1968","targetHints":{"allow":["GET"]}}],"collection":[{"href":"https:\/\/kayssoun.com\/en\/wp-json\/wp\/v2\/product"}],"about":[{"href":"https:\/\/kayssoun.com\/en\/wp-json\/wp\/v2\/types\/product"}],"replies":[{"embeddable":true,"href":"https:\/\/kayssoun.com\/en\/wp-json\/wp\/v2\/comments?post=1968"}],"wp:featuredmedia":[{"embeddable":true,"href":"https:\/\/kayssoun.com\/en\/wp-json\/wp\/v2\/media\/2433"}],"wp:attachment":[{"href":"https:\/\/kayssoun.com\/en\/wp-json\/wp\/v2\/media?parent=1968"}],"wp:term":[{"taxonomy":"product_brand","embeddable":true,"href":"https:\/\/kayssoun.com\/en\/wp-json\/wp\/v2\/product_brand?post=1968"},{"taxonomy":"product_cat","embeddable":true,"href":"https:\/\/kayssoun.com\/en\/wp-json\/wp\/v2\/product_cat?post=1968"},{"taxonomy":"product_tag","embeddable":true,"href":"https:\/\/kayssoun.com\/en\/wp-json\/wp\/v2\/product_tag?post=1968"}],"curies":[{"name":"wp","href":"https:\/\/api.w.org\/{rel}","templated":true}]}}