{"id":1963,"date":"2024-06-01T15:08:04","date_gmt":"2024-06-01T13:08:04","guid":{"rendered":"https:\/\/kayssoun.com\/?post_type=product&#038;p=1963"},"modified":"2026-02-01T01:52:36","modified_gmt":"2026-02-01T00:52:36","slug":"fleurs-de-taif","status":"publish","type":"product","link":"https:\/\/kayssoun.com\/en\/boutique\/parfum\/fleurs-de-taif\/","title":{"rendered":"Fleurs de Ta\u00eff"},"content":{"rendered":"<p>Fleurs de Ta\u00eff est un parfum d\u2019authenticit\u00e9 et de douceur.<\/p>\n<p><span style=\"font-size: 14.4px;\">Le musc fleurs de Ta\u00eff est n\u00e9 de la rencontre entre l\u2019Orient et l\u2019Inde.<\/span><\/p>\n<p><span style=\"font-size: 14.4px;\">Le parfum Fleurs de Ta\u00eff r\u00e9v\u00e8le la richesse des roses de Ta\u00eff, r\u00e9put\u00e9es pour leur fragrance unique et envo\u00fbtante.<\/span><\/p>\n<p>Cette naissance florale marie avec finesse des notes de jasmin, de lilas et de rose, cr\u00e9ant un bouquet \u00e0 la fois d\u00e9licat et harmonieux.<\/p>\n<p>Contrairement \u00e0 d\u2019autres parfums fleuris, Fleurs de Ta\u00eff offre une sensation de l\u00e9g\u00e8ret\u00e9, sans jamais \u00eatre envahissant.<\/p>\n<p>Con\u00e7u par un ma\u00eetre parfumeur dans le respect d\u2019un savoir-faire ancestral, ce parfum refl\u00e8te l\u2019authenticit\u00e9 et la puret\u00e9 des ingr\u00e9dients le composant.<\/p>\n<p>Chaque flacon est une invitation \u00e0 un voyage olfactif.<\/p>\n<p>La beaut\u00e9 des Fleurs de Ta\u00eff se m\u00eale \u00e0 la douceur indienne, pour toucher le c\u0153ur de tous ceux qui le d\u00e9couvrent.<\/p>\n<p>Disponible en flacon de 3ml ou 12ml selon votre choix.<\/p>\n<p>&nbsp;<\/p>\n<p>Dans le m\u00eame esprit nous vous invitons \u00e0 tester le parfum Kalissa\u00a0<a href=\"https:\/\/kayssoun.com\/en\/boutique\/parfum\/kalissa\/\">https:\/\/kayssoun.com\/boutique\/parfum\/kalissa\/<\/a><\/p>\n<p>visitez n\u00f4tre TikTok\u00a0<a href=\"https:\/\/www.tiktok.com\/@kayssoun_parfums?_t=ZN-90SmjlBeGT1&amp;_r=1\">https:\/\/www.tiktok.com\/@kayssoun_parfums?_t=ZN-90SmjlBeGT1&amp;_r=1<\/a><\/p>","protected":false},"excerpt":{"rendered":"<p>Fleurs de Ta\u00eff est un parfum floral d\u00e9licat, alliant la rose de Ta\u00eff, le jasmin et le lilas, pour une exp\u00e9rience authentique et l\u00e9g\u00e8re.<\/p>","protected":false},"featured_media":2434,"comment_status":"open","ping_status":"closed","template":"","meta":[],"product_brand":[],"product_cat":[19],"product_tag":[255,278,36,29,279,280,44],"class_list":{"0":"post-1963","1":"product","2":"type-product","3":"status-publish","4":"has-post-thumbnail","6":"product_cat-parfum","7":"product_tag-agrumes","8":"product_tag-fleurs","9":"product_tag-frais","10":"product_tag-fruity","11":"product_tag-jasmin","12":"product_tag-lilac","13":"product_tag-rose","15":"first","16":"instock","17":"sale","18":"featured","19":"shipping-taxable","20":"purchasable","21":"product-type-variable","22":"has-default-attributes"},"aioseo_notices":[],"jetpack_sharing_enabled":true,"_links":{"self":[{"href":"https:\/\/kayssoun.com\/en\/wp-json\/wp\/v2\/product\/1963","targetHints":{"allow":["GET"]}}],"collection":[{"href":"https:\/\/kayssoun.com\/en\/wp-json\/wp\/v2\/product"}],"about":[{"href":"https:\/\/kayssoun.com\/en\/wp-json\/wp\/v2\/types\/product"}],"replies":[{"embeddable":true,"href":"https:\/\/kayssoun.com\/en\/wp-json\/wp\/v2\/comments?post=1963"}],"wp:featuredmedia":[{"embeddable":true,"href":"https:\/\/kayssoun.com\/en\/wp-json\/wp\/v2\/media\/2434"}],"wp:attachment":[{"href":"https:\/\/kayssoun.com\/en\/wp-json\/wp\/v2\/media?parent=1963"}],"wp:term":[{"taxonomy":"product_brand","embeddable":true,"href":"https:\/\/kayssoun.com\/en\/wp-json\/wp\/v2\/product_brand?post=1963"},{"taxonomy":"product_cat","embeddable":true,"href":"https:\/\/kayssoun.com\/en\/wp-json\/wp\/v2\/product_cat?post=1963"},{"taxonomy":"product_tag","embeddable":true,"href":"https:\/\/kayssoun.com\/en\/wp-json\/wp\/v2\/product_tag?post=1963"}],"curies":[{"name":"wp","href":"https:\/\/api.w.org\/{rel}","templated":true}]}}