{"id":1943,"date":"2024-05-22T17:10:27","date_gmt":"2024-05-22T15:10:27","guid":{"rendered":"https:\/\/kayssoun.com\/?post_type=product&#038;p=1943"},"modified":"2026-03-17T20:50:05","modified_gmt":"2026-03-17T19:50:05","slug":"pack-decouverte","status":"publish","type":"product","link":"https:\/\/kayssoun.com\/en\/boutique\/parfum\/pack-decouverte\/","title":{"rendered":"Pack d\u00e9couverte"},"content":{"rendered":"<p>D\u00e9couvrez Notre S\u00e9lection d\u2019\u00c9chantillons Kayssoun via le pack d\u00e9couverte.<\/p>\n<p>Chez Kayssoun, fort de 25 ans d\u2019expertise dans l\u2019univers des parfums artisanaux indiens, nous vous proposons une gamme riche et vari\u00e9e.<\/p>\n<p>Pour vous aider \u00e0 explorer nos derni\u00e8res d\u00e9couvertes olfactives, nous avons con\u00e7u un coffret de 13 \u00e9chantillons.<br \/>\nLe pack d\u00e9couverte propose 13 flacon de 0,2 ml, chacun ne contient que quelques gouttes, suffisamment pour vous laisser tester et appr\u00e9cier nos fragrances uniques.<\/p>\n<p>Nos \u00e9chantillons composant le pack d\u00e9couverte, changent au gr\u00e9 de nos nouveaut\u00e9s, refl\u00e9tant l\u2019\u00e9tendue de notre collection artisanale.<\/p>\n<p>Vous y trouverez des senteurs fra\u00eeches, bois\u00e9es, \u00e9pic\u00e9es ou florales, toutes soigneusement s\u00e9lectionn\u00e9es pour leur tenue et leur qualit\u00e9.<\/p>\n<p>Si vous avez une pr\u00e9f\u00e9rence particuli\u00e8re, n\u2019h\u00e9sitez pas \u00e0 nous en faire part : nous ajusterons votre s\u00e9lection.<\/p>\n<p>Ainsi, vous pourrez d\u00e9couvrir l\u2019essence de Kayssoun, une maison qui c\u00e9l\u00e8bre l\u2019art du parfum artisanal depuis un quart de si\u00e8cle.<\/p>\n<p>&nbsp;<\/p>\n<p>D\u00e9couvrez notre parfum Layya\u00a0<a href=\"https:\/\/kayssoun.com\/en\/boutique\/parfum\/musc-layya\/\">https:\/\/kayssoun.com\/boutique\/parfum\/musc-layya\/<\/a><\/p>\n<p>&nbsp;<\/p>\n<p>visitez notre m\u00e9dia TikTok \u00a0<a href=\"https:\/\/www.tiktok.com\/@kayssoun_parfums?_t=ZN-90T0RMlIE1j&amp;_r=1\">https:\/\/www.tiktok.com\/@kayssoun_parfums?_t=ZN-90T0RMlIE1j&amp;_r=1<\/a><\/p>","protected":false},"excerpt":{"rendered":"<p>le pack d\u00e9couverte permet de d\u00e9couvrir 13 de nos parfums naturels, 13 \u00e9chantillons de 0.2ml ayant chacun quelques gouttes de nos effluves afin que vous puissiez les sentir et tester.<\/p>","protected":false},"featured_media":2478,"comment_status":"open","ping_status":"closed","template":"","meta":[],"product_brand":[],"product_cat":[19],"product_tag":[255,34,246,278,279,266,44],"class_list":{"0":"post-1943","1":"product","2":"type-product","3":"status-publish","4":"has-post-thumbnail","6":"product_cat-parfum","7":"product_tag-agrumes","8":"product_tag-ambre","9":"product_tag-chaud","10":"product_tag-fleurs","11":"product_tag-jasmin","12":"product_tag-lotus","13":"product_tag-rose","15":"first","16":"instock","17":"shipping-taxable","18":"purchasable","19":"product-type-simple"},"aioseo_notices":[],"jetpack_sharing_enabled":true,"_links":{"self":[{"href":"https:\/\/kayssoun.com\/en\/wp-json\/wp\/v2\/product\/1943","targetHints":{"allow":["GET"]}}],"collection":[{"href":"https:\/\/kayssoun.com\/en\/wp-json\/wp\/v2\/product"}],"about":[{"href":"https:\/\/kayssoun.com\/en\/wp-json\/wp\/v2\/types\/product"}],"replies":[{"embeddable":true,"href":"https:\/\/kayssoun.com\/en\/wp-json\/wp\/v2\/comments?post=1943"}],"wp:featuredmedia":[{"embeddable":true,"href":"https:\/\/kayssoun.com\/en\/wp-json\/wp\/v2\/media\/2478"}],"wp:attachment":[{"href":"https:\/\/kayssoun.com\/en\/wp-json\/wp\/v2\/media?parent=1943"}],"wp:term":[{"taxonomy":"product_brand","embeddable":true,"href":"https:\/\/kayssoun.com\/en\/wp-json\/wp\/v2\/product_brand?post=1943"},{"taxonomy":"product_cat","embeddable":true,"href":"https:\/\/kayssoun.com\/en\/wp-json\/wp\/v2\/product_cat?post=1943"},{"taxonomy":"product_tag","embeddable":true,"href":"https:\/\/kayssoun.com\/en\/wp-json\/wp\/v2\/product_tag?post=1943"}],"curies":[{"name":"wp","href":"https:\/\/api.w.org\/{rel}","templated":true}]}}