{"id":1925,"date":"2024-05-04T16:30:58","date_gmt":"2024-05-04T14:30:58","guid":{"rendered":"https:\/\/kayssoun.com\/?post_type=product&#038;p=1925"},"modified":"2026-01-16T20:47:09","modified_gmt":"2026-01-16T19:47:09","slug":"oud-cambodgien-aaa","status":"publish","type":"product","link":"https:\/\/kayssoun.com\/en\/boutique\/parfum\/oud\/oud-cambodgien-aaa\/","title":{"rendered":"Oud Cambodgien AAA"},"content":{"rendered":"<p>Le Oud cambodgien AAA est un tr\u00e9sor rare, extrait du bois d\u2019agar, une r\u00e9sine naturelle form\u00e9e au c\u0153ur d\u2019arbres anciens. Ce bois pr\u00e9cieux, originaire des for\u00eats profondes du Cambodge, est recherch\u00e9 depuis des si\u00e8cles pour sa richesse olfactive incomparable.<br \/>\nChaque gramme de ce mat\u00e9riau noble t\u00e9moigne d\u2019un savoir-faire ancestral et d\u2019un respect profond pour la nature.<\/p>\n<p>Lorsqu\u2019il est br\u00fbl\u00e9 comme encens, le oud cambodgien lib\u00e8re une fum\u00e9e dense et enveloppante, \u00e0 la fois bois\u00e9e et ambr\u00e9e.<\/p>\n<p>Son ar\u00f4me \u00e9volue lentement, d\u00e9voilant des nuances chaudes, animales et l\u00e9g\u00e8rement sucr\u00e9es. Cette fragrance unique emplit l\u2019espace d\u2019une atmosph\u00e8re m\u00e9ditative et apaisante, propice \u00e0 la pri\u00e8re, \u00e0 la relaxation ou \u00e0 la contemplation silencieuse.<\/p>\n<p>Son parfum persiste longtemps dans l\u2019air, laissant une impression mystique et noble. En huile ou en encens, il agit aussi sur l\u2019esprit et le corps.<\/p>\n<p>Le oud cambodgien favorise la d\u00e9tente, calme les tensions et aide \u00e0 la concentration. Il est utilis\u00e9 pour cr\u00e9\u00e9 une ambiance propice \u00e0 la m\u00e9ditation, aux invocations, \u00e0 l\u2019adoration, il aide \u00e0 renforcer la paix int\u00e9rieure.<\/p>\n<p>Vendu au gramme, ce bois d\u2019agar naturel est un symbole de luxe et d\u2019authenticit\u00e9.<br \/>\nSon utilisation invite \u00e0 un voyage sensoriel rare, entre tradition, myst\u00e8re et s\u00e9r\u00e9nit\u00e9. Chaque effluve raconte l\u2019\u00e2me du Cambodge et l\u2019art du parfum sacr\u00e9.<\/p>\n<p>Dans cette ambiance d\u2019encens de Oud, d\u00e9couvrez le Oud indien DKN\u00a0<a href=\"https:\/\/kayssoun.com\/en\/boutique\/parfum\/oud\/oud-indien-dkn\/\">https:\/\/kayssoun.com\/boutique\/parfum\/oud\/oud-indien-dkn\/<\/a><\/p>\n<p>Visitez notre m\u00e9dia TikTok\u00a0<a href=\"https:\/\/www.tiktok.com\/@kayssoun_parfums?_t=ZN-90T0RMlIE1j&amp;_r=1\">https:\/\/www.tiktok.com\/@kayssoun_parfums?_t=ZN-90T0RMlIE1j&amp;_r=1<\/a><\/p>","protected":false},"excerpt":{"rendered":"<p>Le oud Cambodgien AAA est le plus appr\u00e9ci\u00e9 du commun des gens, pas besoins d&#8217;\u00eatre amateur de oud pour tomber addict de son parfum unique bois\u00e9 floral.<\/p>","protected":false},"featured_media":1927,"comment_status":"open","ping_status":"closed","template":"","meta":[],"product_brand":[],"product_cat":[20,54],"product_tag":[28,37,51,277,31,247],"class_list":{"0":"post-1925","1":"product","2":"type-product","3":"status-publish","4":"has-post-thumbnail","6":"product_cat-encens","7":"product_cat-oud","8":"product_tag-woody","9":"product_tag-camphre","10":"product_tag-clou-de-girofle","11":"product_tag-floral","12":"product_tag-patchouli","13":"product_tag-vegetal","15":"first","16":"instock","17":"shipping-taxable","18":"purchasable","19":"product-type-simple"},"aioseo_notices":[],"jetpack_sharing_enabled":true,"_links":{"self":[{"href":"https:\/\/kayssoun.com\/en\/wp-json\/wp\/v2\/product\/1925","targetHints":{"allow":["GET"]}}],"collection":[{"href":"https:\/\/kayssoun.com\/en\/wp-json\/wp\/v2\/product"}],"about":[{"href":"https:\/\/kayssoun.com\/en\/wp-json\/wp\/v2\/types\/product"}],"replies":[{"embeddable":true,"href":"https:\/\/kayssoun.com\/en\/wp-json\/wp\/v2\/comments?post=1925"}],"wp:featuredmedia":[{"embeddable":true,"href":"https:\/\/kayssoun.com\/en\/wp-json\/wp\/v2\/media\/1927"}],"wp:attachment":[{"href":"https:\/\/kayssoun.com\/en\/wp-json\/wp\/v2\/media?parent=1925"}],"wp:term":[{"taxonomy":"product_brand","embeddable":true,"href":"https:\/\/kayssoun.com\/en\/wp-json\/wp\/v2\/product_brand?post=1925"},{"taxonomy":"product_cat","embeddable":true,"href":"https:\/\/kayssoun.com\/en\/wp-json\/wp\/v2\/product_cat?post=1925"},{"taxonomy":"product_tag","embeddable":true,"href":"https:\/\/kayssoun.com\/en\/wp-json\/wp\/v2\/product_tag?post=1925"}],"curies":[{"name":"wp","href":"https:\/\/api.w.org\/{rel}","templated":true}]}}