{"id":1922,"date":"2024-05-04T16:21:58","date_gmt":"2024-05-04T14:21:58","guid":{"rendered":"https:\/\/kayssoun.com\/?post_type=product&#038;p=1922"},"modified":"2026-02-21T13:41:43","modified_gmt":"2026-02-21T12:41:43","slug":"oud-sayfi","status":"publish","type":"product","link":"https:\/\/kayssoun.com\/en\/boutique\/parfum\/oud\/oud-sayfi\/","title":{"rendered":"Oud Sayfi"},"content":{"rendered":"<p>Le oud Sayfi est un oud indien connu mondialement pour son parfum qui m\u00eale la chaleur des tons bois\u00e9s a la fra\u00eecheur camphr\u00e9e de vegetation floral &#8230;<\/p>\n<p>Il est appel\u00e9 ainsi car les pointes qui le caract\u00e9rise ressemble a de petites \u00e9p\u00e9es.<\/p>\n<p>Sold by 10gr<\/p>\n<p>En restant dans cette ambiance olfactive, d\u00e9couvrez le Oud Cambodgien AAA\u00a0<a href=\"https:\/\/kayssoun.com\/en\/boutique\/parfum\/oud\/oud-cambodgien-aaa\/\">https:\/\/kayssoun.com\/boutique\/parfum\/oud\/oud-cambodgien-aaa\/<\/a><\/p>\n<p>Visitez notre m\u00e9dia TikTok\u00a0<a href=\"https:\/\/www.tiktok.com\/@kayssoun_parfums?_t=ZN-90T0RMlIE1j&amp;_r=1\">https:\/\/www.tiktok.com\/@kayssoun_parfums?_t=ZN-90T0RMlIE1j&amp;_r=1<\/a><\/p>","protected":false},"excerpt":{"rendered":"<p>Le Oud Sayfi d\u00e9fini bien le oud indien par la richesse de son parfum.<\/p>\n<p>Le Oud Sayfi se reconna\u00eet par les pointes que le bois manifeste dans ses formes.<\/p>","protected":false},"featured_media":2552,"comment_status":"open","ping_status":"closed","template":"","meta":[],"product_brand":[],"product_cat":[20,54],"product_tag":[28,37,52,247],"class_list":{"0":"post-1922","1":"product","2":"type-product","3":"status-publish","4":"has-post-thumbnail","6":"product_cat-encens","7":"product_cat-oud","8":"product_tag-woody","9":"product_tag-camphre","10":"product_tag-cuir","11":"product_tag-vegetal","13":"first","14":"instock","15":"shipping-taxable","16":"purchasable","17":"product-type-simple"},"aioseo_notices":[],"jetpack_sharing_enabled":true,"_links":{"self":[{"href":"https:\/\/kayssoun.com\/en\/wp-json\/wp\/v2\/product\/1922","targetHints":{"allow":["GET"]}}],"collection":[{"href":"https:\/\/kayssoun.com\/en\/wp-json\/wp\/v2\/product"}],"about":[{"href":"https:\/\/kayssoun.com\/en\/wp-json\/wp\/v2\/types\/product"}],"replies":[{"embeddable":true,"href":"https:\/\/kayssoun.com\/en\/wp-json\/wp\/v2\/comments?post=1922"}],"wp:featuredmedia":[{"embeddable":true,"href":"https:\/\/kayssoun.com\/en\/wp-json\/wp\/v2\/media\/2552"}],"wp:attachment":[{"href":"https:\/\/kayssoun.com\/en\/wp-json\/wp\/v2\/media?parent=1922"}],"wp:term":[{"taxonomy":"product_brand","embeddable":true,"href":"https:\/\/kayssoun.com\/en\/wp-json\/wp\/v2\/product_brand?post=1922"},{"taxonomy":"product_cat","embeddable":true,"href":"https:\/\/kayssoun.com\/en\/wp-json\/wp\/v2\/product_cat?post=1922"},{"taxonomy":"product_tag","embeddable":true,"href":"https:\/\/kayssoun.com\/en\/wp-json\/wp\/v2\/product_tag?post=1922"}],"curies":[{"name":"wp","href":"https:\/\/api.w.org\/{rel}","templated":true}]}}