{"id":1920,"date":"2024-05-04T16:11:58","date_gmt":"2024-05-04T14:11:58","guid":{"rendered":"https:\/\/kayssoun.com\/?post_type=product&#038;p=1920"},"modified":"2026-04-11T13:31:56","modified_gmt":"2026-04-11T11:31:56","slug":"oud-jakarta","status":"publish","type":"product","link":"https:\/\/kayssoun.com\/en\/boutique\/parfum\/oud\/oud-jakarta\/","title":{"rendered":"Oud Jakarta"},"content":{"rendered":"<p>Le Oud Jakarta est un Oud indien naturel , un parfum raffin\u00e9 aux effluves bois\u00e9es avec des notes de cuir chauff\u00e9 et de v\u00e9g\u00e9tations&#8230;<\/p>\n<p>Un produit noble, utilis\u00e9 depuis des mill\u00e9naires comme encens.<\/p>\n<p>Le bois d\u2019agar a un parfum qui cr\u00e9\u00e9 une ambiance propice \u00e0 la m\u00e9ditation, les invocations, les adorations.<\/p>\n<p>Sold by 10gr<\/p>\n<p>&nbsp;<\/p>","protected":false},"excerpt":{"rendered":"<p>Le Oud Jakarta est un encens naturel qui ravira les amateurs par son parfum suave et chaud aux notes bois\u00e9es.<\/p>\n<p>Un excellent rapport qualit\u00e9\/prix.<\/p>","protected":false},"featured_media":1921,"comment_status":"open","ping_status":"closed","template":"","meta":[],"product_brand":[],"product_cat":[20,54],"product_tag":[28,246,269,270],"class_list":{"0":"post-1920","1":"product","2":"type-product","3":"status-publish","4":"has-post-thumbnail","6":"product_cat-encens","7":"product_cat-oud","8":"product_tag-woody","9":"product_tag-chaud","10":"product_tag-fume","11":"product_tag-tropical","13":"first","14":"outofstock","15":"shipping-taxable","16":"purchasable","17":"product-type-simple"},"aioseo_notices":[],"jetpack_sharing_enabled":true,"_links":{"self":[{"href":"https:\/\/kayssoun.com\/en\/wp-json\/wp\/v2\/product\/1920","targetHints":{"allow":["GET"]}}],"collection":[{"href":"https:\/\/kayssoun.com\/en\/wp-json\/wp\/v2\/product"}],"about":[{"href":"https:\/\/kayssoun.com\/en\/wp-json\/wp\/v2\/types\/product"}],"replies":[{"embeddable":true,"href":"https:\/\/kayssoun.com\/en\/wp-json\/wp\/v2\/comments?post=1920"}],"wp:featuredmedia":[{"embeddable":true,"href":"https:\/\/kayssoun.com\/en\/wp-json\/wp\/v2\/media\/1921"}],"wp:attachment":[{"href":"https:\/\/kayssoun.com\/en\/wp-json\/wp\/v2\/media?parent=1920"}],"wp:term":[{"taxonomy":"product_brand","embeddable":true,"href":"https:\/\/kayssoun.com\/en\/wp-json\/wp\/v2\/product_brand?post=1920"},{"taxonomy":"product_cat","embeddable":true,"href":"https:\/\/kayssoun.com\/en\/wp-json\/wp\/v2\/product_cat?post=1920"},{"taxonomy":"product_tag","embeddable":true,"href":"https:\/\/kayssoun.com\/en\/wp-json\/wp\/v2\/product_tag?post=1920"}],"curies":[{"name":"wp","href":"https:\/\/api.w.org\/{rel}","templated":true}]}}