{"id":1914,"date":"2024-05-04T15:07:09","date_gmt":"2024-05-04T13:07:09","guid":{"rendered":"https:\/\/kayssoun.com\/?post_type=product&#038;p=1914"},"modified":"2025-12-10T03:54:28","modified_gmt":"2025-12-10T02:54:28","slug":"oud-indien-dkn","status":"publish","type":"product","link":"https:\/\/kayssoun.com\/en\/boutique\/parfum\/oud\/oud-indien-dkn\/","title":{"rendered":"Oud indien DKN"},"content":{"rendered":"<p>Le oud indien DKN est un oud indien naturel au parfum bois\u00e9 avec des notes de cuir chauff\u00e9 , de v\u00e9g\u00e9tation tropicale &#8230;<\/p>\n<p>Un parfum tres appr\u00e9ci\u00e9. Certain morceaux sont plus huileux que d&#8217;autres.<\/p>\n<p>Son rapport qualit\u00e9 prix est exceptionnel<\/p>\n<p>vendu par 10gr<\/p>\n<p>Dans le m\u00eame esprit, d\u00e9couvrez le Oud Vietnamien B\u00a0<a href=\"https:\/\/kayssoun.com\/en\/boutique\/parfum\/oud\/oud-vietnamien-b\/\">https:\/\/kayssoun.com\/boutique\/parfum\/oud\/oud-vietnamien-b\/<\/a><\/p>\n<p>Visitez notre TikTok\u00a0<a href=\"https:\/\/www.tiktok.com\/@kayssoun_parfums?_t=ZN-90T0RMlIE1j&amp;_r=1\">https:\/\/www.tiktok.com\/@kayssoun_parfums?_t=ZN-90T0RMlIE1j&amp;_r=1<\/a><\/p>","protected":false},"excerpt":{"rendered":"<p>Le oud indien DKN est un oud naturellement parfum\u00e9 au rapport qualit\u00e9\/prix tr\u00e8s int\u00e9ressant.<\/p>","protected":false},"featured_media":2526,"comment_status":"open","ping_status":"closed","template":"","meta":[],"product_brand":[],"product_cat":[20,54],"product_tag":[34],"class_list":{"0":"post-1914","1":"product","2":"type-product","3":"status-publish","4":"has-post-thumbnail","6":"product_cat-encens","7":"product_cat-oud","8":"product_tag-ambre","10":"first","11":"instock","12":"shipping-taxable","13":"purchasable","14":"product-type-simple"},"aioseo_notices":[],"jetpack_sharing_enabled":true,"_links":{"self":[{"href":"https:\/\/kayssoun.com\/en\/wp-json\/wp\/v2\/product\/1914","targetHints":{"allow":["GET"]}}],"collection":[{"href":"https:\/\/kayssoun.com\/en\/wp-json\/wp\/v2\/product"}],"about":[{"href":"https:\/\/kayssoun.com\/en\/wp-json\/wp\/v2\/types\/product"}],"replies":[{"embeddable":true,"href":"https:\/\/kayssoun.com\/en\/wp-json\/wp\/v2\/comments?post=1914"}],"wp:featuredmedia":[{"embeddable":true,"href":"https:\/\/kayssoun.com\/en\/wp-json\/wp\/v2\/media\/2526"}],"wp:attachment":[{"href":"https:\/\/kayssoun.com\/en\/wp-json\/wp\/v2\/media?parent=1914"}],"wp:term":[{"taxonomy":"product_brand","embeddable":true,"href":"https:\/\/kayssoun.com\/en\/wp-json\/wp\/v2\/product_brand?post=1914"},{"taxonomy":"product_cat","embeddable":true,"href":"https:\/\/kayssoun.com\/en\/wp-json\/wp\/v2\/product_cat?post=1914"},{"taxonomy":"product_tag","embeddable":true,"href":"https:\/\/kayssoun.com\/en\/wp-json\/wp\/v2\/product_tag?post=1914"}],"curies":[{"name":"wp","href":"https:\/\/api.w.org\/{rel}","templated":true}]}}