{"id":1909,"date":"2024-05-03T12:36:39","date_gmt":"2024-05-03T10:36:39","guid":{"rendered":"https:\/\/kayssoun.com\/?post_type=product&#038;p=1909"},"modified":"2025-11-11T14:12:46","modified_gmt":"2025-11-11T13:12:46","slug":"oud-vietnamien-b","status":"publish","type":"product","link":"https:\/\/kayssoun.com\/en\/boutique\/parfum\/oud\/oud-vietnamien-b\/","title":{"rendered":"Oud Vietnamien B"},"content":{"rendered":"<p>Le Oud Vietnamien B est un Oud naturel, son parfum est tr\u00e8s agr\u00e9able, des effluves bois\u00e9es avec une note florale camphr\u00e9e qui donne cette particularit\u00e9 au bois d&#8217;agar de cette region, comme le bois pr\u00e9cieux du cambodge.<\/p>\n<p>Son parfum embaume longuement l&#8217;endroit dans lequel le bois est brul\u00e9.<\/p>\n<p>Ses vertus sont apaisantes, id\u00e9al pour cr\u00e9er un moment propice a la m\u00e9ditation.<\/p>\n<p>Sold by 10gr<\/p>","protected":false},"excerpt":{"rendered":"<p>Le oud vietnamien B est un bois pr\u00e9cieux parfum\u00e9, aux notes bois\u00e9es chaudes et suaves. Il a rapport qualit\u00e9\/prix tr\u00e8s int\u00e9ressant.<\/p>","protected":false},"featured_media":1910,"comment_status":"open","ping_status":"closed","template":"","meta":[],"product_brand":[],"product_cat":[20,54],"product_tag":[28,37,277,269],"class_list":{"0":"post-1909","1":"product","2":"type-product","3":"status-publish","4":"has-post-thumbnail","6":"product_cat-encens","7":"product_cat-oud","8":"product_tag-woody","9":"product_tag-camphre","10":"product_tag-floral","11":"product_tag-fume","13":"first","14":"outofstock","15":"shipping-taxable","16":"purchasable","17":"product-type-simple"},"aioseo_notices":[],"jetpack_sharing_enabled":true,"_links":{"self":[{"href":"https:\/\/kayssoun.com\/en\/wp-json\/wp\/v2\/product\/1909","targetHints":{"allow":["GET"]}}],"collection":[{"href":"https:\/\/kayssoun.com\/en\/wp-json\/wp\/v2\/product"}],"about":[{"href":"https:\/\/kayssoun.com\/en\/wp-json\/wp\/v2\/types\/product"}],"replies":[{"embeddable":true,"href":"https:\/\/kayssoun.com\/en\/wp-json\/wp\/v2\/comments?post=1909"}],"wp:featuredmedia":[{"embeddable":true,"href":"https:\/\/kayssoun.com\/en\/wp-json\/wp\/v2\/media\/1910"}],"wp:attachment":[{"href":"https:\/\/kayssoun.com\/en\/wp-json\/wp\/v2\/media?parent=1909"}],"wp:term":[{"taxonomy":"product_brand","embeddable":true,"href":"https:\/\/kayssoun.com\/en\/wp-json\/wp\/v2\/product_brand?post=1909"},{"taxonomy":"product_cat","embeddable":true,"href":"https:\/\/kayssoun.com\/en\/wp-json\/wp\/v2\/product_cat?post=1909"},{"taxonomy":"product_tag","embeddable":true,"href":"https:\/\/kayssoun.com\/en\/wp-json\/wp\/v2\/product_tag?post=1909"}],"curies":[{"name":"wp","href":"https:\/\/api.w.org\/{rel}","templated":true}]}}