{"id":1886,"date":"2024-04-27T20:11:52","date_gmt":"2024-04-27T18:11:52","guid":{"rendered":"https:\/\/kayssoun.com\/?post_type=product&#038;p=1886"},"modified":"2025-12-02T00:41:26","modified_gmt":"2025-12-01T23:41:26","slug":"encens-foulky","status":"publish","type":"product","link":"https:\/\/kayssoun.com\/en\/boutique\/parfum\/oud\/encens-foulky\/","title":{"rendered":"Encens Foulky"},"content":{"rendered":"<p>Incense composed of natural Oud chips soaked in flowery distilled oils.<\/p>\n<p>Ses effluves sont harmonieuses, bois\u00e9es avec des notes fraiches de lavandes, et plus chaudes de vanille.<\/p>\n<p>Un parfum tr\u00e8s agr\u00e9able qui plait beaucoup , il parfumera votre maison longuement .<\/p>\n<p>Ideal for a moment conducive to meditation.<\/p>\n<p>Vendu par sachet herm\u00e9tique de 15gr<\/p>\n<p>Decouvrez \u00e9galement ce parfum d\u2019ambiance qu\u2019est Poudre d\u2019ambre\u00a0<a href=\"https:\/\/kayssoun.com\/en\/boutique\/encens\/poudre-ambre\/\">https:\/\/kayssoun.com\/boutique\/encens\/poudre-ambre\/<\/a><\/p>\n<p>Visitez notre TikTok\u00a0<a href=\"https:\/\/www.tiktok.com\/@kayssoun_parfums?_t=ZN-90T0RMlIE1j&amp;_r=1\">https:\/\/www.tiktok.com\/@kayssoun_parfums?_t=ZN-90T0RMlIE1j&amp;_r=1<\/a><\/p>","protected":false},"excerpt":{"rendered":"<p>Encens Foulky, un encens compos\u00e9 de bois naturel de lavande et vanille qui s\u00e9duit par son parfum tr\u00e8s agr\u00e9able.<\/p>","protected":false},"featured_media":2523,"comment_status":"open","ping_status":"closed","template":"","meta":[],"product_brand":[],"product_cat":[20,54],"product_tag":[28,30,36,276,42],"class_list":{"0":"post-1886","1":"product","2":"type-product","3":"status-publish","4":"has-post-thumbnail","6":"product_cat-encens","7":"product_cat-oud","8":"product_tag-woody","9":"product_tag-flowery","10":"product_tag-frais","11":"product_tag-lavande","12":"product_tag-vanille","14":"first","15":"instock","16":"shipping-taxable","17":"purchasable","18":"product-type-simple"},"aioseo_notices":[],"jetpack_sharing_enabled":true,"_links":{"self":[{"href":"https:\/\/kayssoun.com\/en\/wp-json\/wp\/v2\/product\/1886","targetHints":{"allow":["GET"]}}],"collection":[{"href":"https:\/\/kayssoun.com\/en\/wp-json\/wp\/v2\/product"}],"about":[{"href":"https:\/\/kayssoun.com\/en\/wp-json\/wp\/v2\/types\/product"}],"replies":[{"embeddable":true,"href":"https:\/\/kayssoun.com\/en\/wp-json\/wp\/v2\/comments?post=1886"}],"wp:featuredmedia":[{"embeddable":true,"href":"https:\/\/kayssoun.com\/en\/wp-json\/wp\/v2\/media\/2523"}],"wp:attachment":[{"href":"https:\/\/kayssoun.com\/en\/wp-json\/wp\/v2\/media?parent=1886"}],"wp:term":[{"taxonomy":"product_brand","embeddable":true,"href":"https:\/\/kayssoun.com\/en\/wp-json\/wp\/v2\/product_brand?post=1886"},{"taxonomy":"product_cat","embeddable":true,"href":"https:\/\/kayssoun.com\/en\/wp-json\/wp\/v2\/product_cat?post=1886"},{"taxonomy":"product_tag","embeddable":true,"href":"https:\/\/kayssoun.com\/en\/wp-json\/wp\/v2\/product_tag?post=1886"}],"curies":[{"name":"wp","href":"https:\/\/api.w.org\/{rel}","templated":true}]}}