{"id":1882,"date":"2024-04-27T19:44:08","date_gmt":"2024-04-27T17:44:08","guid":{"rendered":"https:\/\/kayssoun.com\/?post_type=product&#038;p=1882"},"modified":"2026-04-20T23:55:34","modified_gmt":"2026-04-20T21:55:34","slug":"poudre-ambre","status":"publish","type":"product","link":"https:\/\/kayssoun.com\/en\/boutique\/ambre\/poudre-ambre\/","title":{"rendered":"Amber Powder"},"content":{"rendered":"<p>\u2728 <span style=\"font-size: 14.4px;\">Poudre d\u2019Ambre \u2013 M\u00e9lange Naturel de Sept Ambres Uniques<\/span><\/p>\n<p>La Poudre d\u2019Ambre que nous vous proposons est un m\u00e9lange harmonieux de sept ambres v\u00e9g\u00e9tales naturelles, soigneusement s\u00e9lectionn\u00e9es pour offrir un parfum absolument unique.<\/p>\n<p>Pr\u00e9sent\u00e9e sous forme de petits grains ambr\u00e9s, cette poudre est un v\u00e9ritable tr\u00e9sor olfactif qui m\u00eale des effluves douces, l\u00e9g\u00e8rement sucr\u00e9es, et des notes terreuses subtiles.<\/p>\n<p>Utilisation polyvalente : vous pouvez placer un peu de cette poudre dans un petit pot ouvert dans votre placard. Elle diffusera d\u00e9licatement son parfum parmi vos v\u00eatements, parfumant votre linge d\u2019une touche ambr\u00e9e raffin\u00e9e.<\/p>\n<p>Encens doux et chaleureux : pour l\u2019utiliser comme encens, il suffit de d\u00e9poser une petite quantit\u00e9 de poudre d\u2019ambre sur une feuille d\u2019aluminium plac\u00e9e sur une source de chaleur douce.<\/p>\n<p>L\u2019ambre fond lentement et lib\u00e8re une fum\u00e9e subtile et enveloppante, parfaite pour cr\u00e9er une atmosph\u00e8re relaxante et apaisante dans votre maison.<\/p>\n<p>Conditionnement : la poudre d\u2019ambre est vendue en pot de 5 gr.<\/p>\n<p>D\u00e9couvrez \u00e9galement le parfum en grains Gold Dust\u00a0<a href=\"https:\/\/kayssoun.com\/en\/boutique\/parfum\/gold-dust\/\">https:\/\/kayssoun.com\/boutique\/parfum\/gold-dust\/<\/a><\/p>\n<p>Visitez notre m\u00e9dia TikTok kayssoun\u00a0<a href=\"https:\/\/www.tiktok.com\/@kayssoun_parfums?_t=ZN-90T0RMlIE1j&amp;_r=1\">https:\/\/www.tiktok.com\/@kayssoun_parfums?_t=ZN-90T0RMlIE1j&amp;_r=1<\/a><\/p>","protected":false},"excerpt":{"rendered":"<p>La poudre d\u2019ambre Kayssoun est un m\u00e9lange de sept ambres v\u00e9g\u00e9tales naturelles. Son parfum doux et chaleureux embaume le linge ou parfume d\u00e9licatement votre int\u00e9rieur.<\/p>","protected":false},"featured_media":2507,"comment_status":"open","ping_status":"closed","template":"","meta":[],"product_brand":[],"product_cat":[248,20],"product_tag":[34,246,32,42],"class_list":{"0":"post-1882","1":"product","2":"type-product","3":"status-publish","4":"has-post-thumbnail","6":"product_cat-ambre","7":"product_cat-encens","8":"product_tag-ambre","9":"product_tag-chaud","10":"product_tag-terreux","11":"product_tag-vanille","13":"first","14":"instock","15":"shipping-taxable","16":"purchasable","17":"product-type-simple"},"aioseo_notices":[],"jetpack_sharing_enabled":true,"_links":{"self":[{"href":"https:\/\/kayssoun.com\/en\/wp-json\/wp\/v2\/product\/1882","targetHints":{"allow":["GET"]}}],"collection":[{"href":"https:\/\/kayssoun.com\/en\/wp-json\/wp\/v2\/product"}],"about":[{"href":"https:\/\/kayssoun.com\/en\/wp-json\/wp\/v2\/types\/product"}],"replies":[{"embeddable":true,"href":"https:\/\/kayssoun.com\/en\/wp-json\/wp\/v2\/comments?post=1882"}],"wp:featuredmedia":[{"embeddable":true,"href":"https:\/\/kayssoun.com\/en\/wp-json\/wp\/v2\/media\/2507"}],"wp:attachment":[{"href":"https:\/\/kayssoun.com\/en\/wp-json\/wp\/v2\/media?parent=1882"}],"wp:term":[{"taxonomy":"product_brand","embeddable":true,"href":"https:\/\/kayssoun.com\/en\/wp-json\/wp\/v2\/product_brand?post=1882"},{"taxonomy":"product_cat","embeddable":true,"href":"https:\/\/kayssoun.com\/en\/wp-json\/wp\/v2\/product_cat?post=1882"},{"taxonomy":"product_tag","embeddable":true,"href":"https:\/\/kayssoun.com\/en\/wp-json\/wp\/v2\/product_tag?post=1882"}],"curies":[{"name":"wp","href":"https:\/\/api.w.org\/{rel}","templated":true}]}}