{"id":1863,"date":"2024-04-21T16:48:06","date_gmt":"2024-04-21T14:48:06","guid":{"rendered":"https:\/\/kayssoun.com\/?post_type=product&#038;p=1863"},"modified":"2026-02-01T01:52:36","modified_gmt":"2026-02-01T00:52:36","slug":"sherazade","status":"publish","type":"product","link":"https:\/\/kayssoun.com\/en\/boutique\/parfum\/sherazade\/","title":{"rendered":"Sherazade"},"content":{"rendered":"<p>Sherazade est un parfum f\u00e9minin, \u00e0 la fois frais et tonique,qui enveloppe d\u00e9licatement les sens.<\/p>\n<p>Ses notes florales se m\u00ealent avec harmonie, apportant une touche joyeuse et lumineuse \u00e0 chaque effluve.<\/p>\n<p>En fond, une l\u00e9g\u00e8re note sucr\u00e9e et citronn\u00e9e \u00e9voque un voyage enchanteur \u00e0 travers un champ de fleurs \u00e9clatantes, s\u00e9duisant quiconque s\u2019en impr\u00e8gne!<\/p>\n<p>Le parfum Sherazade offre un sillage g\u00e9n\u00e9reux et une bonne tenue,tandis que sa texture l\u00e9g\u00e8rement huileuse et sa couleur presque dor\u00e9e ajoutent \u00e0 son charme et \u00e0 son \u00e9l\u00e9gance<\/p>\n<p>V\u00e9ritable tr\u00e9sor olfactif, Sherazade invite \u00e0 un voyage sensoriel inoubliable.<\/p>\n<p>Disponible en flacon de 3ml et 12ml selon votre choix.<\/p>\n<p>Faites une nouvelle escale sensorielle avec notre parfum Diams\u00a0<a href=\"https:\/\/kayssoun.com\/en\/boutique\/parfum\/diams\/\">https:\/\/kayssoun.com\/boutique\/parfum\/diams\/<\/a><\/p>\n<p>&nbsp;<\/p>\n<p>D\u00e9couvrez notre compte TikTok Kayssoun\u00a0<a href=\"https:\/\/www.tiktok.com\/@kayssoun_parfums?_t=ZN-90S6fifMeec&amp;_r=1\">https:\/\/www.tiktok.com\/@kayssoun_parfums?_t=ZN-90S6fifMeec&amp;_r=1<\/a><\/p>","protected":false},"excerpt":{"rendered":"<p>Sherazade un parfum f\u00e9minin frais et tonique, aux notes florales harmonieuses et une touche sucr\u00e9e citronn\u00e9e, \u00e9voquant un champ de fleurs \u00e9clatantes.<\/p>","protected":false},"featured_media":2436,"comment_status":"open","ping_status":"closed","template":"","meta":[],"product_brand":[],"product_cat":[19],"product_tag":[30,36,45,33],"class_list":{"0":"post-1863","1":"product","2":"type-product","3":"status-publish","4":"has-post-thumbnail","6":"product_cat-parfum","7":"product_tag-flowery","8":"product_tag-frais","9":"product_tag-santal","10":"product_tag-sucre","12":"first","13":"instock","14":"sale","15":"featured","16":"shipping-taxable","17":"purchasable","18":"product-type-variable","19":"has-default-attributes"},"aioseo_notices":[],"jetpack_sharing_enabled":true,"_links":{"self":[{"href":"https:\/\/kayssoun.com\/en\/wp-json\/wp\/v2\/product\/1863","targetHints":{"allow":["GET"]}}],"collection":[{"href":"https:\/\/kayssoun.com\/en\/wp-json\/wp\/v2\/product"}],"about":[{"href":"https:\/\/kayssoun.com\/en\/wp-json\/wp\/v2\/types\/product"}],"replies":[{"embeddable":true,"href":"https:\/\/kayssoun.com\/en\/wp-json\/wp\/v2\/comments?post=1863"}],"wp:featuredmedia":[{"embeddable":true,"href":"https:\/\/kayssoun.com\/en\/wp-json\/wp\/v2\/media\/2436"}],"wp:attachment":[{"href":"https:\/\/kayssoun.com\/en\/wp-json\/wp\/v2\/media?parent=1863"}],"wp:term":[{"taxonomy":"product_brand","embeddable":true,"href":"https:\/\/kayssoun.com\/en\/wp-json\/wp\/v2\/product_brand?post=1863"},{"taxonomy":"product_cat","embeddable":true,"href":"https:\/\/kayssoun.com\/en\/wp-json\/wp\/v2\/product_cat?post=1863"},{"taxonomy":"product_tag","embeddable":true,"href":"https:\/\/kayssoun.com\/en\/wp-json\/wp\/v2\/product_tag?post=1863"}],"curies":[{"name":"wp","href":"https:\/\/api.w.org\/{rel}","templated":true}]}}