{"id":1823,"date":"2024-03-17T05:13:48","date_gmt":"2024-03-17T04:13:48","guid":{"rendered":"https:\/\/kayssoun.com\/?post_type=product&#038;p=1823"},"modified":"2026-03-14T18:49:19","modified_gmt":"2026-03-14T17:49:19","slug":"panier-des-4-succes","status":"publish","type":"product","link":"https:\/\/kayssoun.com\/en\/boutique\/parfum\/panier-des-4-succes\/","title":{"rendered":"Le panier des 4 succ\u00e8s"},"content":{"rendered":"<p>D\u00e9couvrez le Panier des 4 succ\u00e8s!<\/p>\n<p>Plongez dans l\u2019exotisme avec le parfum lotus indien, ses effluves purs de lotus d\u2019Inde sont un ravissement olfactif.<\/p>\n<p>Laissez vous s\u00e9duire par Candy, un parfum floral et fruit\u00e9, parfait pour les amateurs de douceur.<\/p>\n<p>Explorer Lorient avec Hispahan, aux notes \u00e9pic\u00e9es et envo\u00fbtantes.<\/p>\n<p>Enfin, laissez-vous emporter par Printemps, un Parfum, fleuri et frais, id\u00e9al pour toute c\u00e9l\u00e9bration.<\/p>\n<p>Ce panier, r\u00e9unis, quatre tr\u00e9sors olfactifs \u00e0 un prix exceptionnel.<br \/>\nAlors ne manquez pas cette offre unique qui vous permet de d\u00e9couvrir quatre des parfums les plus populaires \u00e0 un tarif irr\u00e9sistible !<\/p>\n<p>Aussi vous pouvez lire la description d\u00e9taill\u00e9e de chacun de ces magnifiques parfums sur leurs fiches respectives.<\/p>\n<p>Chaque flacon fait 3ml.<\/p>\n<p>&nbsp;<\/p>\n<p>D\u00e9couvrez \u00e9galement le parfum N\u00e9gus aux notes d\u2019amandes\u00a0<a href=\"https:\/\/kayssoun.com\/en\/boutique\/parfum\/negus\/\">https:\/\/kayssoun.com\/boutique\/parfum\/negus\/<\/a><\/p>\n<p>&nbsp;<\/p>\n<p>visitez notre compte TikTok\u00a0<a href=\"https:\/\/www.tiktok.com\/@kayssoun_parfums?_t=ZN-90T0RMlIE1j&amp;_r=1\">https:\/\/www.tiktok.com\/@kayssoun_parfums?_t=ZN-90T0RMlIE1j&amp;_r=1<\/a><\/p>","protected":false},"excerpt":{"rendered":"<p>Panier des 4 succ\u00e8s: Lotus indien, Candy, Hispahan et Printemps, quatre parfums pl\u00e9biscit\u00e9s \u00e0 un prix exceptionnel!<\/p>","protected":false},"featured_media":2438,"comment_status":"open","ping_status":"closed","template":"","meta":[],"product_brand":[],"product_cat":[19],"product_tag":[236,244,30,36,33,42],"class_list":{"0":"post-1823","1":"product","2":"type-product","3":"status-publish","4":"has-post-thumbnail","6":"product_cat-parfum","7":"product_tag-caramel","8":"product_tag-citron","9":"product_tag-flowery","10":"product_tag-frais","11":"product_tag-sucre","12":"product_tag-vanille","14":"first","15":"instock","16":"sale","17":"featured","18":"shipping-taxable","19":"purchasable","20":"product-type-variable"},"aioseo_notices":[],"jetpack_sharing_enabled":true,"_links":{"self":[{"href":"https:\/\/kayssoun.com\/en\/wp-json\/wp\/v2\/product\/1823","targetHints":{"allow":["GET"]}}],"collection":[{"href":"https:\/\/kayssoun.com\/en\/wp-json\/wp\/v2\/product"}],"about":[{"href":"https:\/\/kayssoun.com\/en\/wp-json\/wp\/v2\/types\/product"}],"replies":[{"embeddable":true,"href":"https:\/\/kayssoun.com\/en\/wp-json\/wp\/v2\/comments?post=1823"}],"wp:featuredmedia":[{"embeddable":true,"href":"https:\/\/kayssoun.com\/en\/wp-json\/wp\/v2\/media\/2438"}],"wp:attachment":[{"href":"https:\/\/kayssoun.com\/en\/wp-json\/wp\/v2\/media?parent=1823"}],"wp:term":[{"taxonomy":"product_brand","embeddable":true,"href":"https:\/\/kayssoun.com\/en\/wp-json\/wp\/v2\/product_brand?post=1823"},{"taxonomy":"product_cat","embeddable":true,"href":"https:\/\/kayssoun.com\/en\/wp-json\/wp\/v2\/product_cat?post=1823"},{"taxonomy":"product_tag","embeddable":true,"href":"https:\/\/kayssoun.com\/en\/wp-json\/wp\/v2\/product_tag?post=1823"}],"curies":[{"name":"wp","href":"https:\/\/api.w.org\/{rel}","templated":true}]}}