{"id":1772,"date":"2024-01-21T16:37:18","date_gmt":"2024-01-21T15:37:18","guid":{"rendered":"https:\/\/kayssoun.com\/?post_type=product&#038;p=1772"},"modified":"2026-04-11T10:36:15","modified_gmt":"2026-04-11T08:36:15","slug":"oud-indonesien-clair","status":"publish","type":"product","link":"https:\/\/kayssoun.com\/en\/boutique\/parfum\/oud\/oud-indonesien-clair\/","title":{"rendered":"Oud indon\u00e9sien clair"},"content":{"rendered":"<p>Le Oud Indon\u00e9sien clair est un encens naturel qui lorsqu&#8217;il est plac\u00e9 sur une source de chaleur d\u00e9gage un parfum fumig\u00e8ne provenant de l&#8217;huile qu&#8217;il porte en son seins.<\/p>\n<p>Le parfum de ce oud est celui d&#8217;un bois sec, des notes chaudes et suaves de bois fum\u00e9, des effluves de terres s\u00e9ch\u00e9es apres la pluie &#8230;. un vrai voyage olfactif<\/p>\n<p>Un parfum tr\u00e8s agr\u00e9able qui parfumera votre maison longuement .<\/p>\n<p>Ideal for a moment conducive to meditation.<\/p>\n<p>Sold by 10gr<\/p>","protected":false},"excerpt":{"rendered":"<p>Oud indon\u00e9sien clair, un Oud extra qui donne un encens tr\u00e8s parfumer et appr\u00e9cier des amateurs d\u2019agar Wood. Tr\u00e8s bon rapport qualit\u00e9\/prix.<\/p>","protected":false},"featured_media":1774,"comment_status":"open","ping_status":"closed","template":"","meta":[],"product_brand":[],"product_cat":[20,54],"product_tag":[28,269,32,270],"class_list":{"0":"post-1772","1":"product","2":"type-product","3":"status-publish","4":"has-post-thumbnail","6":"product_cat-encens","7":"product_cat-oud","8":"product_tag-woody","9":"product_tag-fume","10":"product_tag-terreux","11":"product_tag-tropical","13":"first","14":"instock","15":"shipping-taxable","16":"purchasable","17":"product-type-simple"},"aioseo_notices":[],"jetpack_sharing_enabled":true,"_links":{"self":[{"href":"https:\/\/kayssoun.com\/en\/wp-json\/wp\/v2\/product\/1772","targetHints":{"allow":["GET"]}}],"collection":[{"href":"https:\/\/kayssoun.com\/en\/wp-json\/wp\/v2\/product"}],"about":[{"href":"https:\/\/kayssoun.com\/en\/wp-json\/wp\/v2\/types\/product"}],"replies":[{"embeddable":true,"href":"https:\/\/kayssoun.com\/en\/wp-json\/wp\/v2\/comments?post=1772"}],"wp:featuredmedia":[{"embeddable":true,"href":"https:\/\/kayssoun.com\/en\/wp-json\/wp\/v2\/media\/1774"}],"wp:attachment":[{"href":"https:\/\/kayssoun.com\/en\/wp-json\/wp\/v2\/media?parent=1772"}],"wp:term":[{"taxonomy":"product_brand","embeddable":true,"href":"https:\/\/kayssoun.com\/en\/wp-json\/wp\/v2\/product_brand?post=1772"},{"taxonomy":"product_cat","embeddable":true,"href":"https:\/\/kayssoun.com\/en\/wp-json\/wp\/v2\/product_cat?post=1772"},{"taxonomy":"product_tag","embeddable":true,"href":"https:\/\/kayssoun.com\/en\/wp-json\/wp\/v2\/product_tag?post=1772"}],"curies":[{"name":"wp","href":"https:\/\/api.w.org\/{rel}","templated":true}]}}