{"id":1769,"date":"2024-01-21T16:17:48","date_gmt":"2024-01-21T15:17:48","guid":{"rendered":"https:\/\/kayssoun.com\/?post_type=product&#038;p=1769"},"modified":"2026-04-11T10:36:15","modified_gmt":"2026-04-11T08:36:15","slug":"bois-oud-marouky","status":"publish","type":"product","link":"https:\/\/kayssoun.com\/en\/boutique\/parfum\/oud\/bois-oud-marouky\/","title":{"rendered":"Marouky Oud wood 10g"},"content":{"rendered":"<p>\ud83c\udf3f <span style=\"font-size: 14.4px;\">Bois de Oud Marouky \u2014 Encens naturel de prestige.<\/span><\/p>\n<p>D\u00e9couvrez la raret\u00e9 et la profondeur du Bois d\u2019Agar Marouky, un encens pr\u00e9cieux originaire du Cambodge. Il est reconnu pour la puret\u00e9 de son parfum et la richesse de son huile naturelle.<\/p>\n<p>Lorsqu\u2019il est chauff\u00e9, ce bois lib\u00e8re lentement une huile aromatique qui diffuse un parfum profond, noble et apaisant. Son ar\u00f4me \u00e9volutif r\u00e9v\u00e8le :<\/p>\n<p>\ud83c\udf38 En t\u00eate : une douceur subtile, l\u00e9g\u00e8rement sucr\u00e9e et enveloppante.<\/p>\n<p>\ud83c\udf3f En c\u0153ur : des notes bois\u00e9es et r\u00e9sineuses d\u2019une grande \u00e9l\u00e9gance.<\/p>\n<p>\ud83c\udf30 En fond : une touche terreuse et musqu\u00e9e, persistante et chaleureuse.<\/p>\n<p>Le Marouki est l\u2019un des bois d\u2019agar les plus recherch\u00e9s pour sa qualit\u00e9 olfactive exceptionnelle et sa fum\u00e9e raffin\u00e9e.<br \/>\nId\u00e9al pour la m\u00e9ditation, la d\u00e9tente ou simplement pour parfumer d\u00e9licatement votre int\u00e9rieur! Il invite \u00e0 un moment de s\u00e9r\u00e9nit\u00e9 et de connexion spirituelle.<\/p>\n<p>\ud83d\udca8 Utilisation : br\u00fbler doucement un petit morceau sur un charbon ou un diffuseur sp\u00e9cial pour encens naturels.<\/p>\n<p>\u2696\ufe0f Conditionnement : vendu par 10 grammes.<\/p>\n<p>&nbsp;<\/p>\n<p>Dans le m\u00eame esprit, d\u00e9couvrez le Oud indien DKN\u00a0<a href=\"https:\/\/kayssoun.com\/en\/boutique\/parfum\/oud\/oud-indien-dkn\/\">https:\/\/kayssoun.com\/boutique\/parfum\/oud\/oud-indien-dkn\/<\/a><\/p>\n<p>&nbsp;<\/p>\n<p>Visitez notre m\u00e9dia TikTok\u00a0<a href=\"https:\/\/www.tiktok.com\/@kayssoun_parfums?_t=ZN-90T0RMlIE1j&amp;_r=1\">https:\/\/www.tiktok.com\/@kayssoun_parfums?_t=ZN-90T0RMlIE1j&amp;_r=1<\/a><\/p>","protected":false},"excerpt":{"rendered":"<p>Appr\u00e9ciez la richesse du Bois de Oud Marouky, encens naturel du Cambodge. Un parfum bois\u00e9, doux et profond, id\u00e9al pour la relaxation et la m\u00e9ditation.<\/p>\n<p>Ce oud est d&#8217;un rapport qualit\u00e9 prix tres int\u00e9ressant<\/p>","protected":false},"featured_media":2505,"comment_status":"open","ping_status":"closed","template":"","meta":[],"product_brand":[],"product_cat":[20,54],"product_tag":[28,240,32],"class_list":{"0":"post-1769","1":"product","2":"type-product","3":"status-publish","4":"has-post-thumbnail","6":"product_cat-encens","7":"product_cat-oud","8":"product_tag-woody","9":"product_tag-chocolat","10":"product_tag-terreux","12":"first","13":"instock","14":"shipping-taxable","15":"purchasable","16":"product-type-simple"},"aioseo_notices":[],"jetpack_sharing_enabled":true,"_links":{"self":[{"href":"https:\/\/kayssoun.com\/en\/wp-json\/wp\/v2\/product\/1769","targetHints":{"allow":["GET"]}}],"collection":[{"href":"https:\/\/kayssoun.com\/en\/wp-json\/wp\/v2\/product"}],"about":[{"href":"https:\/\/kayssoun.com\/en\/wp-json\/wp\/v2\/types\/product"}],"replies":[{"embeddable":true,"href":"https:\/\/kayssoun.com\/en\/wp-json\/wp\/v2\/comments?post=1769"}],"wp:featuredmedia":[{"embeddable":true,"href":"https:\/\/kayssoun.com\/en\/wp-json\/wp\/v2\/media\/2505"}],"wp:attachment":[{"href":"https:\/\/kayssoun.com\/en\/wp-json\/wp\/v2\/media?parent=1769"}],"wp:term":[{"taxonomy":"product_brand","embeddable":true,"href":"https:\/\/kayssoun.com\/en\/wp-json\/wp\/v2\/product_brand?post=1769"},{"taxonomy":"product_cat","embeddable":true,"href":"https:\/\/kayssoun.com\/en\/wp-json\/wp\/v2\/product_cat?post=1769"},{"taxonomy":"product_tag","embeddable":true,"href":"https:\/\/kayssoun.com\/en\/wp-json\/wp\/v2\/product_tag?post=1769"}],"curies":[{"name":"wp","href":"https:\/\/api.w.org\/{rel}","templated":true}]}}