{"id":1757,"date":"2024-01-08T22:58:20","date_gmt":"2024-01-08T21:58:20","guid":{"rendered":"https:\/\/kayssoun.com\/?post_type=product&#038;p=1757"},"modified":"2026-04-06T17:20:01","modified_gmt":"2026-04-06T15:20:01","slug":"lotus-indien","status":"publish","type":"product","link":"https:\/\/kayssoun.com\/en\/boutique\/parfum\/lotus-indien\/","title":{"rendered":"Indian lotus"},"content":{"rendered":"<p><span style=\"font-size: 14.4px;\">Lotus Indien \u2013 Fra\u00eecheur et Puret\u00e9 de l\u2019\u00c9t\u00e9<\/span><\/p>\n<p>D\u00e9couvrez Lotus Indien, une fragrance qui \u00e9voque les senteurs estivales les plus pures.<br \/>\nInspir\u00e9 par les effluves naturels du lotus et des herbes vertes, ce parfum vous transporte sur un sentier fleuri bord\u00e9 de foug\u00e8res.<\/p>\n<p>Id\u00e9al pour l\u2019\u00e9t\u00e9, il vous accompagne tout au long de la journ\u00e9e avec une fra\u00eecheur d\u00e9licate et une tenue longue dur\u00e9e.<\/p>\n<p>Son sillage est mod\u00e9r\u00e9, et sa texture huileuse sublime la couleur dor\u00e9e du liquide.<\/p>\n<p>Ce parfum, issu d\u2019une distillation authentique en Inde, capture la d\u00e9licatesse des bourgeons de lotus qui \u00e9closent au d\u00e9but du printemps.<\/p>\n<p>Ce n\u2019est pas un parfum sucr\u00e9, mais une essence pure et raffin\u00e9e, tr\u00e8s appr\u00e9ci\u00e9e pour sa simplicit\u00e9 et son authenticit\u00e9.<\/p>\n<p>Et dans le m\u00eame esprit, d\u00e9couvrez le parfum Opium\u00a0<a href=\"https:\/\/kayssoun.com\/en\/boutique\/parfum\/opium\/\">https:\/\/kayssoun.com\/boutique\/parfum\/opium\/<\/a><\/p>\n<p>Visitez notre TikTok, nous y postons de nombreuses photos\u00a0<a href=\"https:\/\/www.tiktok.com\/@kayssoun_parfums?_t=ZN-90T0RMlIE1j&amp;_r=1\">https:\/\/www.tiktok.com\/@kayssoun_parfums?_t=ZN-90T0RMlIE1j&amp;_r=1<\/a><\/p>","protected":false},"excerpt":{"rendered":"<p>Lotus Indien : une fragrance fra\u00eeche et pure, \u00e9voquant les bourgeons de lotus au printemps, id\u00e9ale pour l\u2019\u00e9t\u00e9 avec une tenue longue et une texture dor\u00e9e.<\/p>","protected":false},"featured_media":2439,"comment_status":"open","ping_status":"closed","template":"","meta":[],"product_brand":[],"product_cat":[19],"product_tag":[244,30,49,36,266],"class_list":{"0":"post-1757","1":"product","2":"type-product","3":"status-publish","4":"has-post-thumbnail","6":"product_cat-parfum","7":"product_tag-citron","8":"product_tag-flowery","9":"product_tag-fougere","10":"product_tag-frais","11":"product_tag-lotus","13":"first","14":"instock","15":"sale","16":"featured","17":"shipping-taxable","18":"purchasable","19":"product-type-variable","20":"has-default-attributes"},"aioseo_notices":[],"jetpack_sharing_enabled":true,"_links":{"self":[{"href":"https:\/\/kayssoun.com\/en\/wp-json\/wp\/v2\/product\/1757","targetHints":{"allow":["GET"]}}],"collection":[{"href":"https:\/\/kayssoun.com\/en\/wp-json\/wp\/v2\/product"}],"about":[{"href":"https:\/\/kayssoun.com\/en\/wp-json\/wp\/v2\/types\/product"}],"replies":[{"embeddable":true,"href":"https:\/\/kayssoun.com\/en\/wp-json\/wp\/v2\/comments?post=1757"}],"wp:featuredmedia":[{"embeddable":true,"href":"https:\/\/kayssoun.com\/en\/wp-json\/wp\/v2\/media\/2439"}],"wp:attachment":[{"href":"https:\/\/kayssoun.com\/en\/wp-json\/wp\/v2\/media?parent=1757"}],"wp:term":[{"taxonomy":"product_brand","embeddable":true,"href":"https:\/\/kayssoun.com\/en\/wp-json\/wp\/v2\/product_brand?post=1757"},{"taxonomy":"product_cat","embeddable":true,"href":"https:\/\/kayssoun.com\/en\/wp-json\/wp\/v2\/product_cat?post=1757"},{"taxonomy":"product_tag","embeddable":true,"href":"https:\/\/kayssoun.com\/en\/wp-json\/wp\/v2\/product_tag?post=1757"}],"curies":[{"name":"wp","href":"https:\/\/api.w.org\/{rel}","templated":true}]}}