{"id":1751,"date":"2024-01-08T22:38:51","date_gmt":"2024-01-08T21:38:51","guid":{"rendered":"https:\/\/kayssoun.com\/?post_type=product&#038;p=1751"},"modified":"2025-12-02T00:41:53","modified_gmt":"2025-12-01T23:41:53","slug":"printemps","status":"publish","type":"product","link":"https:\/\/kayssoun.com\/en\/boutique\/parfum\/printemps\/","title":{"rendered":"Spring"},"content":{"rendered":"<p>Printemps est un parfum frais et dynamique, id\u00e9al pour la jeunesse et les journ\u00e9es ensoleill\u00e9es.<\/p>\n<p>Ses notes de t\u00eate m\u00ealent agrumes p\u00e9tillant et des touches de jeunes pousses vertes, offrant une premi\u00e8re impression revigorante.<\/p>\n<p>Le c\u0153ur r\u00e9v\u00e8le des notes florales d\u00e9licates, comme le jasmin et la rose, qui apportent une douceur et une \u00e9l\u00e9gance naturelle.<\/p>\n<p>En fond, des notes l\u00e9g\u00e8res de musc et de bois blanc assurent une tenue longue dur\u00e9e.<\/p>\n<p>Un parfum parfait pour toutes les occasions, notamment pendant les f\u00eates.<\/p>\n<p>Ce parfum est une v\u00e9ritable invitation \u00e0 la l\u00e9g\u00e8ret\u00e9 et \u00e0 la fra\u00eecheur, id\u00e9al pour l\u2019\u00e9t\u00e9 et les moments de convivialit\u00e9.<\/p>\n<p>Le parfum Printemps ce caract\u00e9rise par une texture d\u00e9licatement huileuse, qui r\u00e9v\u00e8le toute la puret\u00e9 et l\u2019authenticit\u00e9 de sa distillation naturelle.<\/p>\n<p>Sa couleur dor\u00e9e claire, presque jaune p\u00e2le, \u00e9voque la lumi\u00e8re douce du matin et apporte une touche d\u2019\u00e9l\u00e9gance subtile.<\/p>\n<p>En alliant cette texture soyeuse \u00e0 une couleur lumineuse, Printemps incarne la fra\u00eecheur et la puret\u00e9 des essences naturelles.<\/p>\n<p><span style=\"font-size: 14.4px;\">Disponible en flacon de 3ml ou 12ml<\/span><\/p>\n<p>D\u00e9couvrez \u00e9galement notre parfum Paradis, parfait pour prolonger cette exp\u00e9rience olfactive\u00a0<a href=\"https:\/\/kayssoun.com\/en\/boutique\/parfum\/paradis\/\">https:\/\/kayssoun.com\/boutique\/parfum\/paradis\/<\/a><\/p>\n<p>&nbsp;<\/p>\n<p>Visitez notre compte TikTok, nous y postons r\u00e9guli\u00e8rement des photos et vid\u00e9os\u00a0<a href=\"https:\/\/www.tiktok.com\/@kayssoun_parfums?_t=ZN-90SWiuVSQZa&amp;_r=1\">https:\/\/www.tiktok.com\/@kayssoun_parfums?_t=ZN-90SWiuVSQZa&amp;_r=1<\/a><\/p>","protected":false},"excerpt":{"rendered":"<p>Printemps un parfum frais et dynamique, aux notes florales et citronn\u00e9es, parfait pour l\u2019\u00e9t\u00e9 et la jeunesse. Il offre une fra\u00eecheur revitalisante.<\/p>","protected":false},"featured_media":2435,"comment_status":"open","ping_status":"closed","template":"","meta":[],"product_brand":[],"product_cat":[19],"product_tag":[244,30,36],"class_list":{"0":"post-1751","1":"product","2":"type-product","3":"status-publish","4":"has-post-thumbnail","6":"product_cat-parfum","7":"product_tag-citron","8":"product_tag-flowery","9":"product_tag-frais","11":"first","12":"instock","13":"sale","14":"featured","15":"shipping-taxable","16":"purchasable","17":"product-type-variable","18":"has-default-attributes"},"aioseo_notices":[],"jetpack_sharing_enabled":true,"_links":{"self":[{"href":"https:\/\/kayssoun.com\/en\/wp-json\/wp\/v2\/product\/1751","targetHints":{"allow":["GET"]}}],"collection":[{"href":"https:\/\/kayssoun.com\/en\/wp-json\/wp\/v2\/product"}],"about":[{"href":"https:\/\/kayssoun.com\/en\/wp-json\/wp\/v2\/types\/product"}],"replies":[{"embeddable":true,"href":"https:\/\/kayssoun.com\/en\/wp-json\/wp\/v2\/comments?post=1751"}],"wp:featuredmedia":[{"embeddable":true,"href":"https:\/\/kayssoun.com\/en\/wp-json\/wp\/v2\/media\/2435"}],"wp:attachment":[{"href":"https:\/\/kayssoun.com\/en\/wp-json\/wp\/v2\/media?parent=1751"}],"wp:term":[{"taxonomy":"product_brand","embeddable":true,"href":"https:\/\/kayssoun.com\/en\/wp-json\/wp\/v2\/product_brand?post=1751"},{"taxonomy":"product_cat","embeddable":true,"href":"https:\/\/kayssoun.com\/en\/wp-json\/wp\/v2\/product_cat?post=1751"},{"taxonomy":"product_tag","embeddable":true,"href":"https:\/\/kayssoun.com\/en\/wp-json\/wp\/v2\/product_tag?post=1751"}],"curies":[{"name":"wp","href":"https:\/\/api.w.org\/{rel}","templated":true}]}}