{"id":1745,"date":"2024-01-08T22:02:28","date_gmt":"2024-01-08T21:02:28","guid":{"rendered":"https:\/\/kayssoun.com\/?post_type=product&#038;p=1745"},"modified":"2026-04-22T12:20:17","modified_gmt":"2026-04-22T10:20:17","slug":"ispahan","status":"publish","type":"product","link":"https:\/\/kayssoun.com\/en\/boutique\/parfum\/ispahan\/","title":{"rendered":"Isfahan"},"content":{"rendered":"<p>D\u00e9couvrez Ispahan, un parfum d\u2019exception n\u00e9 du savoir-faire ancestral des ma\u00eetres parfumeurs indiens.<\/p>\n<p>Ce nectar pr\u00e9cieux, issu d\u2019une distillation traditionnelle, d\u00e9voile un \u00e9quilibre parfait entre douceur, profondeur et sensualit\u00e9.<\/p>\n<p>Ses effluves s\u2019ouvrent sur des notes fra\u00eeches et florales de rose, caress\u00e9es par la chaleur envo\u00fbtante du musc et des bois orientaux.<\/p>\n<p>Peu \u00e0 peu, la fragrance Ispahan r\u00e9v\u00e8le une harmonie subtile o\u00f9 se m\u00ealent la puret\u00e9 des fleurs, la noblesse des essences naturelles et la douceur apaisante des huiles fines.<\/p>\n<p>Ispahan est aim\u00e9 de tous ceux qui croisent son sillage.<\/p>\n<p>Le musc Ispahan s\u00e9duit par son \u00e9quilibre parfait et son caract\u00e8re universel, \u00e0 la fois lumineux et myst\u00e9rieux.<\/p>\n<p>Ainsi il \u00e9voque les march\u00e9s parfum\u00e9s d\u2019Inde, les soir\u00e9es dor\u00e9es des palais, et la gr\u00e2ce intemporelle des traditions olfactives orientales.<\/p>\n<p>Sa texture huileuse glisse sur la peau avec d\u00e9licatesse.<\/p>\n<p>Offrant une tenue longue et un sillage raffin\u00e9, ni trop fort, ni trop discret, juste ce qu\u2019il faut pour sublimer la personnalit\u00e9 de celui ou celle qui le porte.<\/p>\n<p>Disponible en flacon de 3 ml ou 12 ml, id\u00e9al pour d\u00e9couvrir ou emporter partout un concentr\u00e9 d\u2019\u00e9l\u00e9gance et de tradition.<\/p>\n<p>Dans le m\u00eame esprit d\u00e9couvrez le parfum Velvet\u00a0<a href=\"https:\/\/kayssoun.com\/en\/boutique\/parfum\/velvet\/\">https:\/\/kayssoun.com\/boutique\/parfum\/velvet\/<\/a><\/p>\n<p>&nbsp;<\/p>\n<p>Visitez notre TikTok et voyez nos plus belles photos\u00a0<a href=\"https:\/\/www.tiktok.com\/@kayssoun_parfums?_t=ZN-90T0RMlIE1j&amp;_r=1\">https:\/\/www.tiktok.com\/@kayssoun_parfums?_t=ZN-90T0RMlIE1j&amp;_r=1<\/a><\/p>","protected":false},"excerpt":{"rendered":"<p>Un parfum indien raffin\u00e9, issu de la distillation traditionnelle.<\/p>\n<p>Harmonie parfaite entre rose, musc et bois pr\u00e9cieux, au sillage doux et envo\u00fbtant.<\/p>","protected":false},"featured_media":2440,"comment_status":"open","ping_status":"closed","template":"","meta":[],"product_brand":[],"product_cat":[19],"product_tag":[37,244,30,44],"class_list":{"0":"post-1745","1":"product","2":"type-product","3":"status-publish","4":"has-post-thumbnail","6":"product_cat-parfum","7":"product_tag-camphre","8":"product_tag-citron","9":"product_tag-flowery","10":"product_tag-rose","12":"first","13":"instock","14":"sale","15":"featured","16":"shipping-taxable","17":"purchasable","18":"product-type-variable","19":"has-default-attributes"},"aioseo_notices":[],"jetpack_sharing_enabled":true,"_links":{"self":[{"href":"https:\/\/kayssoun.com\/en\/wp-json\/wp\/v2\/product\/1745","targetHints":{"allow":["GET"]}}],"collection":[{"href":"https:\/\/kayssoun.com\/en\/wp-json\/wp\/v2\/product"}],"about":[{"href":"https:\/\/kayssoun.com\/en\/wp-json\/wp\/v2\/types\/product"}],"replies":[{"embeddable":true,"href":"https:\/\/kayssoun.com\/en\/wp-json\/wp\/v2\/comments?post=1745"}],"wp:featuredmedia":[{"embeddable":true,"href":"https:\/\/kayssoun.com\/en\/wp-json\/wp\/v2\/media\/2440"}],"wp:attachment":[{"href":"https:\/\/kayssoun.com\/en\/wp-json\/wp\/v2\/media?parent=1745"}],"wp:term":[{"taxonomy":"product_brand","embeddable":true,"href":"https:\/\/kayssoun.com\/en\/wp-json\/wp\/v2\/product_brand?post=1745"},{"taxonomy":"product_cat","embeddable":true,"href":"https:\/\/kayssoun.com\/en\/wp-json\/wp\/v2\/product_cat?post=1745"},{"taxonomy":"product_tag","embeddable":true,"href":"https:\/\/kayssoun.com\/en\/wp-json\/wp\/v2\/product_tag?post=1745"}],"curies":[{"name":"wp","href":"https:\/\/api.w.org\/{rel}","templated":true}]}}