{"id":1740,"date":"2024-01-08T21:04:43","date_gmt":"2024-01-08T20:04:43","guid":{"rendered":"https:\/\/kayssoun.com\/?post_type=product&#038;p=1740"},"modified":"2026-04-02T14:22:24","modified_gmt":"2026-04-02T12:22:24","slug":"candy","status":"publish","type":"product","link":"https:\/\/kayssoun.com\/en\/boutique\/parfum\/candy\/","title":{"rendered":"Candy"},"content":{"rendered":"<p>Candy, un parfum somptueux aux effluves fruit\u00e9es sur un lit de fleurs.<\/p>\n<p>Ses notes sont surprenantes et harmonieuses, sa note de t\u00eate fleuri et enjoueuse s\u2019estompe lentement et laisse na\u00eetre une note de fond plus ronde, douce et fruit\u00e9e, puis sa note de c\u0153ur laissera la fleurs Allura se diluer harmonieusement dans des effluves douces et exotiques.<\/p>\n<p>Ce parfum indien est tr\u00e8s appr\u00e9ci\u00e9 des jeunes et des mamans.<br \/>\nCe m\u00e9lange harmonieux de notes fleuri et sucr\u00e9e est une vrai r\u00e9ussite , un plaisir olfactif addictif qui nous pousse \u00e0 nous parfumer toute la journ\u00e9e avec, alors que sa tenue est bonne!<br \/>\nLe coup de c\u0153ur de ces 2 derni\u00e8res ann\u00e9es de nos clients passionn\u00e9s et fid\u00e8les.<\/p>\n<p>Sa texture est huileuse \u00e9tant issus de distillation, sa couleurs dor\u00e9e \u00e9voque le printemps et ce moment pr\u00e9cieux de l\u2019\u00e9closion des bourgeons;<\/p>\n<p>Les flacons sont de 3ml ou bien 12ml selon votre choix.<\/p>\n<p>dans l\u2019esprit de Candy nous vous conseillons \u00e9galement le parfum Layya\u00a0<a href=\"https:\/\/kayssoun.com\/en\/boutique\/parfum\/layya\/\">https:\/\/kayssoun.com\/boutique\/parfum\/layya\/<\/a><\/p>\n<p>Nous postons r\u00e9guli\u00e8rement des offres sur tick-tock , profitez en\u00a0<a href=\"https:\/\/www.tiktok.com\/@kayssoun_parfums?_t=ZN-90RE56gfqQF&amp;_r=1\">https:\/\/www.tiktok.com\/@kayssoun_parfums?_t=ZN-90RE56gfqQF&amp;_r=1<\/a><\/p>","protected":false},"excerpt":{"rendered":"<p>Candy est une merveilleuse d\u00e9couverte, son parfum de fleurs d\u2019\u00e9t\u00e9 et de fruits exotiques laisse une excellente impression.<\/p>\n<p>Nous vous le recommandons.<\/p>","protected":false},"featured_media":2442,"comment_status":"open","ping_status":"closed","template":"","meta":[],"product_brand":[],"product_cat":[19],"product_tag":[236,30,36,33],"class_list":{"0":"post-1740","1":"product","2":"type-product","3":"status-publish","4":"has-post-thumbnail","6":"product_cat-parfum","7":"product_tag-caramel","8":"product_tag-flowery","9":"product_tag-frais","10":"product_tag-sucre","12":"first","13":"instock","14":"sale","15":"featured","16":"shipping-taxable","17":"purchasable","18":"product-type-variable","19":"has-default-attributes"},"aioseo_notices":[],"jetpack_sharing_enabled":true,"_links":{"self":[{"href":"https:\/\/kayssoun.com\/en\/wp-json\/wp\/v2\/product\/1740","targetHints":{"allow":["GET"]}}],"collection":[{"href":"https:\/\/kayssoun.com\/en\/wp-json\/wp\/v2\/product"}],"about":[{"href":"https:\/\/kayssoun.com\/en\/wp-json\/wp\/v2\/types\/product"}],"replies":[{"embeddable":true,"href":"https:\/\/kayssoun.com\/en\/wp-json\/wp\/v2\/comments?post=1740"}],"wp:featuredmedia":[{"embeddable":true,"href":"https:\/\/kayssoun.com\/en\/wp-json\/wp\/v2\/media\/2442"}],"wp:attachment":[{"href":"https:\/\/kayssoun.com\/en\/wp-json\/wp\/v2\/media?parent=1740"}],"wp:term":[{"taxonomy":"product_brand","embeddable":true,"href":"https:\/\/kayssoun.com\/en\/wp-json\/wp\/v2\/product_brand?post=1740"},{"taxonomy":"product_cat","embeddable":true,"href":"https:\/\/kayssoun.com\/en\/wp-json\/wp\/v2\/product_cat?post=1740"},{"taxonomy":"product_tag","embeddable":true,"href":"https:\/\/kayssoun.com\/en\/wp-json\/wp\/v2\/product_tag?post=1740"}],"curies":[{"name":"wp","href":"https:\/\/api.w.org\/{rel}","templated":true}]}}