{"id":1730,"date":"2024-01-08T15:05:04","date_gmt":"2024-01-08T14:05:04","guid":{"rendered":"https:\/\/kayssoun.com\/?post_type=product&#038;p=1730"},"modified":"2026-04-19T13:41:42","modified_gmt":"2026-04-19T11:41:42","slug":"tahara-blanc-royal","status":"publish","type":"product","link":"https:\/\/kayssoun.com\/en\/boutique\/parfum\/tahara-blanc-royal\/","title":{"rendered":"Royal White Musk"},"content":{"rendered":"<p>Le musc blanc royal (Tahara) ou l\u2019excellence de la fra\u00eecheurs !<\/p>\n<p><span style=\"font-size: 14.4px;\">D\u00e9couvrez le musc blanc Royal, un parfum d\u2019une puret\u00e9 incomparable.<\/span><\/p>\n<p>Sa texture mielleuse d\u2019un blanc immacul\u00e9, \u00e9voque la neige fra\u00eeche et la d\u00e9licatesse du cristal. Son parfum, incroyablement frais et doux, m\u00eale des notes florales, de rose, de vanille et une subtile touche poudr\u00e9e et camphr\u00e9e.<\/p>\n<p>Le musc blanc royal, v\u00e9ritable r\u00e9f\u00e9rence mondiale, est pl\u00e9biscit\u00e9 pour sa fra\u00eecheur solitaire et son sillage remarquable.<br \/>\nUn parfum unisexe, harmonieux et dynamique, qui \u00e9voque les plaines fleuri, baign\u00e9 de soleil matinal.<\/p>\n<p>Nous vous proposons la qualit\u00e9 la plus haute de ce parfum, disponible en flacon de 3ml ou 12ml selon votre choix.<\/p>\n<p>Laissez vous s\u00e9duire par l\u2019\u00e9l\u00e9gance et la puret\u00e9 du musc blanc Royal, une fragrance naturel qui traverse les \u00e9poques.<\/p>\n<p>This perfume is sold in many countries under the name \u201cTahara\u201d<\/p>\n<p><span style=\"font-size: 14.4px;\">We offer it either in a 3ml bottle or in a small pot containing 6.5ml.<\/span><\/p>\n<p>&nbsp;<\/p>\n<p>Dans le m\u00eame esprit, nous vous conseillons le musc rose musqu\u00e9e\u00a0<a href=\"https:\/\/kayssoun.com\/en\/boutique\/parfum\/rose-musquee\/\">https:\/\/kayssoun.com\/boutique\/parfum\/rose-musquee\/<\/a><\/p>\n<p>&nbsp;<\/p>\n<p>visitez notre compte TikTok\u00a0<a href=\"https:\/\/www.tiktok.com\/@kayssoun_parfums?_t=ZN-90T0RMlIE1j&amp;_r=1\">https:\/\/www.tiktok.com\/@kayssoun_parfums?_t=ZN-90T0RMlIE1j&amp;_r=1<\/a><\/p>","protected":false},"excerpt":{"rendered":"<p>Le musc blanc royal (Tahara) est un parfum frais, de texture mielleuse aux notes poudr\u00e9es. D\u2019une puret\u00e9 incomparable.Un tr\u00e9sor olfactif en flacon. Mixte.<\/p>","protected":false},"featured_media":2443,"comment_status":"open","ping_status":"closed","template":"","meta":[],"product_brand":[],"product_cat":[19],"product_tag":[37,35,30,36,44,33],"class_list":{"0":"post-1730","1":"product","2":"type-product","3":"status-publish","4":"has-post-thumbnail","6":"product_cat-parfum","7":"product_tag-camphre","8":"product_tag-doux","9":"product_tag-flowery","10":"product_tag-frais","11":"product_tag-rose","12":"product_tag-sucre","14":"first","15":"instock","16":"sale","17":"featured","18":"shipping-taxable","19":"purchasable","20":"product-type-variable","21":"has-default-attributes"},"aioseo_notices":[],"jetpack_sharing_enabled":true,"_links":{"self":[{"href":"https:\/\/kayssoun.com\/en\/wp-json\/wp\/v2\/product\/1730","targetHints":{"allow":["GET"]}}],"collection":[{"href":"https:\/\/kayssoun.com\/en\/wp-json\/wp\/v2\/product"}],"about":[{"href":"https:\/\/kayssoun.com\/en\/wp-json\/wp\/v2\/types\/product"}],"replies":[{"embeddable":true,"href":"https:\/\/kayssoun.com\/en\/wp-json\/wp\/v2\/comments?post=1730"}],"wp:featuredmedia":[{"embeddable":true,"href":"https:\/\/kayssoun.com\/en\/wp-json\/wp\/v2\/media\/2443"}],"wp:attachment":[{"href":"https:\/\/kayssoun.com\/en\/wp-json\/wp\/v2\/media?parent=1730"}],"wp:term":[{"taxonomy":"product_brand","embeddable":true,"href":"https:\/\/kayssoun.com\/en\/wp-json\/wp\/v2\/product_brand?post=1730"},{"taxonomy":"product_cat","embeddable":true,"href":"https:\/\/kayssoun.com\/en\/wp-json\/wp\/v2\/product_cat?post=1730"},{"taxonomy":"product_tag","embeddable":true,"href":"https:\/\/kayssoun.com\/en\/wp-json\/wp\/v2\/product_tag?post=1730"}],"curies":[{"name":"wp","href":"https:\/\/api.w.org\/{rel}","templated":true}]}}