{"id":1725,"date":"2024-01-08T14:53:29","date_gmt":"2024-01-08T13:53:29","guid":{"rendered":"https:\/\/kayssoun.com\/?post_type=product&#038;p=1725"},"modified":"2026-04-21T17:55:47","modified_gmt":"2026-04-21T15:55:47","slug":"opium","status":"publish","type":"product","link":"https:\/\/kayssoun.com\/en\/boutique\/parfum\/opium\/","title":{"rendered":"Opium"},"content":{"rendered":"<p>Plongez dans un univers olfactif d\u2019exception avec notre parfum Opium, \u00e9labor\u00e9e en Inde selon un savoir-faire ancestral.<\/p>\n<p>Con\u00e7ue par des ma\u00eetres parfumeurs, cette essence pr\u00e9cieuse capture l\u2019\u00e2me myst\u00e9rieuse et sensuelle de la fleur d\u2019opium, tout en la r\u00e9inventant dans une d\u00e9licate fra\u00eecheur.<\/p>\n<p>Au premier souffle (notes de t\u00eate), laissez-vous envelopper par une ouverture subtilement \u00e9pic\u00e9e : un voile de clou de girofle, de coriandre et de poivre se m\u00eale \u00e0 des touches fruit\u00e9es et lumineuses de mandarine et de prune. Cette entr\u00e9e vibrante pr\u00e9pare l\u2019\u00e2me du parfum avec \u00e9l\u00e9gance.<\/p>\n<p>Puis se d\u00e9ploie le c\u0153ur, o\u00f9 les notes florales s\u2019\u00e9panouissent. Le jasmin, la rose et le lys-de-la-vall\u00e9e s\u2019unissent dans une danse soyeuse, relev\u00e9e par la chaleur d\u2019une pointe de cannelle ou de girofle. C\u2019est le moment o\u00f9 la fragrance atteint sa profondeur sensuelle, \u00e9voquant \u00e0 la fois douceur et \u00e9clat.<\/p>\n<p>Enfin, les notes de fond conf\u00e8rent \u00e0 cette huile sa tenue et sa signature durable. Santal, c\u00e8dre, labdanum et benjoin s\u2019accordent avec des accents ambr\u00e9s, myrrhe et musc pour cr\u00e9er un sillage enveloppant, presque magn\u00e9tique. Ce fond doux-bois\u00e9 assure une tenue prolong\u00e9e, laissant derri\u00e8re elle une trace subtile d\u2019\u00e9l\u00e9gance orientale.<\/p>\n<p>Disponible en flacons de 3ml et 12ml, le parfum Opium est parfaitement adapt\u00e9e \u00e0 une utilisation quotidienne ou plus \u00e9labor\u00e9e.<\/p>\n<p>Elle se porte seule, comme une signature discr\u00e8te, ou en superposition sur d\u2019autres notes pour enrichir un parfum d\u00e9j\u00e0 aim\u00e9.<\/p>\n<p>Chaque goutte de cette essence renferme un m\u00e9lange raffin\u00e9 d\u2019histoire orientale, de ma\u00eetrise artisanale et de s\u00e9duction olfactive.<\/p>\n<p>Offrez-vous ce tr\u00e9sor parfum\u00e9, et laissez-vous transporter vers l\u2019Orient lumineux \u00e0 chaque effluve.<\/p>\n<p>dans le m\u00eame esprit, d\u00e9couvrez Patchouli Mystique\u00a0<a href=\"https:\/\/kayssoun.com\/en\/boutique\/parfum\/patchouli-mystique\/\">https:\/\/kayssoun.com\/boutique\/parfum\/patchouli-mystique\/<\/a><\/p>\n<p>visitez notre m\u00e9dia TikTok\u00a0<a href=\"https:\/\/www.tiktok.com\/@kayssoun_parfums?_t=ZN-90T0RMlIE1j&amp;_r=1\">https:\/\/www.tiktok.com\/@kayssoun_parfums?_t=ZN-90T0RMlIE1j&amp;_r=1<\/a><\/p>","protected":false},"excerpt":{"rendered":"<p>Parfum oriental envo\u00fbtant n\u00e9 du savoir-faire des ma\u00eetres parfumeurs indiens. Opium m\u00eale \u00e9pices chaudes, fleurs sensuelles et bois ambr\u00e9s pour un sillage profond, \u00e9l\u00e9gant et irr\u00e9sistible.<\/p>","protected":false},"featured_media":2445,"comment_status":"open","ping_status":"closed","template":"","meta":[],"product_brand":[],"product_cat":[19],"product_tag":[244,30,49,36],"class_list":{"0":"post-1725","1":"product","2":"type-product","3":"status-publish","4":"has-post-thumbnail","6":"product_cat-parfum","7":"product_tag-citron","8":"product_tag-flowery","9":"product_tag-fougere","10":"product_tag-frais","12":"first","13":"instock","14":"sale","15":"featured","16":"shipping-taxable","17":"purchasable","18":"product-type-variable","19":"has-default-attributes"},"aioseo_notices":[],"jetpack_sharing_enabled":true,"_links":{"self":[{"href":"https:\/\/kayssoun.com\/en\/wp-json\/wp\/v2\/product\/1725","targetHints":{"allow":["GET"]}}],"collection":[{"href":"https:\/\/kayssoun.com\/en\/wp-json\/wp\/v2\/product"}],"about":[{"href":"https:\/\/kayssoun.com\/en\/wp-json\/wp\/v2\/types\/product"}],"replies":[{"embeddable":true,"href":"https:\/\/kayssoun.com\/en\/wp-json\/wp\/v2\/comments?post=1725"}],"wp:featuredmedia":[{"embeddable":true,"href":"https:\/\/kayssoun.com\/en\/wp-json\/wp\/v2\/media\/2445"}],"wp:attachment":[{"href":"https:\/\/kayssoun.com\/en\/wp-json\/wp\/v2\/media?parent=1725"}],"wp:term":[{"taxonomy":"product_brand","embeddable":true,"href":"https:\/\/kayssoun.com\/en\/wp-json\/wp\/v2\/product_brand?post=1725"},{"taxonomy":"product_cat","embeddable":true,"href":"https:\/\/kayssoun.com\/en\/wp-json\/wp\/v2\/product_cat?post=1725"},{"taxonomy":"product_tag","embeddable":true,"href":"https:\/\/kayssoun.com\/en\/wp-json\/wp\/v2\/product_tag?post=1725"}],"curies":[{"name":"wp","href":"https:\/\/api.w.org\/{rel}","templated":true}]}}