{"id":1713,"date":"2024-01-08T14:08:32","date_gmt":"2024-01-08T13:08:32","guid":{"rendered":"https:\/\/kayssoun.com\/?post_type=product&#038;p=1713"},"modified":"2026-03-09T01:45:32","modified_gmt":"2026-03-09T00:45:32","slug":"mekka-royal","status":"publish","type":"product","link":"https:\/\/kayssoun.com\/en\/boutique\/parfum\/mekka-royal\/","title":{"rendered":"Mekka Royal"},"content":{"rendered":"<p>Mekka Royal, un parfum d\u2019inspiration indienne confectionn\u00e9 par un ma\u00eetre parfumeur.<\/p>\n<p>Musc Mekka Royal enchante par ses notes sucr\u00e9es et r\u00e9confortantes qui rappellent la barbe \u00e0 papa.<\/p>\n<p>D\u00e8s les premi\u00e8res effluves, vous serez accueilli par des notes de t\u00eate douces et gourmandes de vanille et de caramel, cr\u00e9ant une ouverture chaleureuse et d\u00e9licatement sucr\u00e9e.<\/p>\n<p>Au c\u0153urs de son parfum, Mekka Royal d\u00e9voile une harmonie o\u00f9 se m\u00ealent des touches florales l\u00e9g\u00e8res, rappelant les jardins d\u2019Orient, tandis que la douceur persistante de ses notes vanill\u00e9es reste pr\u00e9sente, enveloppant les sens dans un cocon r\u00e9confortant.<\/p>\n<p>En note de fond, ce parfum r\u00e9v\u00e8le une base subtilement bois\u00e9e et musqu\u00e9e, assurant une tenue longue \u00e9l\u00e9gante. L\u2019\u00e9quilibre entre sa gourmandise vanill\u00e9e et sa profondeur bois\u00e9e fait de Mekka Royal un parfum absolument irr\u00e9sistible et tr\u00e8s appr\u00e9ci\u00e9.<\/p>\n<p>Disponible en flacons de 3 ml et 12 ml selon votre choix.<\/p>\n<p>Le parfum Mekka Royal \u00e0 une signature olfactive unique qui s\u00e9duira les amateurs de parfums doux et sucr\u00e9s.<br \/>\nLaissez-vous tenter par cette fragrance enjou\u00e9e, et ajoutez une touche de douceur exquise \u00e0 votre collection.<\/p>\n<p>Pour restez dans cet esprit, d\u00e9couvrez le parfum Candy\u00a0<a href=\"https:\/\/kayssoun.com\/en\/boutique\/parfum\/candy\/\">https:\/\/kayssoun.com\/boutique\/parfum\/candy\/<\/a><\/p>\n<p>&nbsp;<\/p>\n<p>Visitez notre m\u00e9dia tiktok\u00a0<a href=\"https:\/\/www.tiktok.com\/@kayssoun_parfums?_t=ZN-90T0RMlIE1j&amp;_r=1\">https:\/\/www.tiktok.com\/@kayssoun_parfums?_t=ZN-90T0RMlIE1j&amp;_r=1<\/a><\/p>","protected":false},"excerpt":{"rendered":"<p>Parfum mondialement connu pour sa douceur. \u00a0Musc sucr\u00e9 aux notes de vanille, caramel et musc.<\/p>\n<p>Mekka Royal s\u00e9duit par son sillage gourmand et raffin\u00e9, rappelant la barbe \u00e0 papa.<\/p>","protected":false},"featured_media":2453,"comment_status":"open","ping_status":"closed","template":"","meta":[],"product_brand":[],"product_cat":[19],"product_tag":[236,264,33,42],"class_list":{"0":"post-1713","1":"product","2":"type-product","3":"status-publish","4":"has-post-thumbnail","6":"product_cat-parfum","7":"product_tag-caramel","8":"product_tag-poudreux","9":"product_tag-sucre","10":"product_tag-vanille","12":"first","13":"instock","14":"sale","15":"featured","16":"shipping-taxable","17":"purchasable","18":"product-type-variable","19":"has-default-attributes"},"aioseo_notices":[],"jetpack_sharing_enabled":true,"_links":{"self":[{"href":"https:\/\/kayssoun.com\/en\/wp-json\/wp\/v2\/product\/1713","targetHints":{"allow":["GET"]}}],"collection":[{"href":"https:\/\/kayssoun.com\/en\/wp-json\/wp\/v2\/product"}],"about":[{"href":"https:\/\/kayssoun.com\/en\/wp-json\/wp\/v2\/types\/product"}],"replies":[{"embeddable":true,"href":"https:\/\/kayssoun.com\/en\/wp-json\/wp\/v2\/comments?post=1713"}],"wp:featuredmedia":[{"embeddable":true,"href":"https:\/\/kayssoun.com\/en\/wp-json\/wp\/v2\/media\/2453"}],"wp:attachment":[{"href":"https:\/\/kayssoun.com\/en\/wp-json\/wp\/v2\/media?parent=1713"}],"wp:term":[{"taxonomy":"product_brand","embeddable":true,"href":"https:\/\/kayssoun.com\/en\/wp-json\/wp\/v2\/product_brand?post=1713"},{"taxonomy":"product_cat","embeddable":true,"href":"https:\/\/kayssoun.com\/en\/wp-json\/wp\/v2\/product_cat?post=1713"},{"taxonomy":"product_tag","embeddable":true,"href":"https:\/\/kayssoun.com\/en\/wp-json\/wp\/v2\/product_tag?post=1713"}],"curies":[{"name":"wp","href":"https:\/\/api.w.org\/{rel}","templated":true}]}}