{"id":1695,"date":"2024-01-06T04:15:43","date_gmt":"2024-01-06T03:15:43","guid":{"rendered":"https:\/\/kayssoun.com\/?post_type=product&#038;p=1695"},"modified":"2025-10-19T21:19:30","modified_gmt":"2025-10-19T19:19:30","slug":"musk-kashmir","status":"publish","type":"product","link":"https:\/\/kayssoun.com\/en\/boutique\/parfum\/musk-kashmir\/","title":{"rendered":"Musk from Kashmir"},"content":{"rendered":"<p>Musk du Kashmir est un parfum raffin\u00e9, des effluves chaudes de musc aux notes d&#8217;encens r\u00e9sineux s&#8217;entrem\u00ealant avec harmonie et d\u00e9licatesse.<\/p>\n<p>A lively texture reacting to ambient temperatures, pasty in winter and oily in summer.<\/p>\n<p>A blood red, dark burgundy, brownish color;<\/p>\n<p>0.2ml bottle<\/p>","protected":false},"excerpt":{"rendered":"<p>Musk du Kashmir est une \u00a0fragrance unique et tr\u00e8s pris\u00e9e des connaisseurs!<\/p>\n<p>Le musk du Kashmir est tr\u00e8s rare.<\/p>","protected":false},"featured_media":2540,"comment_status":"open","ping_status":"closed","template":"","meta":[],"product_brand":[],"product_cat":[19],"product_tag":[246,35,241,263],"class_list":{"0":"post-1695","1":"product","2":"type-product","3":"status-publish","4":"has-post-thumbnail","6":"product_cat-parfum","7":"product_tag-chaud","8":"product_tag-doux","9":"product_tag-encens","10":"product_tag-muske","12":"first","13":"instock","14":"featured","15":"shipping-taxable","16":"purchasable","17":"product-type-variable","18":"has-default-attributes"},"aioseo_notices":[],"jetpack_sharing_enabled":true,"_links":{"self":[{"href":"https:\/\/kayssoun.com\/en\/wp-json\/wp\/v2\/product\/1695","targetHints":{"allow":["GET"]}}],"collection":[{"href":"https:\/\/kayssoun.com\/en\/wp-json\/wp\/v2\/product"}],"about":[{"href":"https:\/\/kayssoun.com\/en\/wp-json\/wp\/v2\/types\/product"}],"replies":[{"embeddable":true,"href":"https:\/\/kayssoun.com\/en\/wp-json\/wp\/v2\/comments?post=1695"}],"wp:featuredmedia":[{"embeddable":true,"href":"https:\/\/kayssoun.com\/en\/wp-json\/wp\/v2\/media\/2540"}],"wp:attachment":[{"href":"https:\/\/kayssoun.com\/en\/wp-json\/wp\/v2\/media?parent=1695"}],"wp:term":[{"taxonomy":"product_brand","embeddable":true,"href":"https:\/\/kayssoun.com\/en\/wp-json\/wp\/v2\/product_brand?post=1695"},{"taxonomy":"product_cat","embeddable":true,"href":"https:\/\/kayssoun.com\/en\/wp-json\/wp\/v2\/product_cat?post=1695"},{"taxonomy":"product_tag","embeddable":true,"href":"https:\/\/kayssoun.com\/en\/wp-json\/wp\/v2\/product_tag?post=1695"}],"curies":[{"name":"wp","href":"https:\/\/api.w.org\/{rel}","templated":true}]}}