{"id":1632,"date":"2023-11-06T17:23:02","date_gmt":"2023-11-06T16:23:02","guid":{"rendered":"https:\/\/kayssoun.com\/?post_type=product&#038;p=1632"},"modified":"2026-02-16T21:52:39","modified_gmt":"2026-02-16T20:52:39","slug":"interdit","status":"publish","type":"product","link":"https:\/\/kayssoun.com\/en\/boutique\/parfum\/interdit\/","title":{"rendered":"Forbidden"},"content":{"rendered":"<p>Plongez dans le myst\u00e8re envo\u00fbtant du parfum Interdit.<\/p>\n<p>Un \u00e9lixir inspir\u00e9 des traditions de Lucknow, en Inde.<br \/>\nCe parfum somptueux marie avec gr\u00e2ce les senteurs orientales et les effluves feutr\u00e9s d\u2019encens pour une exp\u00e9rience olfactive \u00e0 la fois raffin\u00e9e et envo\u00fbtante.<\/p>\n<p>En note de t\u00eate, une touche d\u2019agrume fra\u00eeche et p\u00e9tillante \u00e9veille les sens.<\/p>\n<p>Au c\u0153ur, le bois de santal et le camphre se d\u00e9ploient dans une harmonie apaisante, enveloppant la peau d\u2019une douceur mystique.<\/p>\n<p>En fond, l\u2019ambre et les notes r\u00e9sineuses laissent un sillage profond et d\u00e9licat, empreint d\u2019\u00e9l\u00e9gance et de s\u00e9r\u00e9nit\u00e9.<\/p>\n<p>Sa texture l\u00e9g\u00e8rement huileuse caresse la peau et prolonge la tenue tout au long de la journ\u00e9e.<\/p>\n<p>Son sillage est moyen et somptueux;<\/p>\n<p>Disponible en flacons de 3 ml et 12 ml, Interdit s\u2019emporte facilement et accompagne chaque instant avec distinction.<\/p>\n<p>Dans l\u2019esprit de d\u00e9couverte de senteurs nouvelles, essayez le parfum Velvet\u00a0<a href=\"https:\/\/kayssoun.com\/en\/boutique\/parfum\/velvet\/\">https:\/\/kayssoun.com\/boutique\/parfum\/velvet\/<\/a><\/p>\n<p>&nbsp;<\/p>\n<p>Visitez notre m\u00e9dia TikTok\u00a0<a href=\"https:\/\/www.tiktok.com\/@kayssoun_parfums?_t=ZN-90T0RMlIE1j&amp;_r=1\">https:\/\/www.tiktok.com\/@kayssoun_parfums?_t=ZN-90T0RMlIE1j&amp;_r=1<\/a><\/p>","protected":false},"excerpt":{"rendered":"<p>Interdit, un parfum myst\u00e9rieux et raffin\u00e9 m\u00ealant agrumes, santal et ambre. Une essence oriental envo\u00fbtante inspir\u00e9e des traditions de Lucknow.<\/p>","protected":false},"featured_media":2497,"comment_status":"open","ping_status":"closed","template":"","meta":[],"product_brand":[],"product_cat":[19],"product_tag":[255,37,241,262],"class_list":{"0":"post-1632","1":"product","2":"type-product","3":"status-publish","4":"has-post-thumbnail","6":"product_cat-parfum","7":"product_tag-agrumes","8":"product_tag-camphre","9":"product_tag-encens","10":"product_tag-suave","12":"first","13":"instock","14":"sale","15":"featured","16":"shipping-taxable","17":"purchasable","18":"product-type-variable","19":"has-default-attributes"},"aioseo_notices":[],"jetpack_sharing_enabled":true,"_links":{"self":[{"href":"https:\/\/kayssoun.com\/en\/wp-json\/wp\/v2\/product\/1632","targetHints":{"allow":["GET"]}}],"collection":[{"href":"https:\/\/kayssoun.com\/en\/wp-json\/wp\/v2\/product"}],"about":[{"href":"https:\/\/kayssoun.com\/en\/wp-json\/wp\/v2\/types\/product"}],"replies":[{"embeddable":true,"href":"https:\/\/kayssoun.com\/en\/wp-json\/wp\/v2\/comments?post=1632"}],"wp:featuredmedia":[{"embeddable":true,"href":"https:\/\/kayssoun.com\/en\/wp-json\/wp\/v2\/media\/2497"}],"wp:attachment":[{"href":"https:\/\/kayssoun.com\/en\/wp-json\/wp\/v2\/media?parent=1632"}],"wp:term":[{"taxonomy":"product_brand","embeddable":true,"href":"https:\/\/kayssoun.com\/en\/wp-json\/wp\/v2\/product_brand?post=1632"},{"taxonomy":"product_cat","embeddable":true,"href":"https:\/\/kayssoun.com\/en\/wp-json\/wp\/v2\/product_cat?post=1632"},{"taxonomy":"product_tag","embeddable":true,"href":"https:\/\/kayssoun.com\/en\/wp-json\/wp\/v2\/product_tag?post=1632"}],"curies":[{"name":"wp","href":"https:\/\/api.w.org\/{rel}","templated":true}]}}