{"id":1626,"date":"2023-11-06T17:01:14","date_gmt":"2023-11-06T16:01:14","guid":{"rendered":"https:\/\/kayssoun.com\/?post_type=product&#038;p=1626"},"modified":"2025-11-27T19:36:46","modified_gmt":"2025-11-27T18:36:46","slug":"fresh","status":"publish","type":"product","link":"https:\/\/kayssoun.com\/en\/boutique\/parfum\/fresh\/","title":{"rendered":"Fresh"},"content":{"rendered":"<p>Fresh est un concentr\u00e9 de fra\u00eecheur! Incontournable \u00e0 Madrasse dans le sud indien.<\/p>\n<p>Scents of spruce, clementine, lemon\u2026.<\/p>\n<p>The salty smell of a sea wind.<\/p>\n<p>Son sillage est moyen et sa tenue longue.<\/p>\n<p>Disponible en flacon de 3ml et 12ml selon votre choix.<\/p>\n<p>Dans la m\u00eame ambiance fra\u00eeche, d\u00e9couvrez le parfum Diams\u00a0<a href=\"https:\/\/kayssoun.com\/en\/boutique\/parfum\/diams\/\">https:\/\/kayssoun.com\/boutique\/parfum\/diams\/<\/a><\/p>\n<p>Visitez notre TikTok\u00a0<a href=\"https:\/\/www.tiktok.com\/@kayssoun_parfums?_t=ZN-90T0RMlIE1j&amp;_r=1\">https:\/\/www.tiktok.com\/@kayssoun_parfums?_t=ZN-90T0RMlIE1j&amp;_r=1<\/a><\/p>","protected":false},"excerpt":{"rendered":"<p>Fresh est un parfum d&#8217;une fra\u00eecheur tonique. Id\u00e9al en \u00e9t\u00e9.<\/p>","protected":false},"featured_media":2534,"comment_status":"open","ping_status":"closed","template":"","meta":[],"product_brand":[],"product_cat":[19],"product_tag":[244,258,259,36,261,260],"class_list":{"0":"post-1626","1":"product","2":"type-product","3":"status-publish","4":"has-post-thumbnail","6":"product_cat-parfum","7":"product_tag-citron","8":"product_tag-clementine","9":"product_tag-epicea","10":"product_tag-frais","11":"product_tag-iode","12":"product_tag-pin","14":"first","15":"instock","16":"sale","17":"shipping-taxable","18":"purchasable","19":"product-type-variable","20":"has-default-attributes"},"aioseo_notices":[],"jetpack_sharing_enabled":true,"_links":{"self":[{"href":"https:\/\/kayssoun.com\/en\/wp-json\/wp\/v2\/product\/1626","targetHints":{"allow":["GET"]}}],"collection":[{"href":"https:\/\/kayssoun.com\/en\/wp-json\/wp\/v2\/product"}],"about":[{"href":"https:\/\/kayssoun.com\/en\/wp-json\/wp\/v2\/types\/product"}],"replies":[{"embeddable":true,"href":"https:\/\/kayssoun.com\/en\/wp-json\/wp\/v2\/comments?post=1626"}],"wp:featuredmedia":[{"embeddable":true,"href":"https:\/\/kayssoun.com\/en\/wp-json\/wp\/v2\/media\/2534"}],"wp:attachment":[{"href":"https:\/\/kayssoun.com\/en\/wp-json\/wp\/v2\/media?parent=1626"}],"wp:term":[{"taxonomy":"product_brand","embeddable":true,"href":"https:\/\/kayssoun.com\/en\/wp-json\/wp\/v2\/product_brand?post=1626"},{"taxonomy":"product_cat","embeddable":true,"href":"https:\/\/kayssoun.com\/en\/wp-json\/wp\/v2\/product_cat?post=1626"},{"taxonomy":"product_tag","embeddable":true,"href":"https:\/\/kayssoun.com\/en\/wp-json\/wp\/v2\/product_tag?post=1626"}],"curies":[{"name":"wp","href":"https:\/\/api.w.org\/{rel}","templated":true}]}}